{"id":5497,"date":"2023-05-22T08:31:47","date_gmt":"2023-05-22T08:31:47","guid":{"rendered":"https:\/\/www.stepharmaceuticals.com\/?post_type=product&#038;p=5497"},"modified":"2025-02-28T09:43:16","modified_gmt":"2025-02-28T09:43:16","slug":"laxative-solucion-oral-2","status":"publish","type":"product","link":"https:\/\/www.stepharmaceuticals.com\/es\/producto\/laxative-solucion-oral-2\/","title":{"rendered":"LAXATIVE SOLUCI\u00d3N ORAL"},"content":{"rendered":"<p><strong>Para mejorar el tr\u00e1nsito intestinal y est\u00e1 indicado para el estre\u00f1imiento. El consumo de fibra ayuda a favorecer el tr\u00e1nsito intestinal y mejora el estre\u00f1imiento leve y moderado. La ciruela facilita el tr\u00e1nsito intestinal, gracias a su alto contenido en fibra y sorbitol. El kiwi mejora la digesti\u00f3n y el estre\u00f1imiento gracias a su contenido en actinidina, enzima digestiva natural que mejora y facilita la digesti\u00f3n de las prote\u00ednas.<\/strong><\/p>\n<p><span class=\"HwtZe\" lang=\"es\"><span class=\"jCAhz ChMk0b\"><span class=\"ryNqvb\">Contiene fibra soluble, kiwi y ciruela.<\/span><\/span><\/span><\/p>\n<p><span class=\"HwtZe\" lang=\"es\"> <span class=\"jCAhz ChMk0b\"><span class=\"ryNqvb\">Soluci\u00f3n oral de 182 g (aproximadamente 140 ml) en frasco de vidrio<\/span><\/span> <\/span><\/p>\n<p><span class=\"HwtZe\" lang=\"es\"><span class=\"jCAhz ChMk0b\"><span class=\"ryNqvb\">+3 a\u00f1os.<\/span><\/span> <\/span><\/p>\n<p>Duraci\u00f3n: 3 a\u00f1os.<\/p>\n<p><strong><span class=\"HwtZe\" lang=\"es\"><span class=\"jCAhz ChMk0b\"><span class=\"ryNqvb\">COMPLEMENTO ALIMENTICIO<\/span><\/span><\/span><\/strong><\/p>\n","protected":false},"excerpt":{"rendered":"<p>Para mejorar el tr\u00e1nsito intestinal y est\u00e1 indicado para el estre\u00f1imiento. El consumo de fibra ayuda a favorecer el tr\u00e1nsito intestinal y mejora el estre\u00f1imiento leve y moderado. La ciruela facilita el tr\u00e1nsito intestinal, gracias a su alto contenido en fibra y sorbitol. El kiwi mejora la digesti\u00f3n y el estre\u00f1imiento gracias a su contenido [&hellip;]<\/p>\n","protected":false},"featured_media":5491,"comment_status":"open","ping_status":"closed","template":"","meta":{"_et_pb_use_builder":"","_et_pb_old_content":"","_et_gb_content_width":""},"product_brand":[],"product_cat":[604,605,606,587,588,749,601,750,630,611,590,598,591,593],"product_tag":[393,394,401,395,399,396,397],"class_list":{"0":"post-5497","1":"product","2":"type-product","3":"status-publish","4":"has-post-thumbnail","6":"product_cat-12-years-es","7":"product_cat-14-years-es","8":"product_cat-18-years-es","9":"product_cat-100-natural-es","10":"product_cat-100-vegano","11":"product_cat-ciruela","12":"product_cat-sutiable-for-pregnants-es","13":"product_cat-fibra","14":"product_cat-gastrointestinal-es","15":"product_cat-syrup-es","16":"product_cat-alcohol-free-es","17":"product_cat-preservative-free-es","18":"product_cat-gluten-free-es","19":"product_cat-lactose-free-es","20":"product_tag-100-natural-es","21":"product_tag-100-vegano-es-2","22":"product_tag-embarazo-es-2","23":"product_tag-sin-alcohol-es-2","24":"product_tag-sin-conservantes-es-2","25":"product_tag-sin-gluten-es-2","26":"product_tag-sin-lactosa-es-2","28":"first","29":"instock","30":"shipping-taxable","31":"product-type-simple"},"_links":{"self":[{"href":"https:\/\/www.stepharmaceuticals.com\/es\/wp-json\/wp\/v2\/product\/5497","targetHints":{"allow":["GET"]}}],"collection":[{"href":"https:\/\/www.stepharmaceuticals.com\/es\/wp-json\/wp\/v2\/product"}],"about":[{"href":"https:\/\/www.stepharmaceuticals.com\/es\/wp-json\/wp\/v2\/types\/product"}],"replies":[{"embeddable":true,"href":"https:\/\/www.stepharmaceuticals.com\/es\/wp-json\/wp\/v2\/comments?post=5497"}],"wp:featuredmedia":[{"embeddable":true,"href":"https:\/\/www.stepharmaceuticals.com\/es\/wp-json\/wp\/v2\/media\/5491"}],"wp:attachment":[{"href":"https:\/\/www.stepharmaceuticals.com\/es\/wp-json\/wp\/v2\/media?parent=5497"}],"wp:term":[{"taxonomy":"product_brand","embeddable":true,"href":"https:\/\/www.stepharmaceuticals.com\/es\/wp-json\/wp\/v2\/product_brand?post=5497"},{"taxonomy":"product_cat","embeddable":true,"href":"https:\/\/www.stepharmaceuticals.com\/es\/wp-json\/wp\/v2\/product_cat?post=5497"},{"taxonomy":"product_tag","embeddable":true,"href":"https:\/\/www.stepharmaceuticals.com\/es\/wp-json\/wp\/v2\/product_tag?post=5497"}],"curies":[{"name":"wp","href":"https:\/\/api.w.org\/{rel}","templated":true}]}}