{"id":5494,"date":"2023-05-22T09:01:29","date_gmt":"2023-05-22T09:01:29","guid":{"rendered":"https:\/\/www.stepharmaceuticals.com\/?post_type=product&#038;p=5494"},"modified":"2025-02-28T09:43:46","modified_gmt":"2025-02-28T09:43:46","slug":"laxative-sobres-2","status":"publish","type":"product","link":"https:\/\/www.stepharmaceuticals.com\/es\/producto\/laxative-sobres-2\/","title":{"rendered":"LAXATIVE SOBRES"},"content":{"rendered":"<p><strong>Para mejorar el tr\u00e1nsito intestinal y est\u00e1 indicado para el estre\u00f1imiento. El consumo de fibra ayuda a favorecer el tr\u00e1nsito intestinal y mejora el estre\u00f1imiento leve y moderado. La ciruela facilita el tr\u00e1nsito intestinal, gracias a su alto contenido en fibra y sorbitol. El kiwi mejora la digesti\u00f3n y el estre\u00f1imiento gracias a su contenido en actinidina, enzima digestiva natural que mejora y facilita la digesti\u00f3n de las prote\u00ednas.<\/strong><\/p>\n<p><span class=\"HwtZe\" lang=\"es\"><span class=\"jCAhz ChMk0b\"><span class=\"ryNqvb\">Contiene fibra soluble, kiwi y ciruela.<\/span><\/span><\/span><\/p>\n<p><span class=\"HwtZe\" lang=\"es\"> <span class=\"jCAhz ChMk0b\"><span class=\"ryNqvb\">15 sobres de 9 g. Polvo para soluci\u00f3n oral.<\/span><\/span> <\/span><\/p>\n<p><span class=\"HwtZe\" lang=\"es\"><span class=\"jCAhz ChMk0b\"><span class=\"ryNqvb\">+3 a\u00f1os<\/span><\/span> <\/span><\/p>\n<p>Duraci\u00f3n: 3 a\u00f1os.<\/p>\n<p><strong><span class=\"HwtZe\" lang=\"es\"><span class=\"jCAhz ChMk0b\"><span class=\"ryNqvb\">COMPLEMENTO ALIMENTICIO<\/span><\/span><\/span><\/strong><\/p>\n","protected":false},"excerpt":{"rendered":"<p>Para mejorar el tr\u00e1nsito intestinal y est\u00e1 indicado para el estre\u00f1imiento. El consumo de fibra ayuda a favorecer el tr\u00e1nsito intestinal y mejora el estre\u00f1imiento leve y moderado. La ciruela facilita el tr\u00e1nsito intestinal, gracias a su alto contenido en fibra y sorbitol. El kiwi mejora la digesti\u00f3n y el estre\u00f1imiento gracias a su contenido [&hellip;]<\/p>\n","protected":false},"featured_media":5489,"comment_status":"open","ping_status":"closed","template":"","meta":{"_et_pb_use_builder":"","_et_pb_old_content":"","_et_gb_content_width":""},"product_brand":[],"product_cat":[604,605,606,587,588,601,750,630,590,598,591,593,752],"product_tag":[393,394,401,395,399,396,397],"class_list":{"0":"post-5494","1":"product","2":"type-product","3":"status-publish","4":"has-post-thumbnail","6":"product_cat-12-years-es","7":"product_cat-14-years-es","8":"product_cat-18-years-es","9":"product_cat-100-natural-es","10":"product_cat-100-vegano","11":"product_cat-sutiable-for-pregnants-es","12":"product_cat-fibra","13":"product_cat-gastrointestinal-es","14":"product_cat-alcohol-free-es","15":"product_cat-preservative-free-es","16":"product_cat-gluten-free-es","17":"product_cat-lactose-free-es","18":"product_cat-sobres","19":"product_tag-100-natural-es","20":"product_tag-100-vegano-es-2","21":"product_tag-embarazo-es-2","22":"product_tag-sin-alcohol-es-2","23":"product_tag-sin-conservantes-es-2","24":"product_tag-sin-gluten-es-2","25":"product_tag-sin-lactosa-es-2","27":"first","28":"instock","29":"shipping-taxable","30":"product-type-simple"},"_links":{"self":[{"href":"https:\/\/www.stepharmaceuticals.com\/es\/wp-json\/wp\/v2\/product\/5494","targetHints":{"allow":["GET"]}}],"collection":[{"href":"https:\/\/www.stepharmaceuticals.com\/es\/wp-json\/wp\/v2\/product"}],"about":[{"href":"https:\/\/www.stepharmaceuticals.com\/es\/wp-json\/wp\/v2\/types\/product"}],"replies":[{"embeddable":true,"href":"https:\/\/www.stepharmaceuticals.com\/es\/wp-json\/wp\/v2\/comments?post=5494"}],"wp:featuredmedia":[{"embeddable":true,"href":"https:\/\/www.stepharmaceuticals.com\/es\/wp-json\/wp\/v2\/media\/5489"}],"wp:attachment":[{"href":"https:\/\/www.stepharmaceuticals.com\/es\/wp-json\/wp\/v2\/media?parent=5494"}],"wp:term":[{"taxonomy":"product_brand","embeddable":true,"href":"https:\/\/www.stepharmaceuticals.com\/es\/wp-json\/wp\/v2\/product_brand?post=5494"},{"taxonomy":"product_cat","embeddable":true,"href":"https:\/\/www.stepharmaceuticals.com\/es\/wp-json\/wp\/v2\/product_cat?post=5494"},{"taxonomy":"product_tag","embeddable":true,"href":"https:\/\/www.stepharmaceuticals.com\/es\/wp-json\/wp\/v2\/product_tag?post=5494"}],"curies":[{"name":"wp","href":"https:\/\/api.w.org\/{rel}","templated":true}]}}