{"id":5462,"date":"2025-02-05T11:57:29","date_gmt":"2025-02-05T11:57:29","guid":{"rendered":"https:\/\/www.stepharmaceuticals.com\/?post_type=product&#038;p=5462"},"modified":"2025-02-05T14:19:44","modified_gmt":"2025-02-05T14:19:44","slug":"cough-syrup-hedera-helix","status":"publish","type":"product","link":"https:\/\/www.stepharmaceuticals.com\/es\/producto\/cough-syrup-hedera-helix\/","title":{"rendered":"COUGH SYRUP HEDERA HELIX"},"content":{"rendered":"<p><strong>Calma la tos seca y productiva. Suaviza y protege la mucosa irritada, formando una barrera protectora en la garganta gracias a la acci\u00f3n de los polisac\u00e1ridos de la goma xantana y la goma ar\u00e1biga. Esta barrera se ve reforzada por la acci\u00f3n de los muc\u00edlagos de <em>Hedera helix<\/em>, malvavisco y <em>Plantago lanceolata<\/em>. Hidrata y reduce la viscosidad del moco para favorecer su expulsi\u00f3n gracias a su contenido en miel y az\u00facar.<\/strong><\/p>\n<p>Az\u00facar de ca\u00f1a, malvavisco (extracto seco de <em>Althaea officinalis<\/em>), extracto seco de <em>Plantago lanceolata<\/em>, hoja de hiedra (extracto seco de <em>Hedera helix<\/em>), goma ar\u00e1biga, goma xantana, aceite esencial de <em>Eucalyptus radiata<\/em> y lim\u00f3n y miel.<\/p>\n<p style=\"padding-left: 40px;\">Botella: Jarabe de 182 g (aproximadamente 140 ml) en botella PET o de vidrio o 156 g (aproximadamente 120 ml) en botella de vidrio.<\/p>\n<p style=\"padding-left: 40px;\">Stick pack: Jarabe de 182 g (aproximadamente 140 ml) en <strong>stick (14 sticks\/10 ml) (NUEVO).<\/strong><\/p>\n<p>+12 a\u00f1os.<\/p>\n<p>Duraci\u00f3n: 30 meses.<\/p>\n<p><strong>PRODUCTO SANITARIO CLASE IIa<\/strong><\/p>\n<p><strong>Producto con certificaci\u00f3n MDR<\/strong>. Si quieres saber m\u00e1s informaci\u00f3n, puedes hacer <strong><a href=\"..\/blog\/2022\/06\/19\/pharmalink-obtains-the-eu-mdr-certificate\/\">click aqu\u00ed.<\/a><\/strong><\/p>\n","protected":false},"excerpt":{"rendered":"<p>Calma la tos seca y productiva. Suaviza y protege la mucosa irritada, formando una barrera protectora en la garganta gracias a la acci\u00f3n de los polisac\u00e1ridos de la goma xantana y la goma ar\u00e1biga. Esta barrera se ve reforzada por la acci\u00f3n de los muc\u00edlagos de Hedera helix, malvavisco y Plantago lanceolata. Hidrata y reduce [&hellip;]<\/p>\n","protected":false},"featured_media":5199,"comment_status":"open","ping_status":"closed","template":"","meta":{"_et_pb_use_builder":"","_et_pb_old_content":"","_et_gb_content_width":""},"product_brand":[],"product_cat":[604,605,606,618,617,620,958,613,610,609,590,591,593,608],"product_tag":[395,396,959],"class_list":{"0":"post-5462","1":"product","2":"type-product","3":"status-publish","4":"has-post-thumbnail","6":"product_cat-12-years-es","7":"product_cat-14-years-es","8":"product_cat-18-years-es","9":"product_cat-cane-sugar-es","10":"product_cat-arabic-gum-es","11":"product_cat-xanthan-gum-es","12":"product_cat-hedera-helix","13":"product_cat-lemon-es","14":"product_cat-marshmallow-es","15":"product_cat-honey-es","16":"product_cat-alcohol-free-es","17":"product_cat-gluten-free-es","18":"product_cat-lactose-free-es","19":"product_cat-cough-es","20":"product_tag-sin-alcohol-es-2","21":"product_tag-sin-gluten-es-2","22":"product_tag-sin-latosa","24":"first","25":"instock","26":"shipping-taxable","27":"product-type-simple"},"_links":{"self":[{"href":"https:\/\/www.stepharmaceuticals.com\/es\/wp-json\/wp\/v2\/product\/5462","targetHints":{"allow":["GET"]}}],"collection":[{"href":"https:\/\/www.stepharmaceuticals.com\/es\/wp-json\/wp\/v2\/product"}],"about":[{"href":"https:\/\/www.stepharmaceuticals.com\/es\/wp-json\/wp\/v2\/types\/product"}],"replies":[{"embeddable":true,"href":"https:\/\/www.stepharmaceuticals.com\/es\/wp-json\/wp\/v2\/comments?post=5462"}],"wp:featuredmedia":[{"embeddable":true,"href":"https:\/\/www.stepharmaceuticals.com\/es\/wp-json\/wp\/v2\/media\/5199"}],"wp:attachment":[{"href":"https:\/\/www.stepharmaceuticals.com\/es\/wp-json\/wp\/v2\/media?parent=5462"}],"wp:term":[{"taxonomy":"product_brand","embeddable":true,"href":"https:\/\/www.stepharmaceuticals.com\/es\/wp-json\/wp\/v2\/product_brand?post=5462"},{"taxonomy":"product_cat","embeddable":true,"href":"https:\/\/www.stepharmaceuticals.com\/es\/wp-json\/wp\/v2\/product_cat?post=5462"},{"taxonomy":"product_tag","embeddable":true,"href":"https:\/\/www.stepharmaceuticals.com\/es\/wp-json\/wp\/v2\/product_tag?post=5462"}],"curies":[{"name":"wp","href":"https:\/\/api.w.org\/{rel}","templated":true}]}}