{"id":5458,"date":"2025-02-04T11:14:46","date_gmt":"2025-02-04T11:14:46","guid":{"rendered":"https:\/\/www.stepharmaceuticals.com\/?post_type=product&#038;p=5458"},"modified":"2025-02-04T11:18:18","modified_gmt":"2025-02-04T11:18:18","slug":"tri-layer","status":"publish","type":"product","link":"https:\/\/www.stepharmaceuticals.com\/es\/producto\/tri-layer\/","title":{"rendered":"TRI-LAYER SUE\u00d1O"},"content":{"rendered":"<p><strong>Para un descanso completo y satisfactorio. La melatonina contribuye a reducir el tiempo necesario para conciliar el sue\u00f1o, el efecto se obtiene consumiendo 1 mg de melatonina cerca de la hora de acostarse.<\/strong><\/p>\n<p>Melatonina (1,95 mg), Vitamina B6 (1,4 mg), B\u00e1lsamo de lim\u00f3n (extracto de <em>Melissa officinalis<\/em>, 80 mg) y L-tript\u00f3fano (80 mg).<\/p>\n<p>Caja con 30 comprimidos<\/p>\n<p>+ 12 a\u00f1os.<\/p>\n<p>Caducidad: 2 a\u00f1os.<\/p>\n<p><strong>COMPLEMENTO ALIMENTICIO<\/strong><\/p>\n","protected":false},"excerpt":{"rendered":"<p>Para un descanso completo y satisfactorio. La melatonina contribuye a reducir el tiempo necesario para conciliar el sue\u00f1o, el efecto se obtiene consumiendo 1 mg de melatonina cerca de la hora de acostarse. Melatonina (1,95 mg), Vitamina B6 (1,4 mg), B\u00e1lsamo de lim\u00f3n (extracto de Melissa officinalis, 80 mg) y L-tript\u00f3fano (80 mg). Caja con [&hellip;]<\/p>\n","protected":false},"featured_media":5443,"comment_status":"open","ping_status":"closed","template":"","meta":{"_et_pb_use_builder":"","_et_pb_old_content":"","_et_gb_content_width":""},"product_brand":[],"product_cat":[604,605,606,678,591,593,668],"product_tag":[396,397],"class_list":{"0":"post-5458","1":"product","2":"type-product","3":"status-publish","4":"has-post-thumbnail","6":"product_cat-12-years-es","7":"product_cat-14-years-es","8":"product_cat-18-years-es","9":"product_cat-melatonin-es","10":"product_cat-gluten-free-es","11":"product_cat-lactose-free-es","12":"product_cat-vitamin-b6-es","13":"product_tag-sin-gluten-es-2","14":"product_tag-sin-lactosa-es-2","16":"first","17":"instock","18":"shipping-taxable","19":"product-type-simple"},"_links":{"self":[{"href":"https:\/\/www.stepharmaceuticals.com\/es\/wp-json\/wp\/v2\/product\/5458","targetHints":{"allow":["GET"]}}],"collection":[{"href":"https:\/\/www.stepharmaceuticals.com\/es\/wp-json\/wp\/v2\/product"}],"about":[{"href":"https:\/\/www.stepharmaceuticals.com\/es\/wp-json\/wp\/v2\/types\/product"}],"replies":[{"embeddable":true,"href":"https:\/\/www.stepharmaceuticals.com\/es\/wp-json\/wp\/v2\/comments?post=5458"}],"wp:featuredmedia":[{"embeddable":true,"href":"https:\/\/www.stepharmaceuticals.com\/es\/wp-json\/wp\/v2\/media\/5443"}],"wp:attachment":[{"href":"https:\/\/www.stepharmaceuticals.com\/es\/wp-json\/wp\/v2\/media?parent=5458"}],"wp:term":[{"taxonomy":"product_brand","embeddable":true,"href":"https:\/\/www.stepharmaceuticals.com\/es\/wp-json\/wp\/v2\/product_brand?post=5458"},{"taxonomy":"product_cat","embeddable":true,"href":"https:\/\/www.stepharmaceuticals.com\/es\/wp-json\/wp\/v2\/product_cat?post=5458"},{"taxonomy":"product_tag","embeddable":true,"href":"https:\/\/www.stepharmaceuticals.com\/es\/wp-json\/wp\/v2\/product_tag?post=5458"}],"curies":[{"name":"wp","href":"https:\/\/api.w.org\/{rel}","templated":true}]}}