{"id":5454,"date":"2025-02-04T09:40:24","date_gmt":"2025-02-04T09:40:24","guid":{"rendered":"https:\/\/www.stepharmaceuticals.com\/?post_type=product&#038;p=5454"},"modified":"2025-02-04T09:47:10","modified_gmt":"2025-02-04T09:47:10","slug":"eficaps-vision","status":"publish","type":"product","link":"https:\/\/www.stepharmaceuticals.com\/es\/producto\/eficaps-vision\/","title":{"rendered":"EFICAPS\u00ae VISION PROTECT"},"content":{"rendered":"<p><strong>Complemento alimenticio contra la degeneraci\u00f3n macular. Complemento alimenticio dise\u00f1ado para contribuir al mantenimiento de una visi\u00f3n normal gracias a su contenido en zinc y a la protecci\u00f3n de las c\u00e9lulas frente al estr\u00e9s oxidativo gracias a su contenido en cobre y zinc.<\/strong><\/p>\n<p>Contiene Zinc (15 mg), Lute\u00edna (10 mg), Zeaxantina (2 mg), Astaxantina (1mg), Cobre (1mg), Piperina (0,3 mg).<\/p>\n<p>Caja bl\u00edster multipack con 10, 20 o 30 c\u00e1psulas Eficaps\u00ae.<\/p>\n<p>+ 3 a\u00f1os.<\/p>\n<p>Duraci\u00f3n: 3 a\u00f1os.<\/p>\n<p><strong>COMPLEMENTO ALIMENTICIO<\/strong><\/p>\n","protected":false},"excerpt":{"rendered":"<p>Complemento alimenticio contra la degeneraci\u00f3n macular. Complemento alimenticio dise\u00f1ado para contribuir al mantenimiento de una visi\u00f3n normal gracias a su contenido en zinc y a la protecci\u00f3n de las c\u00e9lulas frente al estr\u00e9s oxidativo gracias a su contenido en cobre y zinc. Contiene Zinc (15 mg), Lute\u00edna (10 mg), Zeaxantina (2 mg), Astaxantina (1mg), Cobre [&hellip;]<\/p>\n","protected":false},"featured_media":5441,"comment_status":"open","ping_status":"closed","template":"","meta":{"_et_pb_use_builder":"","_et_pb_old_content":"","_et_gb_content_width":""},"product_brand":[],"product_cat":[604,605,606,585,607,771,949,753,950,946,947,591,593,948,689],"product_tag":[],"class_list":{"0":"post-5454","1":"product","2":"type-product","3":"status-publish","4":"has-post-thumbnail","6":"product_cat-12-years-es","7":"product_cat-14-years-es","8":"product_cat-18-years-es","9":"product_cat-3-years-es","10":"product_cat-6-years-es","11":"product_cat-9-anos","12":"product_cat-astaxantina","13":"product_cat-capsulas","14":"product_cat-cobre","15":"product_cat-luteina","16":"product_cat-luteina-ingredients-es","17":"product_cat-gluten-free-es","18":"product_cat-lactose-free-es","19":"product_cat-zeaxantina","20":"product_cat-zinc-es","22":"first","23":"instock","24":"shipping-taxable","25":"product-type-simple"},"_links":{"self":[{"href":"https:\/\/www.stepharmaceuticals.com\/es\/wp-json\/wp\/v2\/product\/5454","targetHints":{"allow":["GET"]}}],"collection":[{"href":"https:\/\/www.stepharmaceuticals.com\/es\/wp-json\/wp\/v2\/product"}],"about":[{"href":"https:\/\/www.stepharmaceuticals.com\/es\/wp-json\/wp\/v2\/types\/product"}],"replies":[{"embeddable":true,"href":"https:\/\/www.stepharmaceuticals.com\/es\/wp-json\/wp\/v2\/comments?post=5454"}],"wp:featuredmedia":[{"embeddable":true,"href":"https:\/\/www.stepharmaceuticals.com\/es\/wp-json\/wp\/v2\/media\/5441"}],"wp:attachment":[{"href":"https:\/\/www.stepharmaceuticals.com\/es\/wp-json\/wp\/v2\/media?parent=5454"}],"wp:term":[{"taxonomy":"product_brand","embeddable":true,"href":"https:\/\/www.stepharmaceuticals.com\/es\/wp-json\/wp\/v2\/product_brand?post=5454"},{"taxonomy":"product_cat","embeddable":true,"href":"https:\/\/www.stepharmaceuticals.com\/es\/wp-json\/wp\/v2\/product_cat?post=5454"},{"taxonomy":"product_tag","embeddable":true,"href":"https:\/\/www.stepharmaceuticals.com\/es\/wp-json\/wp\/v2\/product_tag?post=5454"}],"curies":[{"name":"wp","href":"https:\/\/api.w.org\/{rel}","templated":true}]}}