{"id":5449,"date":"2023-05-22T13:56:07","date_gmt":"2023-05-22T13:56:07","guid":{"rendered":"https:\/\/www.stepharmaceuticals.com\/?post_type=product&#038;p=5449"},"modified":"2025-02-04T09:30:18","modified_gmt":"2025-02-04T09:30:18","slug":"eficaps-defensas","status":"publish","type":"product","link":"https:\/\/www.stepharmaceuticals.com\/es\/producto\/eficaps-defensas\/","title":{"rendered":"EFICAPS\u00ae DEFENSAS"},"content":{"rendered":"<p><strong><span class=\"HwtZe\" lang=\"es\"><span class=\"jCAhz ChMk0b\"><span class=\"ryNqvb\">Contribuye al funcionamiento normal del sistema inmunitario ya la protecci\u00f3n de las c\u00e9lulas frente al estr\u00e9s oxidativo.<\/span><\/span> <\/span><\/strong><strong>Por su contenido en vitamina D, echinacea, zinc y selenium, que contribuyen al funcionamiento normal del sistema inmune. El zinc y el selenio contribuyen a la protecci\u00f3n de las c\u00e9lulas frente al estr\u00e9s oxidativo.<\/strong><\/p>\n<p><span class=\"HwtZe\" lang=\"es\"><span class=\"jCAhz ChMk0b\"><span class=\"ryNqvb\">Contiene Vitamina D3 50 \u03bcg (2000 UI), selenio (<\/span><\/span><\/span>55 \u03bcg)<span class=\"HwtZe\" lang=\"es\"><span class=\"jCAhz ChMk0b\"><span class=\"ryNqvb\">, zinc (10 mg) y extracto de <em>Echinacea angustifolia <\/em>(100 mg).<\/span><\/span> <\/span><\/p>\n<p><span class=\"HwtZe\" lang=\"es\"><span class=\"jCAhz ChMk0b\"><span class=\"ryNqvb\">Caja blister multipack con 10, 20 o 30 c\u00e1psulas Eficaps\u00ae<\/span><\/span> <\/span><\/p>\n<p><span class=\"HwtZe\" lang=\"es\"><span class=\"jCAhz ChMk0b\"><span class=\"ryNqvb\">+ 12 a\u00f1os.<\/span><\/span> <\/span><\/p>\n<p>Duraci\u00f3n: 3 a\u00f1os.<\/p>\n<p><strong><span class=\"HwtZe\" lang=\"es\"><span class=\"jCAhz ChMk0b\"><span class=\"ryNqvb\">COMPLEMENTO ALIMENTICIO<\/span><\/span><\/span><\/strong><\/p>\n","protected":false},"excerpt":{"rendered":"<p>Contribuye al funcionamiento normal del sistema inmunitario ya la protecci\u00f3n de las c\u00e9lulas frente al estr\u00e9s oxidativo. Por su contenido en vitamina D, echinacea, zinc y selenium, que contribuyen al funcionamiento normal del sistema inmune. El zinc y el selenio contribuyen a la protecci\u00f3n de las c\u00e9lulas frente al estr\u00e9s oxidativo. Contiene Vitamina D3 50 [&hellip;]<\/p>\n","protected":false},"featured_media":5435,"comment_status":"open","ping_status":"closed","template":"","meta":{"_et_pb_use_builder":"","_et_pb_old_content":"","_et_gb_content_width":""},"product_brand":[],"product_cat":[604,605,606,730,699,677,590,600,591,593,672,689],"product_tag":[],"class_list":{"0":"post-5449","1":"product","2":"type-product","3":"status-publish","4":"has-post-thumbnail","6":"product_cat-12-years-es","7":"product_cat-14-years-es","8":"product_cat-18-years-es","9":"product_cat-defensas","10":"product_cat-equinacea-es","11":"product_cat-selenium-es","12":"product_cat-alcohol-free-es","13":"product_cat-sin-azucar","14":"product_cat-gluten-free-es","15":"product_cat-lactose-free-es","16":"product_cat-vitamin-d3-es","17":"product_cat-zinc-es","19":"first","20":"instock","21":"shipping-taxable","22":"product-type-simple"},"_links":{"self":[{"href":"https:\/\/www.stepharmaceuticals.com\/es\/wp-json\/wp\/v2\/product\/5449","targetHints":{"allow":["GET"]}}],"collection":[{"href":"https:\/\/www.stepharmaceuticals.com\/es\/wp-json\/wp\/v2\/product"}],"about":[{"href":"https:\/\/www.stepharmaceuticals.com\/es\/wp-json\/wp\/v2\/types\/product"}],"replies":[{"embeddable":true,"href":"https:\/\/www.stepharmaceuticals.com\/es\/wp-json\/wp\/v2\/comments?post=5449"}],"wp:featuredmedia":[{"embeddable":true,"href":"https:\/\/www.stepharmaceuticals.com\/es\/wp-json\/wp\/v2\/media\/5435"}],"wp:attachment":[{"href":"https:\/\/www.stepharmaceuticals.com\/es\/wp-json\/wp\/v2\/media?parent=5449"}],"wp:term":[{"taxonomy":"product_brand","embeddable":true,"href":"https:\/\/www.stepharmaceuticals.com\/es\/wp-json\/wp\/v2\/product_brand?post=5449"},{"taxonomy":"product_cat","embeddable":true,"href":"https:\/\/www.stepharmaceuticals.com\/es\/wp-json\/wp\/v2\/product_cat?post=5449"},{"taxonomy":"product_tag","embeddable":true,"href":"https:\/\/www.stepharmaceuticals.com\/es\/wp-json\/wp\/v2\/product_tag?post=5449"}],"curies":[{"name":"wp","href":"https:\/\/api.w.org\/{rel}","templated":true}]}}