{"id":5446,"date":"2023-05-22T14:02:39","date_gmt":"2023-05-22T14:02:39","guid":{"rendered":"https:\/\/www.stepharmaceuticals.com\/?post_type=product&#038;p=5446"},"modified":"2025-02-04T09:26:00","modified_gmt":"2025-02-04T09:26:00","slug":"eficaps-ansiedad","status":"publish","type":"product","link":"https:\/\/www.stepharmaceuticals.com\/es\/producto\/eficaps-ansiedad\/","title":{"rendered":"EFICAPS\u00ae ANSIEDAD"},"content":{"rendered":"<p><strong><span class=\"HwtZe\" lang=\"es\"><span class=\"jCAhz ChMk0b\"><span class=\"ryNqvb\">Ayuda a calmar en periodos de nerviosismo y ayuda a reducir el cansancio y la fatiga. <\/span><\/span><\/span>La Vitamina B6 y la Tiamina (Vitamina B1) contribuyen a mantener el correcto funcionamiento del sistema nervioso y una funci\u00f3n psicol\u00f3gica normal.<\/strong><\/p>\n<p><span class=\"HwtZe\" lang=\"es\"><span class=\"jCAhz ChMk0b\"><span class=\"ryNqvb\">Azafr\u00e1n (extracto de <em>Crocus Sativus L<\/em> con &gt; 3 % de safranal y &gt; 4 % de crocinas, 30 mg), tiamina (vitamina B1, 1,1mg), vitamina B6 (10 mg) y magnesio (120 mg).<\/span><\/span> <\/span><\/p>\n<p><span class=\"HwtZe\" lang=\"es\"><span class=\"jCAhz ChMk0b\"><span class=\"ryNqvb\">Caja blister multipack con 10, 20 o 30 c\u00e1psulas Eficaps\u00ae<\/span><\/span> <\/span><\/p>\n<p><span class=\"HwtZe\" lang=\"es\"><span class=\"jCAhz ChMk0b\"><span class=\"ryNqvb\">+ 12 a\u00f1os.<\/span><\/span> <\/span><\/p>\n<p>Duraci\u00f3n: 3 a\u00f1os.<\/p>\n<p><strong><span class=\"HwtZe\" lang=\"es\"><span class=\"jCAhz ChMk0b\"><span class=\"ryNqvb\">COMPLEMENTO ALIMENTICIO<\/span><\/span><\/span><\/strong><\/p>\n","protected":false},"excerpt":{"rendered":"<p>Ayuda a calmar en periodos de nerviosismo y ayuda a reducir el cansancio y la fatiga. La Vitamina B6 y la Tiamina (Vitamina B1) contribuyen a mantener el correcto funcionamiento del sistema nervioso y una funci\u00f3n psicol\u00f3gica normal. Azafr\u00e1n (extracto de Crocus Sativus L con &gt; 3 % de safranal y &gt; 4 % de [&hellip;]<\/p>\n","protected":false},"featured_media":5433,"comment_status":"open","ping_status":"closed","template":"","meta":{"_et_pb_use_builder":"","_et_pb_old_content":"","_et_gb_content_width":""},"product_brand":[],"product_cat":[604,605,606,725,675,590,600,591,593,720,668],"product_tag":[],"class_list":{"0":"post-5446","1":"product","2":"type-product","3":"status-publish","4":"has-post-thumbnail","6":"product_cat-12-years-es","7":"product_cat-14-years-es","8":"product_cat-18-years-es","9":"product_cat-stress-es","10":"product_cat-magnesium-es","11":"product_cat-alcohol-free-es","12":"product_cat-sin-azucar","13":"product_cat-gluten-free-es","14":"product_cat-lactose-free-es","15":"product_cat-vitamin-b1-es","16":"product_cat-vitamin-b6-es","18":"first","19":"instock","20":"shipping-taxable","21":"product-type-simple"},"_links":{"self":[{"href":"https:\/\/www.stepharmaceuticals.com\/es\/wp-json\/wp\/v2\/product\/5446","targetHints":{"allow":["GET"]}}],"collection":[{"href":"https:\/\/www.stepharmaceuticals.com\/es\/wp-json\/wp\/v2\/product"}],"about":[{"href":"https:\/\/www.stepharmaceuticals.com\/es\/wp-json\/wp\/v2\/types\/product"}],"replies":[{"embeddable":true,"href":"https:\/\/www.stepharmaceuticals.com\/es\/wp-json\/wp\/v2\/comments?post=5446"}],"wp:featuredmedia":[{"embeddable":true,"href":"https:\/\/www.stepharmaceuticals.com\/es\/wp-json\/wp\/v2\/media\/5433"}],"wp:attachment":[{"href":"https:\/\/www.stepharmaceuticals.com\/es\/wp-json\/wp\/v2\/media?parent=5446"}],"wp:term":[{"taxonomy":"product_brand","embeddable":true,"href":"https:\/\/www.stepharmaceuticals.com\/es\/wp-json\/wp\/v2\/product_brand?post=5446"},{"taxonomy":"product_cat","embeddable":true,"href":"https:\/\/www.stepharmaceuticals.com\/es\/wp-json\/wp\/v2\/product_cat?post=5446"},{"taxonomy":"product_tag","embeddable":true,"href":"https:\/\/www.stepharmaceuticals.com\/es\/wp-json\/wp\/v2\/product_tag?post=5446"}],"curies":[{"name":"wp","href":"https:\/\/api.w.org\/{rel}","templated":true}]}}