{"id":5209,"date":"2025-01-13T09:09:36","date_gmt":"2025-01-13T09:09:36","guid":{"rendered":"https:\/\/www.stepharmaceuticals.com\/?post_type=product&#038;p=5209"},"modified":"2025-09-21T10:40:41","modified_gmt":"2025-09-21T10:40:41","slug":"cough-syrup-grindelia","status":"publish","type":"product","link":"https:\/\/www.stepharmaceuticals.com\/es\/producto\/cough-syrup-grindelia\/","title":{"rendered":"COUGH SYRUP GRINDELIA"},"content":{"rendered":"<p><strong><span class=\"HwtZe\" lang=\"es\"><span class=\"jCAhz ChMk0b\"><span class=\"ryNqvb\">Calma la tos seca y productiva.<\/span><\/span> <span class=\"jCAhz ChMk0b\"><span class=\"ryNqvb\">Suaviza y protege la mucosa irritada formando una barrera protectora en la garganta gracias a la acci\u00f3n de los muc\u00edlagos de <em>Grindelia Robusta Nutall<\/em>, <em>Althaea officinalis<\/em> y <em>Plantago lanceolata<\/em>.<\/span><\/span> <span class=\"jCAhz ChMk0b\"><span class=\"ryNqvb\">Esta barrera se ve reforzada por la acci\u00f3n de los polisac\u00e1ridos de la goma xantana y la goma ar\u00e1biga.<\/span><\/span> <span class=\"jCAhz ChMk0b\"><span class=\"ryNqvb\">Hidrata y reduce la viscosidad de la mucosidad para favorecer su expulsi\u00f3n gracias a su contenido en miel y az\u00facar.<\/span><\/span><br \/>\n<\/span><\/strong><\/p>\n<p><span class=\"HwtZe\" lang=\"es\"><span class=\"jCAhz ChMk0b\"><span class=\"ryNqvb\">Contiene extractos naturales de <em>Grindelia Robusta Nutall<\/em>, <em>Althaea officinalis<\/em> y <em>Plantago lanceolata<\/em>, goma xantana y goma ar\u00e1biga, az\u00facar de ca\u00f1a, miel y aceites esenciales de lim\u00f3n y eucalipto.<\/span><\/span><\/span><\/p>\n<p style=\"padding-left: 40px;\">Botella: Jarabe de 182 g (aproximadamente 140 ml) en botella PET o de vidrio o 156 g (aproximadamente 120 ml) en botella de vidrio.<\/p>\n<p style=\"padding-left: 40px;\">Stick pack: Jarabe de 182 g (aproximadamente 140 ml) en <strong>stick (14 sticks\/10 ml) (NUEVO).<\/strong><\/p>\n<p>+12 a\u00f1os.<\/p>\n<p>Duraci\u00f3n: 30 meses.<\/p>\n<p><strong>PRODUCTO SANITARIO CLASE IIa<\/strong><\/p>\n<p><strong>Producto con certificaci\u00f3n MDR<\/strong>. Si quieres saber m\u00e1s informaci\u00f3n, puedes hacer <strong><a href=\"..\/blog\/2022\/06\/19\/pharmalink-obtains-the-eu-mdr-certificate\/\">click aqu\u00ed.<\/a><\/strong><\/p>\n","protected":false},"excerpt":{"rendered":"<p>Calma la tos seca y productiva. Suaviza y protege la mucosa irritada formando una barrera protectora en la garganta gracias a la acci\u00f3n de los muc\u00edlagos de Grindelia Robusta Nutall, Althaea officinalis y Plantago lanceolata. Esta barrera se ve reforzada por la acci\u00f3n de los polisac\u00e1ridos de la goma xantana y la goma ar\u00e1biga. Hidrata [&hellip;]<\/p>\n","protected":false},"featured_media":5193,"comment_status":"open","ping_status":"closed","template":"","meta":{"_et_pb_use_builder":"","_et_pb_old_content":"","_et_gb_content_width":""},"product_brand":[],"product_cat":[604,605,606,602,618,589,612,626,617,620,592,611,613,616,610,609,596,597,590,591,593,608],"product_tag":[395,396,397],"class_list":{"0":"post-5209","1":"product","2":"type-product","3":"status-publish","4":"has-post-thumbnail","6":"product_cat-12-years-es","7":"product_cat-14-years-es","8":"product_cat-18-years-es","9":"product_cat-therapeutic-area-es","10":"product_cat-cane-sugar-es","11":"product_cat-age-es","12":"product_cat-eucalyptus-es","13":"product_cat-throat-es","14":"product_cat-arabic-gum-es","15":"product_cat-xanthan-gum-es","16":"product_cat-ingredients-es","17":"product_cat-syrup-es","18":"product_cat-lemon-es","19":"product_cat-plantain-es","20":"product_cat-marshmallow-es","21":"product_cat-honey-es","22":"product_cat-preferences-es","23":"product_cat-presentation-es","24":"product_cat-alcohol-free-es","25":"product_cat-gluten-free-es","26":"product_cat-lactose-free-es","27":"product_cat-cough-es","28":"product_tag-sin-alcohol-es-2","29":"product_tag-sin-gluten-es-2","30":"product_tag-sin-lactosa-es-2","32":"first","33":"instock","34":"shipping-taxable","35":"product-type-simple"},"_links":{"self":[{"href":"https:\/\/www.stepharmaceuticals.com\/es\/wp-json\/wp\/v2\/product\/5209","targetHints":{"allow":["GET"]}}],"collection":[{"href":"https:\/\/www.stepharmaceuticals.com\/es\/wp-json\/wp\/v2\/product"}],"about":[{"href":"https:\/\/www.stepharmaceuticals.com\/es\/wp-json\/wp\/v2\/types\/product"}],"replies":[{"embeddable":true,"href":"https:\/\/www.stepharmaceuticals.com\/es\/wp-json\/wp\/v2\/comments?post=5209"}],"wp:featuredmedia":[{"embeddable":true,"href":"https:\/\/www.stepharmaceuticals.com\/es\/wp-json\/wp\/v2\/media\/5193"}],"wp:attachment":[{"href":"https:\/\/www.stepharmaceuticals.com\/es\/wp-json\/wp\/v2\/media?parent=5209"}],"wp:term":[{"taxonomy":"product_brand","embeddable":true,"href":"https:\/\/www.stepharmaceuticals.com\/es\/wp-json\/wp\/v2\/product_brand?post=5209"},{"taxonomy":"product_cat","embeddable":true,"href":"https:\/\/www.stepharmaceuticals.com\/es\/wp-json\/wp\/v2\/product_cat?post=5209"},{"taxonomy":"product_tag","embeddable":true,"href":"https:\/\/www.stepharmaceuticals.com\/es\/wp-json\/wp\/v2\/product_tag?post=5209"}],"curies":[{"name":"wp","href":"https:\/\/api.w.org\/{rel}","templated":true}]}}