{"id":3659,"date":"2023-11-07T16:01:17","date_gmt":"2023-11-07T16:01:17","guid":{"rendered":"https:\/\/www.stepharmaceuticals.com\/?post_type=product&#038;p=3659"},"modified":"2025-09-21T10:32:01","modified_gmt":"2025-09-21T10:32:01","slug":"cough-syrup-kids-sin-azucar","status":"publish","type":"product","link":"https:\/\/www.stepharmaceuticals.com\/es\/producto\/cough-syrup-kids-sin-azucar\/","title":{"rendered":"COUGH SYRUP KIDS SIN AZ\u00daCAR"},"content":{"rendered":"<p><strong><span class=\"HwtZe\" lang=\"es\"><span class=\"jCAhz ChMk0b\"><span class=\"ryNqvb\">Calma la tos seca y productiva.<\/span><\/span> <span class=\"jCAhz ChMk0b\"><span class=\"ryNqvb\">Suaviza y protege la mucosa irritada formando una barrera protectora en la garganta gracias a la acci\u00f3n de los muc\u00edlagos de <em>Althaea officinalis<\/em>.<\/span><\/span> <span class=\"jCAhz ChMk0b\"><span class=\"ryNqvb\">Esta barrera se ve reforzada por la acci\u00f3n de los polisac\u00e1ridos de la goma xantana y la goma ar\u00e1biga.<\/span><\/span> <span class=\"jCAhz ChMk0b\"><span class=\"ryNqvb\">El sorbitol hidrata y reduce la viscosidad de la mucosidad para favorecer su expulsi\u00f3n.<\/span><\/span><br \/>\n<\/span><\/strong><\/p>\n<p><span class=\"HwtZe\" lang=\"es\"><span class=\"jCAhz ChMk0b\"><span class=\"ryNqvb\">Sorbitol, malvavisco (extracto seco de <em>Althaea officinalis<\/em>), goma xantana y goma ar\u00e1biga.<\/span><\/span> <span class=\"jCAhz ChMk0b\"><span class=\"ryNqvb\">Aroma a fresa.<\/span><\/span><br \/>\n<\/span><\/p>\n<p style=\"padding-left: 40px;\">Jarabe de 142.8 g (aproximadamente 140 ml) en botella PET o de vidrio o 122.4 g (aproximadamente 120 ml) en botella de vidrio.<\/p>\n<p>+9 a\u00f1os.<\/p>\n<p>Duraci\u00f3n: 30 meses.<\/p>\n<p><strong>PRODUCTO SANITARIO CLASE IIa<\/strong><\/p>\n<p><strong>Producto con certificaci\u00f3n MDR<\/strong>. Si quieres saber m\u00e1s informaci\u00f3n, puedes hacer <strong><a href=\"..\/blog\/2022\/06\/19\/pharmalink-obtains-the-eu-mdr-certificate\/\">click aqu\u00ed.<\/a><\/strong><\/p>\n","protected":false},"excerpt":{"rendered":"<p>Calma la tos seca y productiva. Suaviza y protege la mucosa irritada formando una barrera protectora en la garganta gracias a la acci\u00f3n de los muc\u00edlagos de Althaea officinalis. Esta barrera se ve reforzada por la acci\u00f3n de los polisac\u00e1ridos de la goma xantana y la goma ar\u00e1biga. El sorbitol hidrata y reduce la viscosidad [&hellip;]<\/p>\n","protected":false},"featured_media":5212,"comment_status":"open","ping_status":"closed","template":"","meta":{"_et_pb_use_builder":"","_et_pb_old_content":"","_et_gb_content_width":""},"product_brand":[],"product_cat":[582,604,605,606,583,585,607,771,602,589,626,617,620,592,611,610,596,597,590,600,591,593,770,608],"product_tag":[395,400,396,397],"class_list":{"0":"post-3659","1":"product","2":"type-product","3":"status-publish","4":"has-post-thumbnail","6":"product_cat-1-year-es","7":"product_cat-12-years-es","8":"product_cat-14-years-es","9":"product_cat-18-years-es","10":"product_cat-2-years-es","11":"product_cat-3-years-es","12":"product_cat-6-years-es","13":"product_cat-9-anos","14":"product_cat-therapeutic-area-es","15":"product_cat-age-es","16":"product_cat-throat-es","17":"product_cat-arabic-gum-es","18":"product_cat-xanthan-gum-es","19":"product_cat-ingredients-es","20":"product_cat-syrup-es","21":"product_cat-marshmallow-es","22":"product_cat-preferences-es","23":"product_cat-presentation-es","24":"product_cat-alcohol-free-es","25":"product_cat-sin-azucar","26":"product_cat-gluten-free-es","27":"product_cat-lactose-free-es","28":"product_cat-sorbitol-ingredients-es","29":"product_cat-cough-es","30":"product_tag-sin-alcohol-es-2","31":"product_tag-sin-azucar-es-2","32":"product_tag-sin-gluten-es-2","33":"product_tag-sin-lactosa-es-2","35":"first","36":"instock","37":"shipping-taxable","38":"product-type-simple"},"_links":{"self":[{"href":"https:\/\/www.stepharmaceuticals.com\/es\/wp-json\/wp\/v2\/product\/3659","targetHints":{"allow":["GET"]}}],"collection":[{"href":"https:\/\/www.stepharmaceuticals.com\/es\/wp-json\/wp\/v2\/product"}],"about":[{"href":"https:\/\/www.stepharmaceuticals.com\/es\/wp-json\/wp\/v2\/types\/product"}],"replies":[{"embeddable":true,"href":"https:\/\/www.stepharmaceuticals.com\/es\/wp-json\/wp\/v2\/comments?post=3659"}],"wp:featuredmedia":[{"embeddable":true,"href":"https:\/\/www.stepharmaceuticals.com\/es\/wp-json\/wp\/v2\/media\/5212"}],"wp:attachment":[{"href":"https:\/\/www.stepharmaceuticals.com\/es\/wp-json\/wp\/v2\/media?parent=3659"}],"wp:term":[{"taxonomy":"product_brand","embeddable":true,"href":"https:\/\/www.stepharmaceuticals.com\/es\/wp-json\/wp\/v2\/product_brand?post=3659"},{"taxonomy":"product_cat","embeddable":true,"href":"https:\/\/www.stepharmaceuticals.com\/es\/wp-json\/wp\/v2\/product_cat?post=3659"},{"taxonomy":"product_tag","embeddable":true,"href":"https:\/\/www.stepharmaceuticals.com\/es\/wp-json\/wp\/v2\/product_tag?post=3659"}],"curies":[{"name":"wp","href":"https:\/\/api.w.org\/{rel}","templated":true}]}}