{"id":3655,"date":"2023-11-06T14:22:35","date_gmt":"2023-11-06T14:22:35","guid":{"rendered":"https:\/\/www.stepharmaceuticals.com\/?post_type=product&#038;p=3655"},"modified":"2023-11-08T14:47:55","modified_gmt":"2023-11-08T14:47:55","slug":"dysmenocalm","status":"publish","type":"product","link":"https:\/\/www.stepharmaceuticals.com\/es\/producto\/dysmenocalm\/","title":{"rendered":"DYSMENOCALM"},"content":{"rendered":"<p><strong><span class=\"HwtZe\" lang=\"es\"><span class=\"jCAhz ChMk0b\"><span class=\"ryNqvb\">Contribuye a la sensaci\u00f3n subjetiva de alivio, comodidad y bienestar de aquellas mujeres que sufren mucho dolor durante la menstruaci\u00f3n.<\/span><\/span> <span class=\"jCAhz ChMk0b\"><span class=\"ryNqvb\">Producto dermatol\u00f3gicamente testado.<\/span><\/span> <span class=\"jCAhz ChMk0b\"><span class=\"ryNqvb\">No mancha.<\/span><\/span> <span class=\"jCAhz ChMk0b\"><span class=\"ryNqvb\">No es pegajoso.<\/span><\/span> <span class=\"jCAhz ChMk0b\"><span class=\"ryNqvb\">F\u00e1cil aplicaci\u00f3n.<\/span><\/span> <span class=\"jCAhz ChMk0b\"><span class=\"ryNqvb\">Sin residuos.<\/span><\/span><br \/>\n<\/span><\/strong><\/p>\n<p><span class=\"HwtZe\" lang=\"es\"><span class=\"jCAhz ChMk0b\"><span class=\"ryNqvb\">Madera de cedro, rusco, Menta, Lavanda, Aloe Vera.<\/span><\/span><br \/>\n<\/span><\/p>\n<p>Tubo de 50 g.<\/p>\n<p>+12 a\u00f1os.<\/p>\n<p>Duraci\u00f3n: 3 a\u00f1os.<\/p>\n<p><strong>GEL COSM\u00c9TICO<\/strong><\/p>\n","protected":false},"excerpt":{"rendered":"<p>Contribuye a la sensaci\u00f3n subjetiva de alivio, comodidad y bienestar de aquellas mujeres que sufren mucho dolor durante la menstruaci\u00f3n. Producto dermatol\u00f3gicamente testado. No mancha. No es pegajoso. F\u00e1cil aplicaci\u00f3n. Sin residuos. Madera de cedro, rusco, Menta, Lavanda, Aloe Vera. Tubo de 50 g. +12 a\u00f1os. Duraci\u00f3n: 3 a\u00f1os. GEL COSM\u00c9TICO<\/p>\n","protected":false},"featured_media":3653,"comment_status":"open","ping_status":"closed","template":"","meta":{"_et_pb_use_builder":"","_et_pb_old_content":"","_et_gb_content_width":""},"product_brand":[],"product_cat":[604,605,606,586,588,634,602,589,638,592,596,597,640],"product_tag":[603,394,400,396,397],"class_list":{"0":"post-3655","1":"product","2":"type-product","3":"status-publish","4":"has-post-thumbnail","6":"product_cat-12-years-es","7":"product_cat-14-years-es","8":"product_cat-18-years-es","9":"product_cat-10-es","10":"product_cat-100-vegano","11":"product_cat-aloe-vera-es","12":"product_cat-therapeutic-area-es","13":"product_cat-age-es","14":"product_cat-gel-cream-es","15":"product_cat-ingredients-es","16":"product_cat-preferences-es","17":"product_cat-presentation-es","18":"product_cat-ruscus-es","19":"product_tag-10-es","20":"product_tag-100-vegano-es-2","21":"product_tag-sin-azucar-es-2","22":"product_tag-sin-gluten-es-2","23":"product_tag-sin-lactosa-es-2","25":"first","26":"instock","27":"shipping-taxable","28":"product-type-simple"},"_links":{"self":[{"href":"https:\/\/www.stepharmaceuticals.com\/es\/wp-json\/wp\/v2\/product\/3655","targetHints":{"allow":["GET"]}}],"collection":[{"href":"https:\/\/www.stepharmaceuticals.com\/es\/wp-json\/wp\/v2\/product"}],"about":[{"href":"https:\/\/www.stepharmaceuticals.com\/es\/wp-json\/wp\/v2\/types\/product"}],"replies":[{"embeddable":true,"href":"https:\/\/www.stepharmaceuticals.com\/es\/wp-json\/wp\/v2\/comments?post=3655"}],"wp:featuredmedia":[{"embeddable":true,"href":"https:\/\/www.stepharmaceuticals.com\/es\/wp-json\/wp\/v2\/media\/3653"}],"wp:attachment":[{"href":"https:\/\/www.stepharmaceuticals.com\/es\/wp-json\/wp\/v2\/media?parent=3655"}],"wp:term":[{"taxonomy":"product_brand","embeddable":true,"href":"https:\/\/www.stepharmaceuticals.com\/es\/wp-json\/wp\/v2\/product_brand?post=3655"},{"taxonomy":"product_cat","embeddable":true,"href":"https:\/\/www.stepharmaceuticals.com\/es\/wp-json\/wp\/v2\/product_cat?post=3655"},{"taxonomy":"product_tag","embeddable":true,"href":"https:\/\/www.stepharmaceuticals.com\/es\/wp-json\/wp\/v2\/product_tag?post=3655"}],"curies":[{"name":"wp","href":"https:\/\/api.w.org\/{rel}","templated":true}]}}