{"id":3079,"date":"2023-07-31T09:41:55","date_gmt":"2023-07-31T09:41:55","guid":{"rendered":"https:\/\/www.stepharmaceuticals.com\/?post_type=product&#038;p=3079"},"modified":"2025-03-04T15:59:00","modified_gmt":"2025-03-04T15:59:00","slug":"free-nose-nasal-aspirator-refills","status":"publish","type":"product","link":"https:\/\/www.stepharmaceuticals.com\/es\/producto\/free-nose-nasal-aspirator-refills\/","title":{"rendered":"Free Nose\u00ae Nasal Aspirator + Refills"},"content":{"rendered":"<p><span class=\"HwtZe\" lang=\"es\"><span class=\"jCAhz ChMk0b\"><span class=\"ryNqvb\">Ayuda a eliminar las secreciones de las fosas nasales del beb\u00e9.<\/span><\/span> <span class=\"jCAhz ChMk0b\"><span class=\"ryNqvb\">Est\u00e1 indicado en procesos gripales, catarros, sinusitis, y todas aquellas patolog\u00edas que cursen con rinorrea.<\/span><\/span> <\/span><\/p>\n<p><span class=\"HwtZe\" lang=\"es\"><span class=\"jCAhz ChMk0b\"><span class=\"ryNqvb\">Disponible en:<\/span><\/span><\/span><\/p>\n<p style=\"padding-left: 40px;\"><span class=\"HwtZe\" lang=\"es\"><span class=\"jCAhz ChMk0b\"><span class=\"ryNqvb\"><strong>Caja de pl\u00e1stico<\/strong> con aspirador nasal y 4 puntas blandas anat\u00f3micas empaquetadas individualmente en flow packs sellados.<\/span><\/span><\/span><\/p>\n<p style=\"padding-left: 40px;\"><span class=\"HwtZe\" lang=\"es\"><span class=\"jCAhz ChMk0b\"><span class=\"ryNqvb\"><strong>Caja de cart\u00f3n <\/strong>con blister con aspirador nasal y 3 puntas blandas anat\u00f3micas.<\/span><\/span> <\/span><\/p>\n<p style=\"padding-left: 40px;\"><span class=\"HwtZe\" lang=\"es\"><strong><span class=\"jCAhz ChMk0b\"><span class=\"ryNqvb\">Caja de cart\u00f3n con blister.<\/span><\/span><\/strong> <span class=\"jCAhz ChMk0b\"><span class=\"ryNqvb\">Contiene 10 puntas blandas anat\u00f3micas.<\/span><\/span> <\/span><\/p>\n<p style=\"padding-left: 40px;\"><span class=\"HwtZe\" lang=\"es\"><strong><span class=\"jCAhz ChMk0b\"><span class=\"ryNqvb\">Caja de cart\u00f3n con recambios envasados individualmente en flow packs sellados.<\/span><\/span><\/strong> <span class=\"jCAhz ChMk0b\"><span class=\"ryNqvb\">Contiene 10 o 20 puntas blandas anat\u00f3micas.<\/span><\/span><\/span><\/p>\n<p><span class=\"HwtZe\" lang=\"es\"><span class=\"jCAhz ChMk0b\"><span class=\"ryNqvb\">Pedi\u00e1trico (+0 meses).<\/span><\/span> <\/span><\/p>\n<p><span class=\"HwtZe\" lang=\"es\"><span class=\"jCAhz ChMk0b\"><span class=\"ryNqvb\">Duraci\u00f3n: 5 a\u00f1os.<\/span><\/span><\/span><\/p>\n<p><strong>PRODUCTO SANITARIO CLASE I<\/strong><\/p>\n<p><strong>Producto con certificaci\u00f3n MDR<\/strong>. Si quieres saber m\u00e1s informaci\u00f3n, puedes hacer <strong><a href=\"..\/blog\/2022\/06\/19\/pharmalink-obtains-the-eu-mdr-certificate\/\">click aqu\u00ed<\/a><\/strong><\/p>\n","protected":false},"excerpt":{"rendered":"<p>Ayuda a eliminar las secreciones de las fosas nasales del beb\u00e9. Est\u00e1 indicado en procesos gripales, catarros, sinusitis, y todas aquellas patolog\u00edas que cursen con rinorrea. Disponible en: Caja de pl\u00e1stico con aspirador nasal y 4 puntas blandas anat\u00f3micas empaquetadas individualmente en flow packs sellados. Caja de cart\u00f3n con blister con aspirador nasal y 3 [&hellip;]<\/p>\n","protected":false},"featured_media":5518,"comment_status":"open","ping_status":"closed","template":"","meta":{"_et_pb_use_builder":"","_et_pb_old_content":"","_et_gb_content_width":""},"product_brand":[],"product_cat":[581,582,604,605,606,583,585,584,607,758,595],"product_tag":[],"class_list":{"0":"post-3079","1":"product","2":"type-product","3":"status-publish","4":"has-post-thumbnail","6":"product_cat-0-months-es","7":"product_cat-1-year-es","8":"product_cat-12-years-es","9":"product_cat-14-years-es","10":"product_cat-18-years-es","11":"product_cat-2-years-es","12":"product_cat-3-years-es","13":"product_cat-3-months-es","14":"product_cat-6-years-es","15":"product_cat-aspirador-nasal","16":"product_cat-nose-es","18":"first","19":"instock","20":"shipping-taxable","21":"product-type-simple"},"_links":{"self":[{"href":"https:\/\/www.stepharmaceuticals.com\/es\/wp-json\/wp\/v2\/product\/3079","targetHints":{"allow":["GET"]}}],"collection":[{"href":"https:\/\/www.stepharmaceuticals.com\/es\/wp-json\/wp\/v2\/product"}],"about":[{"href":"https:\/\/www.stepharmaceuticals.com\/es\/wp-json\/wp\/v2\/types\/product"}],"replies":[{"embeddable":true,"href":"https:\/\/www.stepharmaceuticals.com\/es\/wp-json\/wp\/v2\/comments?post=3079"}],"wp:featuredmedia":[{"embeddable":true,"href":"https:\/\/www.stepharmaceuticals.com\/es\/wp-json\/wp\/v2\/media\/5518"}],"wp:attachment":[{"href":"https:\/\/www.stepharmaceuticals.com\/es\/wp-json\/wp\/v2\/media?parent=3079"}],"wp:term":[{"taxonomy":"product_brand","embeddable":true,"href":"https:\/\/www.stepharmaceuticals.com\/es\/wp-json\/wp\/v2\/product_brand?post=3079"},{"taxonomy":"product_cat","embeddable":true,"href":"https:\/\/www.stepharmaceuticals.com\/es\/wp-json\/wp\/v2\/product_cat?post=3079"},{"taxonomy":"product_tag","embeddable":true,"href":"https:\/\/www.stepharmaceuticals.com\/es\/wp-json\/wp\/v2\/product_tag?post=3079"}],"curies":[{"name":"wp","href":"https:\/\/api.w.org\/{rel}","templated":true}]}}