{"id":2936,"date":"2023-05-22T09:26:11","date_gmt":"2023-05-22T09:26:11","guid":{"rendered":"https:\/\/www.stepharmaceuticals.com\/?post_type=product&#038;p=2936"},"modified":"2025-02-04T15:46:24","modified_gmt":"2025-02-04T15:46:24","slug":"gel-cbd","status":"publish","type":"product","link":"https:\/\/www.stepharmaceuticals.com\/es\/producto\/gel-cbd\/","title":{"rendered":"GEL CBD"},"content":{"rendered":"<p><strong><span class=\"HwtZe\" lang=\"es\"><span class=\"jCAhz ChMk0b\"><span class=\"ryNqvb\">Gel t\u00f3pico de r\u00e1pida absorci\u00f3n y alta concentraci\u00f3n de cannabidiol (CBD).<\/span><\/span> <span class=\"jCAhz ChMk0b\"><span class=\"ryNqvb\">Alivia, refresca e hidrata la zona afectada, aportando confort y bienestar.<\/span><\/span> <span class=\"jCAhz ChMk0b\"><span class=\"ryNqvb\">Producto testado dermatol\u00f3gicamente.<\/span><\/span> <span class=\"jCAhz ChMk0b\"><span class=\"ryNqvb\">No mancha.<\/span><\/span> <span class=\"jCAhz ChMk0b\"><span class=\"ryNqvb\">No es pegajoso.<\/span><\/span> <span class=\"jCAhz ChMk0b\"><span class=\"ryNqvb\">F\u00e1cil aplicaci\u00f3n.<\/span><\/span> <span class=\"jCAhz ChMk0b\"><span class=\"ryNqvb\">Sin residuos<\/span><\/span> <\/span><\/strong><\/p>\n<p><span class=\"HwtZe\" lang=\"es\"><span class=\"jCAhz ChMk0b\"><span class=\"ryNqvb\">Contiene una alta concentraci\u00f3n de CBD (0,3% cannabidol), extractos de cal\u00e9ndula, \u00e1rnica, mirra y aloe vera.<\/span><\/span> <\/span><\/p>\n<p><span class=\"HwtZe\" lang=\"es\"><span class=\"jCAhz ChMk0b\"><span class=\"ryNqvb\">Disponible en:<\/span><\/span><\/span><\/p>\n<p style=\"padding-left: 40px;\">CBD 0,3 %<\/p>\n<p style=\"padding-left: 40px;\">CBD 0,1 %<\/p>\n<p>Tubo de 60 \/ 100 \/ 200 g.<\/p>\n<p>+12 a\u00f1os.<\/p>\n<p>Duraci\u00f3n: 3 a\u00f1os.<\/p>\n<p><strong>GEL COSM\u00c9TICO<\/strong><\/p>\n","protected":false},"excerpt":{"rendered":"<p>Gel t\u00f3pico de r\u00e1pida absorci\u00f3n y alta concentraci\u00f3n de cannabidiol (CBD). Alivia, refresca e hidrata la zona afectada, aportando confort y bienestar. Producto testado dermatol\u00f3gicamente. No mancha. No es pegajoso. F\u00e1cil aplicaci\u00f3n. Sin residuos Contiene una alta concentraci\u00f3n de CBD (0,3% cannabidol), extractos de cal\u00e9ndula, \u00e1rnica, mirra y aloe vera. Disponible en: CBD 0,3 % [&hellip;]<\/p>\n","protected":false},"featured_media":5460,"comment_status":"open","ping_status":"closed","template":"","meta":{"_et_pb_use_builder":"","_et_pb_old_content":"","_et_gb_content_width":""},"product_brand":[],"product_cat":[604,605,606,586,588,634,602,621,589,638,592,691,596,597,600,591,593],"product_tag":[603,394,400,396,397],"class_list":{"0":"post-2936","1":"product","2":"type-product","3":"status-publish","4":"has-post-thumbnail","6":"product_cat-12-years-es","7":"product_cat-14-years-es","8":"product_cat-18-years-es","9":"product_cat-10-es","10":"product_cat-100-vegano","11":"product_cat-aloe-vera-es","12":"product_cat-therapeutic-area-es","13":"product_cat-calendula-es","14":"product_cat-age-es","15":"product_cat-gel-cream-es","16":"product_cat-ingredients-es","17":"product_cat-osteoarticular-es","18":"product_cat-preferences-es","19":"product_cat-presentation-es","20":"product_cat-sin-azucar","21":"product_cat-gluten-free-es","22":"product_cat-lactose-free-es","23":"product_tag-10-es","24":"product_tag-100-vegano-es-2","25":"product_tag-sin-azucar-es-2","26":"product_tag-sin-gluten-es-2","27":"product_tag-sin-lactosa-es-2","29":"first","30":"instock","31":"shipping-taxable","32":"product-type-simple"},"_links":{"self":[{"href":"https:\/\/www.stepharmaceuticals.com\/es\/wp-json\/wp\/v2\/product\/2936","targetHints":{"allow":["GET"]}}],"collection":[{"href":"https:\/\/www.stepharmaceuticals.com\/es\/wp-json\/wp\/v2\/product"}],"about":[{"href":"https:\/\/www.stepharmaceuticals.com\/es\/wp-json\/wp\/v2\/types\/product"}],"replies":[{"embeddable":true,"href":"https:\/\/www.stepharmaceuticals.com\/es\/wp-json\/wp\/v2\/comments?post=2936"}],"wp:featuredmedia":[{"embeddable":true,"href":"https:\/\/www.stepharmaceuticals.com\/es\/wp-json\/wp\/v2\/media\/5460"}],"wp:attachment":[{"href":"https:\/\/www.stepharmaceuticals.com\/es\/wp-json\/wp\/v2\/media?parent=2936"}],"wp:term":[{"taxonomy":"product_brand","embeddable":true,"href":"https:\/\/www.stepharmaceuticals.com\/es\/wp-json\/wp\/v2\/product_brand?post=2936"},{"taxonomy":"product_cat","embeddable":true,"href":"https:\/\/www.stepharmaceuticals.com\/es\/wp-json\/wp\/v2\/product_cat?post=2936"},{"taxonomy":"product_tag","embeddable":true,"href":"https:\/\/www.stepharmaceuticals.com\/es\/wp-json\/wp\/v2\/product_tag?post=2936"}],"curies":[{"name":"wp","href":"https:\/\/api.w.org\/{rel}","templated":true}]}}