{"id":2926,"date":"2023-05-22T07:09:38","date_gmt":"2023-05-22T07:09:38","guid":{"rendered":"https:\/\/www.stepharmaceuticals.com\/?post_type=product&#038;p=2926"},"modified":"2025-01-27T09:07:11","modified_gmt":"2025-01-27T09:07:11","slug":"free-nose-virprotect","status":"publish","type":"product","link":"https:\/\/www.stepharmaceuticals.com\/es\/producto\/free-nose-virprotect\/","title":{"rendered":"FREE NOSE\u00ae VIRPROTECT"},"content":{"rendered":"<p><strong><span class=\"HwtZe\" lang=\"es\"><span class=\"jCAhz ChMk0b\"><span class=\"ryNqvb\">Forma una pel\u00edcula protectora sobre la mucosa nasal evitando el contacto de virus y agentes externos.<\/span><\/span> <span class=\"jCAhz ChMk0b\"><span class=\"ryNqvb\">El pH \u00e1cido de su soluci\u00f3n (3-4) ayuda a inactivar los microorganismos y la soluci\u00f3n hipert\u00f3nica contribuye a su eliminaci\u00f3n.<\/span><\/span><\/span><\/strong><\/p>\n<p><span class=\"HwtZe\" lang=\"es\"><span class=\"jCAhz ChMk0b\"><span class=\"ryNqvb\">Soluci\u00f3n salina (cloruro de sodio 2,2%), aceite de s\u00e9samo, goma xantana, aceite esencial de \u00e1rbol de t\u00e9 y lim\u00f3n.<\/span><\/span><\/span><\/p>\n<p><strong>Espray nasal de 20 ml.<\/strong> Es un espray mec\u00e1nico con bomba de refuerzo, sin gas propulsor y con un aplicador nasal de dise\u00f1o anat\u00f3mico.<\/p>\n<p>+12 a\u00f1os.<\/p>\n<p>Duraci\u00f3n: 30 meses.<\/p>\n<p><strong>PRODUCTO SANITARIO CLASE I<\/strong><\/p>\n<p>&nbsp;<\/p>\n","protected":false},"excerpt":{"rendered":"<p>Forma una pel\u00edcula protectora sobre la mucosa nasal evitando el contacto de virus y agentes externos. El pH \u00e1cido de su soluci\u00f3n (3-4) ayuda a inactivar los microorganismos y la soluci\u00f3n hipert\u00f3nica contribuye a su eliminaci\u00f3n. Soluci\u00f3n salina (cloruro de sodio 2,2%), aceite de s\u00e9samo, goma xantana, aceite esencial de \u00e1rbol de t\u00e9 y lim\u00f3n. [&hellip;]<\/p>\n","protected":false},"featured_media":5336,"comment_status":"open","ping_status":"closed","template":"","meta":{"_et_pb_use_builder":"","_et_pb_old_content":"","_et_gb_content_width":""},"product_brand":[],"product_cat":[604,605,606,586,656,649,602,589,594,620,592,613,595,596,597,600,591,655],"product_tag":[603],"class_list":{"0":"post-2926","1":"product","2":"type-product","3":"status-publish","4":"has-post-thumbnail","6":"product_cat-12-years-es","7":"product_cat-14-years-es","8":"product_cat-18-years-es","9":"product_cat-10-es","10":"product_cat-pure-sesame-oil-es","11":"product_cat-tea-tree-es","12":"product_cat-therapeutic-area-es","13":"product_cat-age-es","14":"product_cat-nasal-spray-es","15":"product_cat-xanthan-gum-es","16":"product_cat-ingredients-es","17":"product_cat-lemon-es","18":"product_cat-nose-es","19":"product_cat-preferences-es","20":"product_cat-presentation-es","21":"product_cat-sin-azucar","22":"product_cat-gluten-free-es","23":"product_cat-tocopherols-es","24":"product_tag-10-es","26":"first","27":"instock","28":"shipping-taxable","29":"product-type-simple"},"_links":{"self":[{"href":"https:\/\/www.stepharmaceuticals.com\/es\/wp-json\/wp\/v2\/product\/2926","targetHints":{"allow":["GET"]}}],"collection":[{"href":"https:\/\/www.stepharmaceuticals.com\/es\/wp-json\/wp\/v2\/product"}],"about":[{"href":"https:\/\/www.stepharmaceuticals.com\/es\/wp-json\/wp\/v2\/types\/product"}],"replies":[{"embeddable":true,"href":"https:\/\/www.stepharmaceuticals.com\/es\/wp-json\/wp\/v2\/comments?post=2926"}],"wp:featuredmedia":[{"embeddable":true,"href":"https:\/\/www.stepharmaceuticals.com\/es\/wp-json\/wp\/v2\/media\/5336"}],"wp:attachment":[{"href":"https:\/\/www.stepharmaceuticals.com\/es\/wp-json\/wp\/v2\/media?parent=2926"}],"wp:term":[{"taxonomy":"product_brand","embeddable":true,"href":"https:\/\/www.stepharmaceuticals.com\/es\/wp-json\/wp\/v2\/product_brand?post=2926"},{"taxonomy":"product_cat","embeddable":true,"href":"https:\/\/www.stepharmaceuticals.com\/es\/wp-json\/wp\/v2\/product_cat?post=2926"},{"taxonomy":"product_tag","embeddable":true,"href":"https:\/\/www.stepharmaceuticals.com\/es\/wp-json\/wp\/v2\/product_tag?post=2926"}],"curies":[{"name":"wp","href":"https:\/\/api.w.org\/{rel}","templated":true}]}}