{"id":2922,"date":"2023-05-19T12:00:40","date_gmt":"2023-05-19T12:00:40","guid":{"rendered":"https:\/\/www.stepharmaceuticals.com\/?post_type=product&#038;p=2922"},"modified":"2025-01-27T09:41:18","modified_gmt":"2025-01-27T09:41:18","slug":"free-nose-con-aceite-de-sesamo","status":"publish","type":"product","link":"https:\/\/www.stepharmaceuticals.com\/es\/producto\/free-nose-con-aceite-de-sesamo\/","title":{"rendered":"FREE NOSE\u00ae ACEITE DE S\u00c9SAMO"},"content":{"rendered":"<p><strong>Efecto hidratante de larga duraci\u00f3n. Tratamiento para el alivio eficaz de la sequedad y las costras nasales, lubricando los tejidos, reduciendo la irritaci\u00f3n, el picor y el ardor. Este producto sanitario tambi\u00e9n puede utilizarse para prevenir la sequedad nasal despu\u00e9s de procesos quir\u00fargicos, aires acondicionados o tratamientos farmacol\u00f3gicos, gracias a sus propiedades humectantes.<\/strong><\/p>\n<p>Aceite de s\u00e9samo y mezcla de tocoferoles naturales.<\/p>\n<p><strong>Espray nasal de 15 ml.<\/strong> Es un espray mec\u00e1nico con bomba de refuerzo, sin gas propulsor y con un aplicador nasal de dise\u00f1o anat\u00f3mico.<\/p>\n<p>+3 a\u00f1os.<\/p>\n<p><span class=\"HwtZe\" lang=\"es\"><span class=\"jCAhz ChMk0b\"><span class=\"ryNqvb\">Soluci\u00f3n salina, aceite de s\u00e9samo, goma xantana, aceite esencial de \u00e1rbol de t\u00e9 y lim\u00f3n.<\/span><\/span><\/span><\/p>\n<p><strong>PRODUCTO SANITARIO CLASE IIa<\/strong><\/p>\n<p><strong>Producto con certificaci\u00f3n MDR<\/strong>. Si quieres saber m\u00e1s informaci\u00f3n, puedes hacer <strong><a href=\"..\/blog\/2022\/06\/19\/pharmalink-obtains-the-eu-mdr-certificate\/\">click aqu\u00ed<\/a><\/strong><\/p>\n","protected":false},"excerpt":{"rendered":"<p>Efecto hidratante de larga duraci\u00f3n. Tratamiento para el alivio eficaz de la sequedad y las costras nasales, lubricando los tejidos, reduciendo la irritaci\u00f3n, el picor y el ardor. Este producto sanitario tambi\u00e9n puede utilizarse para prevenir la sequedad nasal despu\u00e9s de procesos quir\u00fargicos, aires acondicionados o tratamientos farmacol\u00f3gicos, gracias a sus propiedades humectantes. Aceite de [&hellip;]<\/p>\n","protected":false},"featured_media":5334,"comment_status":"open","ping_status":"closed","template":"","meta":{"_et_pb_use_builder":"","_et_pb_old_content":"","_et_gb_content_width":""},"product_brand":[],"product_cat":[604,605,606,607,586,588,656,602,589,594,592,622,595,596,597,590,600,591,593,655],"product_tag":[603,394,395,400,396,397],"class_list":{"0":"post-2922","1":"product","2":"type-product","3":"status-publish","4":"has-post-thumbnail","6":"product_cat-12-years-es","7":"product_cat-14-years-es","8":"product_cat-18-years-es","9":"product_cat-6-years-es","10":"product_cat-10-es","11":"product_cat-100-vegano","12":"product_cat-pure-sesame-oil-es","13":"product_cat-therapeutic-area-es","14":"product_cat-age-es","15":"product_cat-nasal-spray-es","16":"product_cat-ingredients-es","17":"product_cat-mint-es","18":"product_cat-nose-es","19":"product_cat-preferences-es","20":"product_cat-presentation-es","21":"product_cat-alcohol-free-es","22":"product_cat-sin-azucar","23":"product_cat-gluten-free-es","24":"product_cat-lactose-free-es","25":"product_cat-tocopherols-es","26":"product_tag-10-es","27":"product_tag-100-vegano-es-2","28":"product_tag-sin-alcohol-es-2","29":"product_tag-sin-azucar-es-2","30":"product_tag-sin-gluten-es-2","31":"product_tag-sin-lactosa-es-2","33":"first","34":"instock","35":"shipping-taxable","36":"product-type-simple"},"_links":{"self":[{"href":"https:\/\/www.stepharmaceuticals.com\/es\/wp-json\/wp\/v2\/product\/2922","targetHints":{"allow":["GET"]}}],"collection":[{"href":"https:\/\/www.stepharmaceuticals.com\/es\/wp-json\/wp\/v2\/product"}],"about":[{"href":"https:\/\/www.stepharmaceuticals.com\/es\/wp-json\/wp\/v2\/types\/product"}],"replies":[{"embeddable":true,"href":"https:\/\/www.stepharmaceuticals.com\/es\/wp-json\/wp\/v2\/comments?post=2922"}],"wp:featuredmedia":[{"embeddable":true,"href":"https:\/\/www.stepharmaceuticals.com\/es\/wp-json\/wp\/v2\/media\/5334"}],"wp:attachment":[{"href":"https:\/\/www.stepharmaceuticals.com\/es\/wp-json\/wp\/v2\/media?parent=2922"}],"wp:term":[{"taxonomy":"product_brand","embeddable":true,"href":"https:\/\/www.stepharmaceuticals.com\/es\/wp-json\/wp\/v2\/product_brand?post=2922"},{"taxonomy":"product_cat","embeddable":true,"href":"https:\/\/www.stepharmaceuticals.com\/es\/wp-json\/wp\/v2\/product_cat?post=2922"},{"taxonomy":"product_tag","embeddable":true,"href":"https:\/\/www.stepharmaceuticals.com\/es\/wp-json\/wp\/v2\/product_tag?post=2922"}],"curies":[{"name":"wp","href":"https:\/\/api.w.org\/{rel}","templated":true}]}}