{"id":2829,"date":"2023-05-15T15:18:31","date_gmt":"2023-05-15T15:18:31","guid":{"rendered":"https:\/\/www.stepharmaceuticals.com\/?post_type=product&#038;p=2829"},"modified":"2025-09-21T10:28:12","modified_gmt":"2025-09-21T10:28:12","slug":"free-nose-agua-de-mar-isotonica-con-aloe-vera","status":"publish","type":"product","link":"https:\/\/www.stepharmaceuticals.com\/es\/producto\/free-nose-agua-de-mar-isotonica-con-aloe-vera\/","title":{"rendered":"FREE NOSE\u00ae AGUA DE MAR ISOT\u00d3NICA CON ALOE VERA"},"content":{"rendered":"<p><strong><span class=\"HwtZe\" lang=\"es\"><span class=\"jCAhz ChMk0b\"><span class=\"ryNqvb\">Agua de mar isot\u00f3nica y aloe vera.<\/span><\/span> <span class=\"jCAhz ChMk0b\"><span class=\"ryNqvb\">Ayuda a limpiar e hidratar la mucosidad nasal de beb\u00e9s, ni\u00f1os y adultos en la higiene nasal diaria y mejora la hidrataci\u00f3n y el alivio de las molestias nasales.<\/span><\/span><\/span><\/strong><\/p>\n<p>Agua de mar isot\u00f3nica y aloe vera.<\/p>\n<p><span class=\"HwtZe\" lang=\"es\"><strong><span class=\"jCAhz ChMk0b\"><span class=\"ryNqvb\">Espray nasal de 120 ml.<\/span><\/span> <\/strong><span class=\"jCAhz ChMk0b\"><span class=\"ryNqvb\">Tecnolog\u00eda Bag on Valve con chorro continuo y sin gas propulsor, que evita el contacto con agentes externos, garantizando las especificaciones microbiol\u00f3gicas.<\/span><\/span> <span class=\"jCAhz ChMk0b\"><span class=\"ryNqvb\">Se puede utilizar en 360\u00ba.<\/span><\/span> <span class=\"jCAhz ChMk0b\"><span class=\"ryNqvb\">Tiene una punta ergon\u00f3mica adaptable a narices de diferentes edades.<\/span><\/span> <span class=\"jCAhz ChMk0b\"><span class=\"ryNqvb\">Disponible en:<\/span><\/span><\/span><\/p>\n<p style=\"padding-left: 40px;\"><span lang=\"\">Espray fuerza suave (<\/span><span lang=\"\">+0 meses).<br \/>\n<\/span><\/p>\n<p style=\"padding-left: 40px;\"><span lang=\"\">Espray fuerza media (<\/span><span lang=\"\">+3 a\u00f1os).<\/span><\/p>\n<p><span class=\"HwtZe\" lang=\"es\"><span class=\"jCAhz ChMk0b\"><span class=\"ryNqvb\">Duraci\u00f3n: 3 a\u00f1os.<\/span><\/span><\/span><\/p>\n<p><strong>PRODUCTO SANITARIO\u00a0CLASE IIa<\/strong><\/p>\n<p><strong>Producto con certificaci\u00f3n MDR<\/strong>. Si quieres saber m\u00e1s informaci\u00f3n, puedes hacer <strong><a href=\"..\/blog\/2022\/06\/19\/pharmalink-obtains-the-eu-mdr-certificate\/\">click aqu\u00ed<\/a><\/strong><\/p>\n","protected":false},"excerpt":{"rendered":"<p>Agua de mar isot\u00f3nica y aloe vera. Ayuda a limpiar e hidratar la mucosidad nasal de beb\u00e9s, ni\u00f1os y adultos en la higiene nasal diaria y mejora la hidrataci\u00f3n y el alivio de las molestias nasales. Agua de mar isot\u00f3nica y aloe vera. Espray nasal de 120 ml. Tecnolog\u00eda Bag on Valve con chorro continuo [&hellip;]<\/p>\n","protected":false},"featured_media":5511,"comment_status":"open","ping_status":"closed","template":"","meta":{"_et_pb_use_builder":"","_et_pb_old_content":"","_et_gb_content_width":""},"product_brand":[],"product_cat":[581,582,604,605,606,583,585,584,607,586,587,588,599,634,602,589,601,594,592,595,596,597,590,600,598,591,593],"product_tag":[603,393,394,401,395,400,399,396,397],"class_list":{"0":"post-2829","1":"product","2":"type-product","3":"status-publish","4":"has-post-thumbnail","6":"product_cat-0-months-es","7":"product_cat-1-year-es","8":"product_cat-12-years-es","9":"product_cat-14-years-es","10":"product_cat-18-years-es","11":"product_cat-2-years-es","12":"product_cat-3-years-es","13":"product_cat-3-months-es","14":"product_cat-6-years-es","15":"product_cat-10-es","16":"product_cat-100-natural-es","17":"product_cat-100-vegano","18":"product_cat-sea-water-es","19":"product_cat-aloe-vera-es","20":"product_cat-therapeutic-area-es","21":"product_cat-age-es","22":"product_cat-sutiable-for-pregnants-es","23":"product_cat-nasal-spray-es","24":"product_cat-ingredients-es","25":"product_cat-nose-es","26":"product_cat-preferences-es","27":"product_cat-presentation-es","28":"product_cat-alcohol-free-es","29":"product_cat-sin-azucar","30":"product_cat-preservative-free-es","31":"product_cat-gluten-free-es","32":"product_cat-lactose-free-es","33":"product_tag-10-es","34":"product_tag-100-natural-es","35":"product_tag-100-vegano-es-2","36":"product_tag-embarazo-es-2","37":"product_tag-sin-alcohol-es-2","38":"product_tag-sin-azucar-es-2","39":"product_tag-sin-conservantes-es-2","40":"product_tag-sin-gluten-es-2","41":"product_tag-sin-lactosa-es-2","43":"first","44":"instock","45":"shipping-taxable","46":"product-type-simple"},"_links":{"self":[{"href":"https:\/\/www.stepharmaceuticals.com\/es\/wp-json\/wp\/v2\/product\/2829","targetHints":{"allow":["GET"]}}],"collection":[{"href":"https:\/\/www.stepharmaceuticals.com\/es\/wp-json\/wp\/v2\/product"}],"about":[{"href":"https:\/\/www.stepharmaceuticals.com\/es\/wp-json\/wp\/v2\/types\/product"}],"replies":[{"embeddable":true,"href":"https:\/\/www.stepharmaceuticals.com\/es\/wp-json\/wp\/v2\/comments?post=2829"}],"wp:featuredmedia":[{"embeddable":true,"href":"https:\/\/www.stepharmaceuticals.com\/es\/wp-json\/wp\/v2\/media\/5511"}],"wp:attachment":[{"href":"https:\/\/www.stepharmaceuticals.com\/es\/wp-json\/wp\/v2\/media?parent=2829"}],"wp:term":[{"taxonomy":"product_brand","embeddable":true,"href":"https:\/\/www.stepharmaceuticals.com\/es\/wp-json\/wp\/v2\/product_brand?post=2829"},{"taxonomy":"product_cat","embeddable":true,"href":"https:\/\/www.stepharmaceuticals.com\/es\/wp-json\/wp\/v2\/product_cat?post=2829"},{"taxonomy":"product_tag","embeddable":true,"href":"https:\/\/www.stepharmaceuticals.com\/es\/wp-json\/wp\/v2\/product_tag?post=2829"}],"curies":[{"name":"wp","href":"https:\/\/api.w.org\/{rel}","templated":true}]}}