{"id":2817,"date":"2023-05-15T13:38:25","date_gmt":"2023-05-15T13:38:25","guid":{"rendered":"https:\/\/www.stepharmaceuticals.com\/?post_type=product&#038;p=2817"},"modified":"2025-09-21T10:19:11","modified_gmt":"2025-09-21T10:19:11","slug":"free-nose-agua-de-mar-isotonica","status":"publish","type":"product","link":"https:\/\/www.stepharmaceuticals.com\/es\/producto\/free-nose-agua-de-mar-isotonica\/","title":{"rendered":"FREE NOSE\u00ae AGUA DE MAR ISOT\u00d3NICA"},"content":{"rendered":"<p><strong><span class=\"HwtZe\" lang=\"es\"><span class=\"jCAhz ChMk0b\"><span class=\"ryNqvb\">Agua de mar isot\u00f3nica para la higiene nasal diaria.<\/span><\/span> <span class=\"jCAhz ChMk0b\"><span class=\"ryNqvb\">Indicado en la limpieza nasal diaria para la prevenci\u00f3n y como coadyuvante terap\u00e9utico en algunas indicaciones como nasofaringitis, rinitis obstructiva, sinusitis y sequedad nasal.<\/span><\/span><\/span><\/strong><\/p>\n<p><span class=\"HwtZe\" lang=\"es\"><span class=\"jCAhz ChMk0b\"><span class=\"ryNqvb\">Agua de mar y agua purificada.<\/span><\/span> <span class=\"jCAhz ChMk0b\"><span class=\"ryNqvb\">Tiene una concentraci\u00f3n de sales igual a la del plasma (0,9 %).<\/span><\/span><\/span><\/p>\n<p><strong>Spray nasal de 120 ml.<\/strong> <span class=\"HwtZe\" lang=\"es\"><span class=\"jCAhz ChMk0b\"><span class=\"ryNqvb\">Tecnolog\u00eda Bag on Valve con chorro continuo y sin gas propulsor, que evita el contacto con agentes externos, garantizando las especificaciones microbiol\u00f3gicas.<\/span><\/span> <span class=\"jCAhz ChMk0b\"><span class=\"ryNqvb\">Se puede utilizar en 360\u00ba.<\/span><\/span> <span class=\"jCAhz ChMk0b\"><span class=\"ryNqvb\">Tiene una punta ergon\u00f3mica adaptable a narices de diferentes edades.<\/span><\/span><\/span> Disponible en:<\/p>\n<p style=\"padding-left: 40px;\"><span class=\"HwtZe\" lang=\"es\"><span class=\"jCAhz ChMk0b\"><span class=\"ryNqvb\">Espray fuerza pedi\u00e1trica (+0 meses).<\/span><\/span> <\/span><\/p>\n<p style=\"padding-left: 40px;\"><span class=\"HwtZe\" lang=\"es\"><span class=\"jCAhz ChMk0b\"><span class=\"ryNqvb\">Espray fuerza suave (+0 meses).<\/span><\/span> <\/span><\/p>\n<p style=\"padding-left: 40px;\"><span class=\"HwtZe\" lang=\"es\"><span class=\"jCAhz ChMk0b\"><span class=\"ryNqvb\">Espray fuerza media (+3 a\u00f1os).<\/span><\/span> <\/span><\/p>\n<p style=\"padding-left: 40px;\"><span class=\"HwtZe\" lang=\"es\"><span class=\"jCAhz ChMk0b\"><span class=\"ryNqvb\">Espray fuerza fuerte (+6 a\u00f1os).<\/span><\/span> <\/span><\/p>\n<p><strong>Espray nasal 30 ml.<\/strong> <span class=\"HwtZe\" lang=\"es\"><span class=\"jCAhz ChMk0b\"><span class=\"ryNqvb\">Es un spray mec\u00e1nico con bomba de refuerzo, sin gas propulsor y con aplicador nasal de dise\u00f1o anat\u00f3mico.<\/span><\/span> <span class=\"jCAhz ChMk0b\"><span class=\"ryNqvb\">Disponible en:<\/span><\/span><\/span><\/p>\n<p style=\"padding-left: 40px;\"><span class=\"HwtZe\" lang=\"es\"><span class=\"jCAhz ChMk0b\"><span class=\"ryNqvb\">Pedi\u00e1trico (+0 meses).<\/span><\/span><\/span><\/p>\n<p style=\"padding-left: 40px;\"><span class=\"HwtZe\" lang=\"es\"><span class=\"jCAhz ChMk0b\"><span class=\"ryNqvb\">Ni\u00f1os y Adultos (+6 a\u00f1os).<\/span><\/span><\/span><\/p>\n<p><span class=\"HwtZe\" lang=\"es\"><span class=\"jCAhz ChMk0b\"><span class=\"ryNqvb\">Duraci\u00f3n: 3 a\u00f1os.<\/span><\/span><\/span><\/p>\n<p><strong>MEDICAL DEVICE CLASE IIa<\/strong><\/p>\n<p><strong>Producto con certificaci\u00f3n MDR<\/strong>. Si quieres saber m\u00e1s informaci\u00f3n, puedes hacer <strong><a href=\"..\/blog\/2022\/06\/19\/pharmalink-obtains-the-eu-mdr-certificate\/\">click aqu\u00ed<\/a><\/strong><\/p>\n","protected":false},"excerpt":{"rendered":"<p>Agua de mar isot\u00f3nica para la higiene nasal diaria. Indicado en la limpieza nasal diaria para la prevenci\u00f3n y como coadyuvante terap\u00e9utico en algunas indicaciones como nasofaringitis, rinitis obstructiva, sinusitis y sequedad nasal. Agua de mar y agua purificada. Tiene una concentraci\u00f3n de sales igual a la del plasma (0,9 %). Spray nasal de 120 [&hellip;]<\/p>\n","protected":false},"featured_media":5502,"comment_status":"open","ping_status":"closed","template":"","meta":{"_et_pb_use_builder":"","_et_pb_old_content":"","_et_gb_content_width":""},"product_brand":[],"product_cat":[581,582,583,585,584,607,586,587,588,599,602,589,601,594,592,595,596,597,590,600,598,591,593],"product_tag":[603,393,394,401,395,400,399,396,397],"class_list":{"0":"post-2817","1":"product","2":"type-product","3":"status-publish","4":"has-post-thumbnail","6":"product_cat-0-months-es","7":"product_cat-1-year-es","8":"product_cat-2-years-es","9":"product_cat-3-years-es","10":"product_cat-3-months-es","11":"product_cat-6-years-es","12":"product_cat-10-es","13":"product_cat-100-natural-es","14":"product_cat-100-vegano","15":"product_cat-sea-water-es","16":"product_cat-therapeutic-area-es","17":"product_cat-age-es","18":"product_cat-sutiable-for-pregnants-es","19":"product_cat-nasal-spray-es","20":"product_cat-ingredients-es","21":"product_cat-nose-es","22":"product_cat-preferences-es","23":"product_cat-presentation-es","24":"product_cat-alcohol-free-es","25":"product_cat-sin-azucar","26":"product_cat-preservative-free-es","27":"product_cat-gluten-free-es","28":"product_cat-lactose-free-es","29":"product_tag-10-es","30":"product_tag-100-natural-es","31":"product_tag-100-vegano-es-2","32":"product_tag-embarazo-es-2","33":"product_tag-sin-alcohol-es-2","34":"product_tag-sin-azucar-es-2","35":"product_tag-sin-conservantes-es-2","36":"product_tag-sin-gluten-es-2","37":"product_tag-sin-lactosa-es-2","39":"first","40":"instock","41":"shipping-taxable","42":"product-type-simple"},"_links":{"self":[{"href":"https:\/\/www.stepharmaceuticals.com\/es\/wp-json\/wp\/v2\/product\/2817","targetHints":{"allow":["GET"]}}],"collection":[{"href":"https:\/\/www.stepharmaceuticals.com\/es\/wp-json\/wp\/v2\/product"}],"about":[{"href":"https:\/\/www.stepharmaceuticals.com\/es\/wp-json\/wp\/v2\/types\/product"}],"replies":[{"embeddable":true,"href":"https:\/\/www.stepharmaceuticals.com\/es\/wp-json\/wp\/v2\/comments?post=2817"}],"wp:featuredmedia":[{"embeddable":true,"href":"https:\/\/www.stepharmaceuticals.com\/es\/wp-json\/wp\/v2\/media\/5502"}],"wp:attachment":[{"href":"https:\/\/www.stepharmaceuticals.com\/es\/wp-json\/wp\/v2\/media?parent=2817"}],"wp:term":[{"taxonomy":"product_brand","embeddable":true,"href":"https:\/\/www.stepharmaceuticals.com\/es\/wp-json\/wp\/v2\/product_brand?post=2817"},{"taxonomy":"product_cat","embeddable":true,"href":"https:\/\/www.stepharmaceuticals.com\/es\/wp-json\/wp\/v2\/product_cat?post=2817"},{"taxonomy":"product_tag","embeddable":true,"href":"https:\/\/www.stepharmaceuticals.com\/es\/wp-json\/wp\/v2\/product_tag?post=2817"}],"curies":[{"name":"wp","href":"https:\/\/api.w.org\/{rel}","templated":true}]}}