{"id":2528,"date":"2023-03-14T10:18:18","date_gmt":"2023-03-14T10:18:18","guid":{"rendered":"https:\/\/www.stepharmaceuticals.com\/producto\/quickcalm\/"},"modified":"2025-01-24T09:29:50","modified_gmt":"2025-01-24T09:29:50","slug":"quickcalm","status":"publish","type":"product","link":"https:\/\/www.stepharmaceuticals.com\/es\/producto\/quickcalm\/","title":{"rendered":"QUICK CALM"},"content":{"rendered":"<p><strong>Ayuda a calmar los nervios cuando se siente agobiado. Las vitaminas B1 y B6 contribuyen al funcionamiento normal del sistema nervioso. La amapola de California se est\u00e1 estudiando para el tratamiento del insomnio, el dolor, la agitaci\u00f3n nerviosaa y tambi\u00e9n es conocida por su uso para ayudar a promover la relajaci\u00f3n. El aceite esencial de manzanilla romana tiene propiedades para aliviar la ansiedad.<\/strong><\/p>\n<p>Contiene amapola de California, vitamina B1, vitamina B6 y aceite esencial de manzanilla romana. Sabor a menta.<\/p>\n<p>Spray bucal de 10 ml.<\/p>\n<p>+12 a\u00f1os.<\/p>\n<p>Duraci\u00f3n: 2 a\u00f1os.<\/p>\n<p><strong>COMPLEMENTO ALIMENTICIO<\/strong><\/p>\n","protected":false},"excerpt":{"rendered":"<p>Ayuda a calmar los nervios cuando se siente agobiado. Las vitaminas B1 y B6 contribuyen al funcionamiento normal del sistema nervioso. La amapola de California se est\u00e1 estudiando para el tratamiento del insomnio, el dolor, la agitaci\u00f3n nerviosaa y tambi\u00e9n es conocida por su uso para ayudar a promover la relajaci\u00f3n. El aceite esencial de [&hellip;]<\/p>\n","protected":false},"featured_media":5285,"comment_status":"open","ping_status":"closed","template":"","meta":{"_et_pb_use_builder":"","_et_pb_old_content":"","_et_gb_content_width":""},"product_brand":[],"product_cat":[604,605,606,586,588,722,723,602,589,623,725,592,724,596,597,590,591,593,668],"product_tag":[603,394,395,396,397],"class_list":{"0":"post-2528","1":"product","2":"type-product","3":"status-publish","4":"has-post-thumbnail","6":"product_cat-12-years-es","7":"product_cat-14-years-es","8":"product_cat-18-years-es","9":"product_cat-10-es","10":"product_cat-100-vegano","11":"product_cat-5-htp-es","12":"product_cat-californian-poppy-es","13":"product_cat-therapeutic-area-es","14":"product_cat-age-es","15":"product_cat-oral-spray-es","16":"product_cat-stress-es","17":"product_cat-ingredients-es","18":"product_cat-chamomile-es","19":"product_cat-preferences-es","20":"product_cat-presentation-es","21":"product_cat-alcohol-free-es","22":"product_cat-gluten-free-es","23":"product_cat-lactose-free-es","24":"product_cat-vitamin-b6-es","25":"product_tag-10-es","26":"product_tag-100-vegano-es-2","27":"product_tag-sin-alcohol-es-2","28":"product_tag-sin-gluten-es-2","29":"product_tag-sin-lactosa-es-2","31":"first","32":"instock","33":"shipping-taxable","34":"product-type-simple"},"_links":{"self":[{"href":"https:\/\/www.stepharmaceuticals.com\/es\/wp-json\/wp\/v2\/product\/2528","targetHints":{"allow":["GET"]}}],"collection":[{"href":"https:\/\/www.stepharmaceuticals.com\/es\/wp-json\/wp\/v2\/product"}],"about":[{"href":"https:\/\/www.stepharmaceuticals.com\/es\/wp-json\/wp\/v2\/types\/product"}],"replies":[{"embeddable":true,"href":"https:\/\/www.stepharmaceuticals.com\/es\/wp-json\/wp\/v2\/comments?post=2528"}],"wp:featuredmedia":[{"embeddable":true,"href":"https:\/\/www.stepharmaceuticals.com\/es\/wp-json\/wp\/v2\/media\/5285"}],"wp:attachment":[{"href":"https:\/\/www.stepharmaceuticals.com\/es\/wp-json\/wp\/v2\/media?parent=2528"}],"wp:term":[{"taxonomy":"product_brand","embeddable":true,"href":"https:\/\/www.stepharmaceuticals.com\/es\/wp-json\/wp\/v2\/product_brand?post=2528"},{"taxonomy":"product_cat","embeddable":true,"href":"https:\/\/www.stepharmaceuticals.com\/es\/wp-json\/wp\/v2\/product_cat?post=2528"},{"taxonomy":"product_tag","embeddable":true,"href":"https:\/\/www.stepharmaceuticals.com\/es\/wp-json\/wp\/v2\/product_tag?post=2528"}],"curies":[{"name":"wp","href":"https:\/\/api.w.org\/{rel}","templated":true}]}}