{"id":2527,"date":"2023-03-14T11:18:18","date_gmt":"2023-03-14T11:18:18","guid":{"rendered":"https:\/\/www.stepharmaceuticals.com\/producto\/royaljelly500mgjunior\/"},"modified":"2025-01-24T09:54:59","modified_gmt":"2025-01-24T09:54:59","slug":"royaljelly500mgjunior","status":"publish","type":"product","link":"https:\/\/www.stepharmaceuticals.com\/es\/producto\/royaljelly500mgjunior\/","title":{"rendered":"JALEA REAL 500 mg \u201cJUNIOR\u201d"},"content":{"rendered":"<p><strong>Ayuda a promover un crecimiento y desarrollo sanos. Con jalea real liofilizada (&gt;4% de \u00e1cido 10-hidroxidecenoico) que es una fuente de nutrientes como amino\u00e1cidos esenciales, vitaminas, minerales, oligoelementos, \u00e1cidos nucleicos y 10-HDA, un compuesto bioactivo y un par\u00e1metro de calidad para garantizar la genuinidad de la jalea real.<\/strong><\/p>\n<p>Los viales monodosis permiten una dosificaci\u00f3n exacta y se presentan en una caja compacta con precinto de seguridad. Dispone de una primera verificaci\u00f3n de apertura y se puede volver a cerrar en cualquier momento.<\/p>\n<p>500 mg de jalea real liofilizada. Sabor pl\u00e1tano.<\/p>\n<p>10, 14 o 20 viales monodosis bebibles de 10 ml cada uno.<\/p>\n<p>+ 3 a\u00f1os.<\/p>\n<p>Duraci\u00f3n: 3 a\u00f1os.<\/p>\n<p><strong>COMPLEMENTO ALIMENTICIO<\/strong><\/p>\n","protected":false},"excerpt":{"rendered":"<p>Ayuda a promover un crecimiento y desarrollo sanos. Con jalea real liofilizada (&gt;4% de \u00e1cido 10-hidroxidecenoico) que es una fuente de nutrientes como amino\u00e1cidos esenciales, vitaminas, minerales, oligoelementos, \u00e1cidos nucleicos y 10-HDA, un compuesto bioactivo y un par\u00e1metro de calidad para garantizar la genuinidad de la jalea real. Los viales monodosis permiten una dosificaci\u00f3n exacta [&hellip;]<\/p>\n","protected":false},"featured_media":5275,"comment_status":"open","ping_status":"closed","template":"","meta":{"_et_pb_use_builder":"","_et_pb_old_content":"","_et_gb_content_width":""},"product_brand":[],"product_cat":[604,605,585,607,602,589,592,662,717,596,597,590,591,593,632],"product_tag":[395,396,397],"class_list":{"0":"post-2527","1":"product","2":"type-product","3":"status-publish","4":"has-post-thumbnail","6":"product_cat-12-years-es","7":"product_cat-14-years-es","8":"product_cat-3-years-es","9":"product_cat-6-years-es","10":"product_cat-therapeutic-area-es","11":"product_cat-age-es","12":"product_cat-ingredients-es","13":"product_cat-royal-jelly-ingredients-es","14":"product_cat-royal-jelly-es","15":"product_cat-preferences-es","16":"product_cat-presentation-es","17":"product_cat-alcohol-free-es","18":"product_cat-gluten-free-es","19":"product_cat-lactose-free-es","20":"product_cat-single-dose-vials-es","21":"product_tag-sin-alcohol-es-2","22":"product_tag-sin-gluten-es-2","23":"product_tag-sin-lactosa-es-2","25":"first","26":"instock","27":"shipping-taxable","28":"product-type-simple"},"_links":{"self":[{"href":"https:\/\/www.stepharmaceuticals.com\/es\/wp-json\/wp\/v2\/product\/2527","targetHints":{"allow":["GET"]}}],"collection":[{"href":"https:\/\/www.stepharmaceuticals.com\/es\/wp-json\/wp\/v2\/product"}],"about":[{"href":"https:\/\/www.stepharmaceuticals.com\/es\/wp-json\/wp\/v2\/types\/product"}],"replies":[{"embeddable":true,"href":"https:\/\/www.stepharmaceuticals.com\/es\/wp-json\/wp\/v2\/comments?post=2527"}],"wp:featuredmedia":[{"embeddable":true,"href":"https:\/\/www.stepharmaceuticals.com\/es\/wp-json\/wp\/v2\/media\/5275"}],"wp:attachment":[{"href":"https:\/\/www.stepharmaceuticals.com\/es\/wp-json\/wp\/v2\/media?parent=2527"}],"wp:term":[{"taxonomy":"product_brand","embeddable":true,"href":"https:\/\/www.stepharmaceuticals.com\/es\/wp-json\/wp\/v2\/product_brand?post=2527"},{"taxonomy":"product_cat","embeddable":true,"href":"https:\/\/www.stepharmaceuticals.com\/es\/wp-json\/wp\/v2\/product_cat?post=2527"},{"taxonomy":"product_tag","embeddable":true,"href":"https:\/\/www.stepharmaceuticals.com\/es\/wp-json\/wp\/v2\/product_tag?post=2527"}],"curies":[{"name":"wp","href":"https:\/\/api.w.org\/{rel}","templated":true}]}}