{"id":2518,"date":"2023-03-14T11:18:19","date_gmt":"2023-03-14T11:18:19","guid":{"rendered":"https:\/\/www.stepharmaceuticals.com\/producto\/appetite-kids-syrup\/"},"modified":"2025-01-24T09:58:41","modified_gmt":"2025-01-24T09:58:41","slug":"appetite-syrup","status":"publish","type":"product","link":"https:\/\/www.stepharmaceuticals.com\/es\/producto\/appetite-syrup\/","title":{"rendered":"JARABE APPETITE"},"content":{"rendered":"<p><strong>Ayuda a promover el apetito gracias a su contenido en quina (&gt;8% de alcaloides). El extracto de algarroba y manzana presentes en esta formulaci\u00f3n proporcionan un \u00edndice gluc\u00e9mico m\u00e1s bajo (41-42) en comparaci\u00f3n con la glucosa (100).<\/strong><\/p>\n<p>A base de quina, jalea real, miel y polen. Jarabe 100% natural, sin conservantes y con bajo \u00edndice gluc\u00e9mico.<\/p>\n<p>Jarabe de 182 g (aproximadamente 140 ml) en botella de vidrio.<\/p>\n<p>+3 a\u00f1os.<\/p>\n<p>Duraci\u00f3n: 30 meses.<\/p>\n<p><strong>COMPLEMENTO ALIMENTICIO<\/strong><\/p>\n","protected":false},"excerpt":{"rendered":"<p>Ayuda a promover el apetito gracias a su contenido en quina (&gt;8% de alcaloides). El extracto de algarroba y manzana presentes en esta formulaci\u00f3n proporcionan un \u00edndice gluc\u00e9mico m\u00e1s bajo (41-42) en comparaci\u00f3n con la glucosa (100). A base de quina, jalea real, miel y polen. Jarabe 100% natural, sin conservantes y con bajo \u00edndice [&hellip;]<\/p>\n","protected":false},"featured_media":5291,"comment_status":"open","ping_status":"closed","template":"","meta":{"_et_pb_use_builder":"","_et_pb_old_content":"","_et_gb_content_width":""},"product_brand":[],"product_cat":[584,587,704,602,614,589,592,662,611,609,676,596,597,590,598,591,593],"product_tag":[393,398,395,399,396,397],"class_list":{"0":"post-2518","1":"product","2":"type-product","3":"status-publish","4":"has-post-thumbnail","6":"product_cat-3-months-es","7":"product_cat-100-natural-es","8":"product_cat-appetite-es","9":"product_cat-therapeutic-area-es","10":"product_cat-bajo-ig","11":"product_cat-age-es","12":"product_cat-ingredients-es","13":"product_cat-royal-jelly-ingredients-es","14":"product_cat-syrup-es","15":"product_cat-honey-es","16":"product_cat-pollen-es","17":"product_cat-preferences-es","18":"product_cat-presentation-es","19":"product_cat-alcohol-free-es","20":"product_cat-preservative-free-es","21":"product_cat-gluten-free-es","22":"product_cat-lactose-free-es","23":"product_tag-100-natural-es","24":"product_tag-low-gi-es-2","25":"product_tag-sin-alcohol-es-2","26":"product_tag-sin-conservantes-es-2","27":"product_tag-sin-gluten-es-2","28":"product_tag-sin-lactosa-es-2","30":"first","31":"instock","32":"shipping-taxable","33":"product-type-simple"},"_links":{"self":[{"href":"https:\/\/www.stepharmaceuticals.com\/es\/wp-json\/wp\/v2\/product\/2518","targetHints":{"allow":["GET"]}}],"collection":[{"href":"https:\/\/www.stepharmaceuticals.com\/es\/wp-json\/wp\/v2\/product"}],"about":[{"href":"https:\/\/www.stepharmaceuticals.com\/es\/wp-json\/wp\/v2\/types\/product"}],"replies":[{"embeddable":true,"href":"https:\/\/www.stepharmaceuticals.com\/es\/wp-json\/wp\/v2\/comments?post=2518"}],"wp:featuredmedia":[{"embeddable":true,"href":"https:\/\/www.stepharmaceuticals.com\/es\/wp-json\/wp\/v2\/media\/5291"}],"wp:attachment":[{"href":"https:\/\/www.stepharmaceuticals.com\/es\/wp-json\/wp\/v2\/media?parent=2518"}],"wp:term":[{"taxonomy":"product_brand","embeddable":true,"href":"https:\/\/www.stepharmaceuticals.com\/es\/wp-json\/wp\/v2\/product_brand?post=2518"},{"taxonomy":"product_cat","embeddable":true,"href":"https:\/\/www.stepharmaceuticals.com\/es\/wp-json\/wp\/v2\/product_cat?post=2518"},{"taxonomy":"product_tag","embeddable":true,"href":"https:\/\/www.stepharmaceuticals.com\/es\/wp-json\/wp\/v2\/product_tag?post=2518"}],"curies":[{"name":"wp","href":"https:\/\/api.w.org\/{rel}","templated":true}]}}