{"id":2517,"date":"2023-03-14T11:18:19","date_gmt":"2023-03-14T11:18:19","guid":{"rendered":"https:\/\/www.stepharmaceuticals.com\/producto\/royaljelly1000mglcarnitineperformance\/"},"modified":"2025-01-24T09:46:52","modified_gmt":"2025-01-24T09:46:52","slug":"royaljelly1000mglcarnitineperformance","status":"publish","type":"product","link":"https:\/\/www.stepharmaceuticals.com\/es\/producto\/royaljelly1000mglcarnitineperformance\/","title":{"rendered":"JALEA REAL 1000 mg + L-CARNITINA \u201dPERFORMANCE\u201d"},"content":{"rendered":"<p><strong>Est\u00e1 recomendado para personas que tienen un estilo de vida muy activo, como deportistas profesionales o aficionados, atletas de resistencia (marat\u00f3n, ciclismo en carretera, marcha&#8230;) y ultra resistencia (Triatl\u00f3n, Ironman&#8230;) que quieran mejorar su rendimiento f\u00edsico. Con jalea real liofilizada (&gt;4% de \u00e1cido 10-hidroxidecenoico).<\/strong><\/p>\n<p>Los viales monodosis permiten una dosis exacta y se presentan en una caja compacta con precinto de seguridad. Dispone de una primera verificaci\u00f3n de apertura y se puede volver a cerrar en cualquier momento.<\/p>\n<p>1000 mg de jalea real liofilizada y L-carnitina. Sabor lim\u00f3n.<\/p>\n<p>10, 14 o 20 viales monodosis bebibles de 10 ml cada uno.<\/p>\n<p>+ 12 a\u00f1os.<\/p>\n<p>Duraci\u00f3n: 2 a\u00f1os.<\/p>\n<p><strong>COMPLEMENTO ALIMENTICIO<\/strong><\/p>\n","protected":false},"excerpt":{"rendered":"<p>Est\u00e1 recomendado para personas que tienen un estilo de vida muy activo, como deportistas profesionales o aficionados, atletas de resistencia (marat\u00f3n, ciclismo en carretera, marcha&#8230;) y ultra resistencia (Triatl\u00f3n, Ironman&#8230;) que quieran mejorar su rendimiento f\u00edsico. Con jalea real liofilizada (&gt;4% de \u00e1cido 10-hidroxidecenoico). Los viales monodosis permiten una dosis exacta y se presentan en [&hellip;]<\/p>\n","protected":false},"featured_media":5281,"comment_status":"open","ping_status":"closed","template":"","meta":{"_et_pb_use_builder":"","_et_pb_old_content":"","_et_gb_content_width":""},"product_brand":[],"product_cat":[604,605,602,589,592,662,717,719,596,597,590,591,593,632],"product_tag":[395,396,397],"class_list":{"0":"post-2517","1":"product","2":"type-product","3":"status-publish","4":"has-post-thumbnail","6":"product_cat-12-years-es","7":"product_cat-14-years-es","8":"product_cat-therapeutic-area-es","9":"product_cat-age-es","10":"product_cat-ingredients-es","11":"product_cat-royal-jelly-ingredients-es","12":"product_cat-royal-jelly-es","13":"product_cat-l-carnitine-es","14":"product_cat-preferences-es","15":"product_cat-presentation-es","16":"product_cat-alcohol-free-es","17":"product_cat-gluten-free-es","18":"product_cat-lactose-free-es","19":"product_cat-single-dose-vials-es","20":"product_tag-sin-alcohol-es-2","21":"product_tag-sin-gluten-es-2","22":"product_tag-sin-lactosa-es-2","24":"first","25":"instock","26":"shipping-taxable","27":"product-type-simple"},"_links":{"self":[{"href":"https:\/\/www.stepharmaceuticals.com\/es\/wp-json\/wp\/v2\/product\/2517","targetHints":{"allow":["GET"]}}],"collection":[{"href":"https:\/\/www.stepharmaceuticals.com\/es\/wp-json\/wp\/v2\/product"}],"about":[{"href":"https:\/\/www.stepharmaceuticals.com\/es\/wp-json\/wp\/v2\/types\/product"}],"replies":[{"embeddable":true,"href":"https:\/\/www.stepharmaceuticals.com\/es\/wp-json\/wp\/v2\/comments?post=2517"}],"wp:featuredmedia":[{"embeddable":true,"href":"https:\/\/www.stepharmaceuticals.com\/es\/wp-json\/wp\/v2\/media\/5281"}],"wp:attachment":[{"href":"https:\/\/www.stepharmaceuticals.com\/es\/wp-json\/wp\/v2\/media?parent=2517"}],"wp:term":[{"taxonomy":"product_brand","embeddable":true,"href":"https:\/\/www.stepharmaceuticals.com\/es\/wp-json\/wp\/v2\/product_brand?post=2517"},{"taxonomy":"product_cat","embeddable":true,"href":"https:\/\/www.stepharmaceuticals.com\/es\/wp-json\/wp\/v2\/product_cat?post=2517"},{"taxonomy":"product_tag","embeddable":true,"href":"https:\/\/www.stepharmaceuticals.com\/es\/wp-json\/wp\/v2\/product_tag?post=2517"}],"curies":[{"name":"wp","href":"https:\/\/api.w.org\/{rel}","templated":true}]}}