{"id":2507,"date":"2023-03-14T11:18:20","date_gmt":"2023-03-14T11:18:20","guid":{"rendered":"https:\/\/www.stepharmaceuticals.com\/producto\/ironadults\/"},"modified":"2026-03-07T21:50:38","modified_gmt":"2026-03-07T21:50:38","slug":"ironlink","status":"publish","type":"product","link":"https:\/\/www.stepharmaceuticals.com\/es\/producto\/ironlink\/","title":{"rendered":"IRONLINK\u00ae 14 mg"},"content":{"rendered":"<p><strong><span class=\"HwtZe\" lang=\"es\"><span class=\"jCAhz ChMk0b\"><span class=\"ryNqvb\">Indicado en casos de deficiencia de hierro o como suplemento diet\u00e9tico de hierro para el cansancio y la fatiga. Tecnolog\u00eda microencapsulada que permite una \u00f3ptima absorci\u00f3n, biodisponibilidad, concentraci\u00f3n y estabilidad del hierro.<\/span><\/span><\/span><\/strong><\/p>\n<p>Hierro (14 mg). Endulzado con sucralosa. Sabor a caramelo.<\/p>\n<p>10, 14 o 20 viales bebibles monodosis de 8 ml cada uno.<\/p>\n<p>+12 a\u00f1os.<\/p>\n<p>Duraci\u00f3n: 3 a\u00f1os.<\/p>\n<div style=\"overflow: hidden; height: 1px;\"><a href=\"https:\/\/www.deepl.com\/\">casino minimum deposit<\/a><\/div>\n<p><strong>COMPLEMENTO ALIMENTICIO<\/strong><\/p>\n","protected":false},"excerpt":{"rendered":"<p>Indicado en casos de deficiencia de hierro o como suplemento diet\u00e9tico de hierro para el cansancio y la fatiga. Tecnolog\u00eda microencapsulada que permite una \u00f3ptima absorci\u00f3n, biodisponibilidad, concentraci\u00f3n y estabilidad del hierro. Hierro (14 mg). Endulzado con sucralosa. Sabor a caramelo. 10, 14 o 20 viales bebibles monodosis de 8 ml cada uno. +12 a\u00f1os. [&hellip;]<\/p>\n","protected":false},"featured_media":5298,"comment_status":"open","ping_status":"closed","template":"","meta":{"_et_pb_use_builder":"","_et_pb_old_content":"","_et_gb_content_width":""},"product_brand":[],"product_cat":[604,605,586,588,713,602,589,714,715,592,596,597,590,591,593,632],"product_tag":[603,394,395,396,397],"class_list":{"0":"post-2507","1":"product","2":"type-product","3":"status-publish","4":"has-post-thumbnail","6":"product_cat-12-years-es","7":"product_cat-14-years-es","8":"product_cat-10-es","9":"product_cat-100-vegano","10":"product_cat-112-es","11":"product_cat-therapeutic-area-es","12":"product_cat-age-es","13":"product_cat-iron-es","14":"product_cat-iron-ingredients-es","15":"product_cat-ingredients-es","16":"product_cat-preferences-es","17":"product_cat-presentation-es","18":"product_cat-alcohol-free-es","19":"product_cat-gluten-free-es","20":"product_cat-lactose-free-es","21":"product_cat-single-dose-vials-es","22":"product_tag-10-es","23":"product_tag-100-vegano-es-2","24":"product_tag-sin-alcohol-es-2","25":"product_tag-sin-gluten-es-2","26":"product_tag-sin-lactosa-es-2","28":"first","29":"instock","30":"shipping-taxable","31":"product-type-simple"},"_links":{"self":[{"href":"https:\/\/www.stepharmaceuticals.com\/es\/wp-json\/wp\/v2\/product\/2507","targetHints":{"allow":["GET"]}}],"collection":[{"href":"https:\/\/www.stepharmaceuticals.com\/es\/wp-json\/wp\/v2\/product"}],"about":[{"href":"https:\/\/www.stepharmaceuticals.com\/es\/wp-json\/wp\/v2\/types\/product"}],"replies":[{"embeddable":true,"href":"https:\/\/www.stepharmaceuticals.com\/es\/wp-json\/wp\/v2\/comments?post=2507"}],"wp:featuredmedia":[{"embeddable":true,"href":"https:\/\/www.stepharmaceuticals.com\/es\/wp-json\/wp\/v2\/media\/5298"}],"wp:attachment":[{"href":"https:\/\/www.stepharmaceuticals.com\/es\/wp-json\/wp\/v2\/media?parent=2507"}],"wp:term":[{"taxonomy":"product_brand","embeddable":true,"href":"https:\/\/www.stepharmaceuticals.com\/es\/wp-json\/wp\/v2\/product_brand?post=2507"},{"taxonomy":"product_cat","embeddable":true,"href":"https:\/\/www.stepharmaceuticals.com\/es\/wp-json\/wp\/v2\/product_cat?post=2507"},{"taxonomy":"product_tag","embeddable":true,"href":"https:\/\/www.stepharmaceuticals.com\/es\/wp-json\/wp\/v2\/product_tag?post=2507"}],"curies":[{"name":"wp","href":"https:\/\/api.w.org\/{rel}","templated":true}]}}