{"id":2505,"date":"2023-03-14T11:18:20","date_gmt":"2023-03-14T11:18:20","guid":{"rendered":"https:\/\/www.stepharmaceuticals.com\/producto\/salinesolution02hyaluronicacidnasalspray\/"},"modified":"2025-01-27T10:01:09","modified_gmt":"2025-01-27T10:01:09","slug":"freenosehyaluronic02","status":"publish","type":"product","link":"https:\/\/www.stepharmaceuticals.com\/es\/producto\/freenosehyaluronic02\/","title":{"rendered":"FREE NOSE\u00ae HYALURONIC 0.2%"},"content":{"rendered":"<p><strong><span class=\"HwtZe\" lang=\"es\"><span class=\"jCAhz ChMk0b\"><span class=\"ryNqvb\">Est\u00e1 dise\u00f1ado para ayudar y restaurar la mucosa nasal debido a su alto poder hidratante.<\/span><\/span> <span class=\"jCAhz ChMk0b\"><span class=\"ryNqvb\">Se recomienda en situaciones que requieran la hidrataci\u00f3n de la mucosa nasal seca como consecuencia de diversas causas como rinitis por gripe, alergias y fosas nasales secas despu\u00e9s de cirug\u00eda, aire acondicionado y tratamientos farmacol\u00f3gicos.<\/span><\/span><\/span><\/strong><\/p>\n<p>Soluci\u00f3n salina (cloruro s\u00f3dico 0,9%), \u00e1cido hialur\u00f3nico (0,2%).<\/p>\n<p><strong>Espray nasal de 20 ml.<\/strong> Es un espray mec\u00e1nico con bomba de refuerzo, sin gas propulsor y con un aplicador nasal de dise\u00f1o anat\u00f3mico.<\/p>\n<p>+1 a\u00f1o.<\/p>\n<p>Duraci\u00f3n: 3 a\u00f1os.<\/p>\n<p><strong>PRODUCTO SANITARIO CLASE IIa<\/strong><\/p>\n<p><strong>Producto con certificaci\u00f3n MDR. Si quieres saber m\u00e1s informaci\u00f3n, puedes hacer <a href=\"..\/blog\/2022\/06\/19\/pharmalink-obtains-the-eu-mdr-certificate\/\">click aqu\u00ed<\/a><\/strong><\/p>\n","protected":false},"excerpt":{"rendered":"<p>Est\u00e1 dise\u00f1ado para ayudar y restaurar la mucosa nasal debido a su alto poder hidratante. Se recomienda en situaciones que requieran la hidrataci\u00f3n de la mucosa nasal seca como consecuencia de diversas causas como rinitis por gripe, alergias y fosas nasales secas despu\u00e9s de cirug\u00eda, aire acondicionado y tratamientos farmacol\u00f3gicos. Soluci\u00f3n salina (cloruro s\u00f3dico 0,9%), [&hellip;]<\/p>\n","protected":false},"featured_media":5345,"comment_status":"open","ping_status":"closed","template":"","meta":{"_et_pb_use_builder":"","_et_pb_old_content":"","_et_gb_content_width":""},"product_brand":[],"product_cat":[582,604,605,583,585,607,586,706,588,707,708,709,710,711,712,648,602,589,594,592,595,596,597,590,600,591,593],"product_tag":[603,394,395,400,396,397],"class_list":{"0":"post-2505","1":"product","2":"type-product","3":"status-publish","4":"has-post-thumbnail","6":"product_cat-1-year-es","7":"product_cat-12-years-es","8":"product_cat-14-years-es","9":"product_cat-2-years-es","10":"product_cat-3-years-es","11":"product_cat-6-years-es","12":"product_cat-10-es","13":"product_cat-100-es","14":"product_cat-100-vegano","15":"product_cat-103-es","16":"product_cat-113-es","17":"product_cat-114-es","18":"product_cat-115-es","19":"product_cat-90-es","20":"product_cat-96-es","21":"product_cat-hyaluronic-acid-es","22":"product_cat-therapeutic-area-es","23":"product_cat-age-es","24":"product_cat-nasal-spray-es","25":"product_cat-ingredients-es","26":"product_cat-nose-es","27":"product_cat-preferences-es","28":"product_cat-presentation-es","29":"product_cat-alcohol-free-es","30":"product_cat-sin-azucar","31":"product_cat-gluten-free-es","32":"product_cat-lactose-free-es","33":"product_tag-10-es","34":"product_tag-100-vegano-es-2","35":"product_tag-sin-alcohol-es-2","36":"product_tag-sin-azucar-es-2","37":"product_tag-sin-gluten-es-2","38":"product_tag-sin-lactosa-es-2","40":"first","41":"instock","42":"shipping-taxable","43":"product-type-simple"},"_links":{"self":[{"href":"https:\/\/www.stepharmaceuticals.com\/es\/wp-json\/wp\/v2\/product\/2505","targetHints":{"allow":["GET"]}}],"collection":[{"href":"https:\/\/www.stepharmaceuticals.com\/es\/wp-json\/wp\/v2\/product"}],"about":[{"href":"https:\/\/www.stepharmaceuticals.com\/es\/wp-json\/wp\/v2\/types\/product"}],"replies":[{"embeddable":true,"href":"https:\/\/www.stepharmaceuticals.com\/es\/wp-json\/wp\/v2\/comments?post=2505"}],"wp:featuredmedia":[{"embeddable":true,"href":"https:\/\/www.stepharmaceuticals.com\/es\/wp-json\/wp\/v2\/media\/5345"}],"wp:attachment":[{"href":"https:\/\/www.stepharmaceuticals.com\/es\/wp-json\/wp\/v2\/media?parent=2505"}],"wp:term":[{"taxonomy":"product_brand","embeddable":true,"href":"https:\/\/www.stepharmaceuticals.com\/es\/wp-json\/wp\/v2\/product_brand?post=2505"},{"taxonomy":"product_cat","embeddable":true,"href":"https:\/\/www.stepharmaceuticals.com\/es\/wp-json\/wp\/v2\/product_cat?post=2505"},{"taxonomy":"product_tag","embeddable":true,"href":"https:\/\/www.stepharmaceuticals.com\/es\/wp-json\/wp\/v2\/product_tag?post=2505"}],"curies":[{"name":"wp","href":"https:\/\/api.w.org\/{rel}","templated":true}]}}