{"id":2504,"date":"2023-03-14T11:18:20","date_gmt":"2023-03-14T11:18:20","guid":{"rendered":"https:\/\/www.stepharmaceuticals.com\/producto\/salinesolutionhyaluronicacidplusnasalspray\/"},"modified":"2025-01-27T10:03:14","modified_gmt":"2025-01-27T10:03:14","slug":"freenosehyaluronicplus","status":"publish","type":"product","link":"https:\/\/www.stepharmaceuticals.com\/es\/producto\/freenosehyaluronicplus\/","title":{"rendered":"FREE NOSE\u00ae HYALURONIC PLUS"},"content":{"rendered":"<p><strong><span class=\"HwtZe\" lang=\"es\"><span class=\"jCAhz ChMk0b\"><span class=\"ryNqvb\">Est\u00e1 dise\u00f1ado para ayudar y restaurar la mucosa nasal debido a su alto poder hidratante.<\/span><\/span> <span class=\"jCAhz ChMk0b\"><span class=\"ryNqvb\">El producto forma una pel\u00edcula protectora sobre la mucosa nasal ayudando a restaurar la barrera natural de la membrana mucosa.<\/span><\/span> <span class=\"jCAhz ChMk0b\"><span class=\"ryNqvb\">Tambi\u00e9n hidrata la mucosa nasal seca y estresada ayudando a su cicatrizaci\u00f3n.<\/span><\/span> <span class=\"jCAhz ChMk0b\"><span class=\"ryNqvb\">Se recomienda para la prevenci\u00f3n de los s\u00edntomas de la rinitis y como terapia adicional en el tratamiento de la rinitis.<\/span><\/span><\/span><\/strong><\/p>\n<p>Soluci\u00f3n salina (cloruro s\u00f3dico 0,9%), dexpantenol (3%), \u00e1cido hialur\u00f3nico (0,2%) y goma xantana<\/p>\n<p><strong>Espray nasal de 20 ml.<\/strong> Es un espray mec\u00e1nico con bomba de refuerzo, sin gas propulsor y con un aplicador nasal de dise\u00f1o anat\u00f3mico.<\/p>\n<p>+1 a\u00f1o.<\/p>\n<p>Duraci\u00f3n: 3 a\u00f1os.<\/p>\n<p><strong>PRODUCTO SANITARIO CLASE IIa<\/strong><\/p>\n<p><strong> Producto con certificaci\u00f3n MDR. Si quieres saber m\u00e1s informaci\u00f3n, puedes hacer <a href=\"..\/blog\/2022\/06\/19\/pharmalink-obtains-the-eu-mdr-certificate\/\">click aqu\u00ed<\/a><\/strong><\/p>\n","protected":false},"excerpt":{"rendered":"<p>Est\u00e1 dise\u00f1ado para ayudar y restaurar la mucosa nasal debido a su alto poder hidratante. El producto forma una pel\u00edcula protectora sobre la mucosa nasal ayudando a restaurar la barrera natural de la membrana mucosa. Tambi\u00e9n hidrata la mucosa nasal seca y estresada ayudando a su cicatrizaci\u00f3n. Se recomienda para la prevenci\u00f3n de los s\u00edntomas [&hellip;]<\/p>\n","protected":false},"featured_media":5343,"comment_status":"open","ping_status":"closed","template":"","meta":{"_et_pb_use_builder":"","_et_pb_old_content":"","_et_gb_content_width":""},"product_brand":[],"product_cat":[582,604,605,583,585,607,586,588,648,602,589,594,592,595,596,597,590,600,591,593],"product_tag":[603,394,395,400,396,397],"class_list":{"0":"post-2504","1":"product","2":"type-product","3":"status-publish","4":"has-post-thumbnail","6":"product_cat-1-year-es","7":"product_cat-12-years-es","8":"product_cat-14-years-es","9":"product_cat-2-years-es","10":"product_cat-3-years-es","11":"product_cat-6-years-es","12":"product_cat-10-es","13":"product_cat-100-vegano","14":"product_cat-hyaluronic-acid-es","15":"product_cat-therapeutic-area-es","16":"product_cat-age-es","17":"product_cat-nasal-spray-es","18":"product_cat-ingredients-es","19":"product_cat-nose-es","20":"product_cat-preferences-es","21":"product_cat-presentation-es","22":"product_cat-alcohol-free-es","23":"product_cat-sin-azucar","24":"product_cat-gluten-free-es","25":"product_cat-lactose-free-es","26":"product_tag-10-es","27":"product_tag-100-vegano-es-2","28":"product_tag-sin-alcohol-es-2","29":"product_tag-sin-azucar-es-2","30":"product_tag-sin-gluten-es-2","31":"product_tag-sin-lactosa-es-2","33":"first","34":"instock","35":"shipping-taxable","36":"product-type-simple"},"_links":{"self":[{"href":"https:\/\/www.stepharmaceuticals.com\/es\/wp-json\/wp\/v2\/product\/2504","targetHints":{"allow":["GET"]}}],"collection":[{"href":"https:\/\/www.stepharmaceuticals.com\/es\/wp-json\/wp\/v2\/product"}],"about":[{"href":"https:\/\/www.stepharmaceuticals.com\/es\/wp-json\/wp\/v2\/types\/product"}],"replies":[{"embeddable":true,"href":"https:\/\/www.stepharmaceuticals.com\/es\/wp-json\/wp\/v2\/comments?post=2504"}],"wp:featuredmedia":[{"embeddable":true,"href":"https:\/\/www.stepharmaceuticals.com\/es\/wp-json\/wp\/v2\/media\/5343"}],"wp:attachment":[{"href":"https:\/\/www.stepharmaceuticals.com\/es\/wp-json\/wp\/v2\/media?parent=2504"}],"wp:term":[{"taxonomy":"product_brand","embeddable":true,"href":"https:\/\/www.stepharmaceuticals.com\/es\/wp-json\/wp\/v2\/product_brand?post=2504"},{"taxonomy":"product_cat","embeddable":true,"href":"https:\/\/www.stepharmaceuticals.com\/es\/wp-json\/wp\/v2\/product_cat?post=2504"},{"taxonomy":"product_tag","embeddable":true,"href":"https:\/\/www.stepharmaceuticals.com\/es\/wp-json\/wp\/v2\/product_tag?post=2504"}],"curies":[{"name":"wp","href":"https:\/\/api.w.org\/{rel}","templated":true}]}}