{"id":2501,"date":"2023-03-14T11:18:20","date_gmt":"2023-03-14T11:18:20","guid":{"rendered":"https:\/\/www.stepharmaceuticals.com\/producto\/salinesolutionwithpropolisandthymenasalspray\/"},"modified":"2025-09-21T10:22:04","modified_gmt":"2025-09-21T10:22:04","slug":"free-nose-propolis-thyme","status":"publish","type":"product","link":"https:\/\/www.stepharmaceuticals.com\/es\/producto\/free-nose-propolis-thyme\/","title":{"rendered":"FREE NOSE\u00ae PR\u00d3POLIS Y TOMILLO"},"content":{"rendered":"<p><strong>Alivia los s\u00edntomas de rinitis y congesti\u00f3n nasal en procesos infecciosos. El extracto de tomillo proporciona un agradable aroma.<\/strong><\/p>\n<p>Soluci\u00f3n salina (cloruro s\u00f3dico 0,9%), prop\u00f3leo y extracto de tomillo.<\/p>\n<p><strong>Espray nasal de 20 ml.<\/strong> Es un espray mec\u00e1nico con bomba de refuerzo, sin gas propulsor y con un aplicador nasal de dise\u00f1o anat\u00f3mico.<\/p>\n<p>+1 a\u00f1o.<\/p>\n<p>Duraci\u00f3n: 3 a\u00f1os.<\/p>\n<p><strong>PRODUCTO SANITARIO CLASE IIa<\/strong><\/p>\n<p><strong>Producto con certificaci\u00f3n MDR.<\/strong> Si quieres saber m\u00e1s informaci\u00f3n, puedes hacer <strong><a href=\"..\/blog\/2022\/06\/19\/pharmalink-obtains-the-eu-mdr-certificate\/\">click aqu\u00ed<\/a><\/strong><\/p>\n","protected":false},"excerpt":{"rendered":"<p>Alivia los s\u00edntomas de rinitis y congesti\u00f3n nasal en procesos infecciosos. El extracto de tomillo proporciona un agradable aroma. Soluci\u00f3n salina (cloruro s\u00f3dico 0,9%), prop\u00f3leo y extracto de tomillo. Espray nasal de 20 ml. Es un espray mec\u00e1nico con bomba de refuerzo, sin gas propulsor y con un aplicador nasal de dise\u00f1o anat\u00f3mico. +1 a\u00f1o. [&hellip;]<\/p>\n","protected":false},"featured_media":5349,"comment_status":"open","ping_status":"closed","template":"","meta":{"_et_pb_use_builder":"","_et_pb_old_content":"","_et_gb_content_width":""},"product_brand":[],"product_cat":[582,604,605,606,583,585,607,586,602,589,594,592,595,596,597,643,590,600,591,593,644],"product_tag":[603,395,400,396,397],"class_list":{"0":"post-2501","1":"product","2":"type-product","3":"status-publish","4":"has-post-thumbnail","6":"product_cat-1-year-es","7":"product_cat-12-years-es","8":"product_cat-14-years-es","9":"product_cat-18-years-es","10":"product_cat-2-years-es","11":"product_cat-3-years-es","12":"product_cat-6-years-es","13":"product_cat-10-es","14":"product_cat-therapeutic-area-es","15":"product_cat-age-es","16":"product_cat-nasal-spray-es","17":"product_cat-ingredients-es","18":"product_cat-nose-es","19":"product_cat-preferences-es","20":"product_cat-presentation-es","21":"product_cat-propolis-es","22":"product_cat-alcohol-free-es","23":"product_cat-sin-azucar","24":"product_cat-gluten-free-es","25":"product_cat-lactose-free-es","26":"product_cat-thyme-es","27":"product_tag-10-es","28":"product_tag-sin-alcohol-es-2","29":"product_tag-sin-azucar-es-2","30":"product_tag-sin-gluten-es-2","31":"product_tag-sin-lactosa-es-2","33":"first","34":"instock","35":"shipping-taxable","36":"product-type-simple"},"_links":{"self":[{"href":"https:\/\/www.stepharmaceuticals.com\/es\/wp-json\/wp\/v2\/product\/2501","targetHints":{"allow":["GET"]}}],"collection":[{"href":"https:\/\/www.stepharmaceuticals.com\/es\/wp-json\/wp\/v2\/product"}],"about":[{"href":"https:\/\/www.stepharmaceuticals.com\/es\/wp-json\/wp\/v2\/types\/product"}],"replies":[{"embeddable":true,"href":"https:\/\/www.stepharmaceuticals.com\/es\/wp-json\/wp\/v2\/comments?post=2501"}],"wp:featuredmedia":[{"embeddable":true,"href":"https:\/\/www.stepharmaceuticals.com\/es\/wp-json\/wp\/v2\/media\/5349"}],"wp:attachment":[{"href":"https:\/\/www.stepharmaceuticals.com\/es\/wp-json\/wp\/v2\/media?parent=2501"}],"wp:term":[{"taxonomy":"product_brand","embeddable":true,"href":"https:\/\/www.stepharmaceuticals.com\/es\/wp-json\/wp\/v2\/product_brand?post=2501"},{"taxonomy":"product_cat","embeddable":true,"href":"https:\/\/www.stepharmaceuticals.com\/es\/wp-json\/wp\/v2\/product_cat?post=2501"},{"taxonomy":"product_tag","embeddable":true,"href":"https:\/\/www.stepharmaceuticals.com\/es\/wp-json\/wp\/v2\/product_tag?post=2501"}],"curies":[{"name":"wp","href":"https:\/\/api.w.org\/{rel}","templated":true}]}}