{"id":2498,"date":"2023-03-14T11:18:23","date_gmt":"2023-03-14T11:18:23","guid":{"rendered":"https:\/\/www.stepharmaceuticals.com\/producto\/motion-sickness\/"},"modified":"2025-02-03T09:54:58","modified_gmt":"2025-02-03T09:54:58","slug":"motion-sickness","status":"publish","type":"product","link":"https:\/\/www.stepharmaceuticals.com\/es\/producto\/motion-sickness\/","title":{"rendered":"MOTION SICKNESS"},"content":{"rendered":"<p><strong><span class=\"HwtZe\" lang=\"es\"><span class=\"jCAhz ChMk0b\"><span class=\"ryNqvb\">Ayuda a prevenir las n\u00e1useas y aliviar las molestias gastrointestinales, gracias a su contenido en jengibre.<\/span><\/span> <\/span><\/strong><\/p>\n<p>Contiene extracto de jengibre, extracto de canela, extracto de Ginkgo biloba, extracto de regaliz (2,2 % de \u00e1cido glicirr\u00edcico) y vitamina C. Sabor manzana.<\/p>\n<p>10, 14 o 20 viales monodosis (10 ml).<\/p>\n<p class=\"\"><span lang=\"\">+3 a\u00f1os.<\/span><\/p>\n<p>Duraci\u00f3n: 3 a\u00f1os.<\/p>\n<p class=\"\"><strong>COMPLEMENTO ALIMENTICIO<\/strong><\/p>\n<p class=\"\"><span lang=\"\"><strong>\u00a0<\/strong><\/span><\/p>\n","protected":false},"excerpt":{"rendered":"<p>Ayuda a prevenir las n\u00e1useas y aliviar las molestias gastrointestinales, gracias a su contenido en jengibre. Contiene extracto de jengibre, extracto de canela, extracto de Ginkgo biloba, extracto de regaliz (2,2 % de \u00e1cido glicirr\u00edcico) y vitamina C. Sabor manzana. 10, 14 o 20 viales monodosis (10 ml). +3 a\u00f1os. Duraci\u00f3n: 3 a\u00f1os. COMPLEMENTO ALIMENTICIO [&hellip;]<\/p>\n","protected":false},"featured_media":5405,"comment_status":"open","ping_status":"closed","template":"","meta":{"_et_pb_use_builder":"","_et_pb_old_content":"","_et_gb_content_width":""},"product_brand":[],"product_cat":[604,605,606,585,607,588,602,695,589,630,696,592,631,596,597,697,590,591,593,632,645],"product_tag":[394,395,396,397],"class_list":{"0":"post-2498","1":"product","2":"type-product","3":"status-publish","4":"has-post-thumbnail","6":"product_cat-12-years-es","7":"product_cat-14-years-es","8":"product_cat-18-years-es","9":"product_cat-3-years-es","10":"product_cat-6-years-es","11":"product_cat-100-vegano","12":"product_cat-therapeutic-area-es","13":"product_cat-cinnamon-es","14":"product_cat-age-es","15":"product_cat-gastrointestinal-es","16":"product_cat-ginkgo-biloba-es","17":"product_cat-ingredients-es","18":"product_cat-ginger-es","19":"product_cat-preferences-es","20":"product_cat-presentation-es","21":"product_cat-licorice-es","22":"product_cat-alcohol-free-es","23":"product_cat-gluten-free-es","24":"product_cat-lactose-free-es","25":"product_cat-single-dose-vials-es","26":"product_cat-vitamin-c-es","27":"product_tag-100-vegano-es-2","28":"product_tag-sin-alcohol-es-2","29":"product_tag-sin-gluten-es-2","30":"product_tag-sin-lactosa-es-2","32":"first","33":"instock","34":"shipping-taxable","35":"product-type-simple"},"_links":{"self":[{"href":"https:\/\/www.stepharmaceuticals.com\/es\/wp-json\/wp\/v2\/product\/2498","targetHints":{"allow":["GET"]}}],"collection":[{"href":"https:\/\/www.stepharmaceuticals.com\/es\/wp-json\/wp\/v2\/product"}],"about":[{"href":"https:\/\/www.stepharmaceuticals.com\/es\/wp-json\/wp\/v2\/types\/product"}],"replies":[{"embeddable":true,"href":"https:\/\/www.stepharmaceuticals.com\/es\/wp-json\/wp\/v2\/comments?post=2498"}],"wp:featuredmedia":[{"embeddable":true,"href":"https:\/\/www.stepharmaceuticals.com\/es\/wp-json\/wp\/v2\/media\/5405"}],"wp:attachment":[{"href":"https:\/\/www.stepharmaceuticals.com\/es\/wp-json\/wp\/v2\/media?parent=2498"}],"wp:term":[{"taxonomy":"product_brand","embeddable":true,"href":"https:\/\/www.stepharmaceuticals.com\/es\/wp-json\/wp\/v2\/product_brand?post=2498"},{"taxonomy":"product_cat","embeddable":true,"href":"https:\/\/www.stepharmaceuticals.com\/es\/wp-json\/wp\/v2\/product_cat?post=2498"},{"taxonomy":"product_tag","embeddable":true,"href":"https:\/\/www.stepharmaceuticals.com\/es\/wp-json\/wp\/v2\/product_tag?post=2498"}],"curies":[{"name":"wp","href":"https:\/\/api.w.org\/{rel}","templated":true}]}}