{"id":2492,"date":"2023-03-14T11:18:24","date_gmt":"2023-03-14T11:18:24","guid":{"rendered":"https:\/\/www.stepharmaceuticals.com\/producto\/quicksleep\/"},"modified":"2025-02-03T10:00:10","modified_gmt":"2025-02-03T10:00:10","slug":"quicksleep","status":"publish","type":"product","link":"https:\/\/www.stepharmaceuticals.com\/es\/producto\/quicksleep\/","title":{"rendered":"QUICK SLEEP"},"content":{"rendered":"<p><strong>Para conciliar el sue\u00f1o. Est\u00e1 indicado para aliviar los s\u00edntomas del jet lag o facilitar el sue\u00f1o a las personas con horarios irregulares. El aceite esencial de naranja amarga se utiliza tradicionalmente para mantener la relajaci\u00f3n, la armon\u00eda y el bienestar f\u00edsico.<\/strong><\/p>\n<p>Contiene Melatonina (1 mg) y aceite esencial de naranja amarga.<\/p>\n<p>Espray oral de 10 ml<\/p>\n<p>+12 a\u00f1os.<\/p>\n<p>Duraci\u00f3n: 3 a\u00f1os.<\/p>\n<p><strong>COMPLEMENTO ALIMENTICIO<\/strong><\/p>\n","protected":false},"excerpt":{"rendered":"<p>Para conciliar el sue\u00f1o. Est\u00e1 indicado para aliviar los s\u00edntomas del jet lag o facilitar el sue\u00f1o a las personas con horarios irregulares. El aceite esencial de naranja amarga se utiliza tradicionalmente para mantener la relajaci\u00f3n, la armon\u00eda y el bienestar f\u00edsico. Contiene Melatonina (1 mg) y aceite esencial de naranja amarga. Espray oral de [&hellip;]<\/p>\n","protected":false},"featured_media":5407,"comment_status":"open","ping_status":"closed","template":"","meta":{"_et_pb_use_builder":"","_et_pb_old_content":"","_et_gb_content_width":""},"product_brand":[],"product_cat":[604,605,606,586,588,602,589,623,592,678,680,596,597,590,600,591,593,679],"product_tag":[603,394,395,400,396,397],"class_list":{"0":"post-2492","1":"product","2":"type-product","3":"status-publish","4":"has-post-thumbnail","6":"product_cat-12-years-es","7":"product_cat-14-years-es","8":"product_cat-18-years-es","9":"product_cat-10-es","10":"product_cat-100-vegano","11":"product_cat-therapeutic-area-es","12":"product_cat-age-es","13":"product_cat-oral-spray-es","14":"product_cat-ingredients-es","15":"product_cat-melatonin-es","16":"product_cat-bitter-orange-es","17":"product_cat-preferences-es","18":"product_cat-presentation-es","19":"product_cat-alcohol-free-es","20":"product_cat-sin-azucar","21":"product_cat-gluten-free-es","22":"product_cat-lactose-free-es","23":"product_cat-sleep-es","24":"product_tag-10-es","25":"product_tag-100-vegano-es-2","26":"product_tag-sin-alcohol-es-2","27":"product_tag-sin-azucar-es-2","28":"product_tag-sin-gluten-es-2","29":"product_tag-sin-lactosa-es-2","31":"first","32":"instock","33":"shipping-taxable","34":"product-type-simple"},"_links":{"self":[{"href":"https:\/\/www.stepharmaceuticals.com\/es\/wp-json\/wp\/v2\/product\/2492","targetHints":{"allow":["GET"]}}],"collection":[{"href":"https:\/\/www.stepharmaceuticals.com\/es\/wp-json\/wp\/v2\/product"}],"about":[{"href":"https:\/\/www.stepharmaceuticals.com\/es\/wp-json\/wp\/v2\/types\/product"}],"replies":[{"embeddable":true,"href":"https:\/\/www.stepharmaceuticals.com\/es\/wp-json\/wp\/v2\/comments?post=2492"}],"wp:featuredmedia":[{"embeddable":true,"href":"https:\/\/www.stepharmaceuticals.com\/es\/wp-json\/wp\/v2\/media\/5407"}],"wp:attachment":[{"href":"https:\/\/www.stepharmaceuticals.com\/es\/wp-json\/wp\/v2\/media?parent=2492"}],"wp:term":[{"taxonomy":"product_brand","embeddable":true,"href":"https:\/\/www.stepharmaceuticals.com\/es\/wp-json\/wp\/v2\/product_brand?post=2492"},{"taxonomy":"product_cat","embeddable":true,"href":"https:\/\/www.stepharmaceuticals.com\/es\/wp-json\/wp\/v2\/product_cat?post=2492"},{"taxonomy":"product_tag","embeddable":true,"href":"https:\/\/www.stepharmaceuticals.com\/es\/wp-json\/wp\/v2\/product_tag?post=2492"}],"curies":[{"name":"wp","href":"https:\/\/api.w.org\/{rel}","templated":true}]}}