{"id":2491,"date":"2023-03-14T11:18:24","date_gmt":"2023-03-14T11:18:24","guid":{"rendered":"https:\/\/www.stepharmaceuticals.com\/producto\/quicksleep-kids\/"},"modified":"2025-02-03T09:58:37","modified_gmt":"2025-02-03T09:58:37","slug":"quicksleep-kids","status":"publish","type":"product","link":"https:\/\/www.stepharmaceuticals.com\/es\/producto\/quicksleep-kids\/","title":{"rendered":"QUICK SLEEP KIDS"},"content":{"rendered":"<p><strong>Es especialmente \u00fatil para tratar a los ni\u00f1os con dificultades para dormir y ayudarles a conciliar el sue\u00f1o.<\/strong><\/p>\n<p>Contiene Melatonina (0,5 mg) con sabor a fresa.<\/p>\n<p>Espray oral de 10 ml<\/p>\n<p>+3 a\u00f1os.<\/p>\n<p>Duraci\u00f3n: 30 meses.<\/p>\n<p><strong>COMPLEMENTO ALIMENTICIO<\/strong><\/p>\n<p>&nbsp;<\/p>\n","protected":false},"excerpt":{"rendered":"<p>Es especialmente \u00fatil para tratar a los ni\u00f1os con dificultades para dormir y ayudarles a conciliar el sue\u00f1o. Contiene Melatonina (0,5 mg) con sabor a fresa. Espray oral de 10 ml +3 a\u00f1os. Duraci\u00f3n: 30 meses. COMPLEMENTO ALIMENTICIO &nbsp;<\/p>\n","protected":false},"featured_media":5409,"comment_status":"open","ping_status":"closed","template":"","meta":{"_et_pb_use_builder":"","_et_pb_old_content":"","_et_gb_content_width":""},"product_brand":[],"product_cat":[604,585,607,588,602,589,623,592,678,596,597,590,591,593,679],"product_tag":[394,395,396,397],"class_list":{"0":"post-2491","1":"product","2":"type-product","3":"status-publish","4":"has-post-thumbnail","6":"product_cat-12-years-es","7":"product_cat-3-years-es","8":"product_cat-6-years-es","9":"product_cat-100-vegano","10":"product_cat-therapeutic-area-es","11":"product_cat-age-es","12":"product_cat-oral-spray-es","13":"product_cat-ingredients-es","14":"product_cat-melatonin-es","15":"product_cat-preferences-es","16":"product_cat-presentation-es","17":"product_cat-alcohol-free-es","18":"product_cat-gluten-free-es","19":"product_cat-lactose-free-es","20":"product_cat-sleep-es","21":"product_tag-100-vegano-es-2","22":"product_tag-sin-alcohol-es-2","23":"product_tag-sin-gluten-es-2","24":"product_tag-sin-lactosa-es-2","26":"first","27":"instock","28":"shipping-taxable","29":"product-type-simple"},"_links":{"self":[{"href":"https:\/\/www.stepharmaceuticals.com\/es\/wp-json\/wp\/v2\/product\/2491","targetHints":{"allow":["GET"]}}],"collection":[{"href":"https:\/\/www.stepharmaceuticals.com\/es\/wp-json\/wp\/v2\/product"}],"about":[{"href":"https:\/\/www.stepharmaceuticals.com\/es\/wp-json\/wp\/v2\/types\/product"}],"replies":[{"embeddable":true,"href":"https:\/\/www.stepharmaceuticals.com\/es\/wp-json\/wp\/v2\/comments?post=2491"}],"wp:featuredmedia":[{"embeddable":true,"href":"https:\/\/www.stepharmaceuticals.com\/es\/wp-json\/wp\/v2\/media\/5409"}],"wp:attachment":[{"href":"https:\/\/www.stepharmaceuticals.com\/es\/wp-json\/wp\/v2\/media?parent=2491"}],"wp:term":[{"taxonomy":"product_brand","embeddable":true,"href":"https:\/\/www.stepharmaceuticals.com\/es\/wp-json\/wp\/v2\/product_brand?post=2491"},{"taxonomy":"product_cat","embeddable":true,"href":"https:\/\/www.stepharmaceuticals.com\/es\/wp-json\/wp\/v2\/product_cat?post=2491"},{"taxonomy":"product_tag","embeddable":true,"href":"https:\/\/www.stepharmaceuticals.com\/es\/wp-json\/wp\/v2\/product_tag?post=2491"}],"curies":[{"name":"wp","href":"https:\/\/api.w.org\/{rel}","templated":true}]}}