{"id":2490,"date":"2023-03-14T11:18:24","date_gmt":"2023-03-14T11:18:24","guid":{"rendered":"https:\/\/www.stepharmaceuticals.com\/producto\/defenses-kids\/"},"modified":"2025-02-03T10:48:01","modified_gmt":"2025-02-03T10:48:01","slug":"defenses-kids","status":"publish","type":"product","link":"https:\/\/www.stepharmaceuticals.com\/es\/producto\/defenses-kids\/","title":{"rendered":"DEFENSES KIDS"},"content":{"rendered":"<p><strong>Ayudar a reforzar las defensas naturales de los ni\u00f1@s gracias a su contenido en Vitamina C que contribuye al metabolismo energ\u00e9tico normal y al funcionamiento normal del sistema inmunitario.<\/strong><\/p>\n<p>Contiene vitamina C, polen, selenio, magnesio y jalea real.<\/p>\n<p>10, 14 o 20 viales monodosis (10 ml).<\/p>\n<p>+3 a\u00f1os.<\/p>\n<p>Duraci\u00f3n: 3 a\u00f1os.<\/p>\n<p><strong>COMPLEMENTO ALIMENTICIO<\/strong><\/p>\n","protected":false},"excerpt":{"rendered":"<p>Ayudar a reforzar las defensas naturales de los ni\u00f1@s gracias a su contenido en Vitamina C que contribuye al metabolismo energ\u00e9tico normal y al funcionamiento normal del sistema inmunitario. Contiene vitamina C, polen, selenio, magnesio y jalea real. 10, 14 o 20 viales monodosis (10 ml). +3 a\u00f1os. Duraci\u00f3n: 3 a\u00f1os. COMPLEMENTO ALIMENTICIO<\/p>\n","protected":false},"featured_media":5411,"comment_status":"open","ping_status":"closed","template":"","meta":{"_et_pb_use_builder":"","_et_pb_old_content":"","_et_gb_content_width":""},"product_brand":[],"product_cat":[604,585,607,602,730,589,592,662,675,676,596,597,677,590,591,593,674,632,645],"product_tag":[395,396,397],"class_list":{"0":"post-2490","1":"product","2":"type-product","3":"status-publish","4":"has-post-thumbnail","6":"product_cat-12-years-es","7":"product_cat-3-years-es","8":"product_cat-6-years-es","9":"product_cat-therapeutic-area-es","10":"product_cat-defensas","11":"product_cat-age-es","12":"product_cat-ingredients-es","13":"product_cat-royal-jelly-ingredients-es","14":"product_cat-magnesium-es","15":"product_cat-pollen-es","16":"product_cat-preferences-es","17":"product_cat-presentation-es","18":"product_cat-selenium-es","19":"product_cat-alcohol-free-es","20":"product_cat-gluten-free-es","21":"product_cat-lactose-free-es","22":"product_cat-immune-system-es","23":"product_cat-single-dose-vials-es","24":"product_cat-vitamin-c-es","25":"product_tag-sin-alcohol-es-2","26":"product_tag-sin-gluten-es-2","27":"product_tag-sin-lactosa-es-2","29":"first","30":"instock","31":"shipping-taxable","32":"product-type-simple"},"_links":{"self":[{"href":"https:\/\/www.stepharmaceuticals.com\/es\/wp-json\/wp\/v2\/product\/2490","targetHints":{"allow":["GET"]}}],"collection":[{"href":"https:\/\/www.stepharmaceuticals.com\/es\/wp-json\/wp\/v2\/product"}],"about":[{"href":"https:\/\/www.stepharmaceuticals.com\/es\/wp-json\/wp\/v2\/types\/product"}],"replies":[{"embeddable":true,"href":"https:\/\/www.stepharmaceuticals.com\/es\/wp-json\/wp\/v2\/comments?post=2490"}],"wp:featuredmedia":[{"embeddable":true,"href":"https:\/\/www.stepharmaceuticals.com\/es\/wp-json\/wp\/v2\/media\/5411"}],"wp:attachment":[{"href":"https:\/\/www.stepharmaceuticals.com\/es\/wp-json\/wp\/v2\/media?parent=2490"}],"wp:term":[{"taxonomy":"product_brand","embeddable":true,"href":"https:\/\/www.stepharmaceuticals.com\/es\/wp-json\/wp\/v2\/product_brand?post=2490"},{"taxonomy":"product_cat","embeddable":true,"href":"https:\/\/www.stepharmaceuticals.com\/es\/wp-json\/wp\/v2\/product_cat?post=2490"},{"taxonomy":"product_tag","embeddable":true,"href":"https:\/\/www.stepharmaceuticals.com\/es\/wp-json\/wp\/v2\/product_tag?post=2490"}],"curies":[{"name":"wp","href":"https:\/\/api.w.org\/{rel}","templated":true}]}}