{"id":2487,"date":"2023-03-14T11:18:25","date_gmt":"2023-03-14T11:18:25","guid":{"rendered":"https:\/\/www.stepharmaceuticals.com\/producto\/vitamin-d3-drops\/"},"modified":"2025-02-27T15:44:52","modified_gmt":"2025-02-27T15:44:52","slug":"vitalink-d3-drops","status":"publish","type":"product","link":"https:\/\/www.stepharmaceuticals.com\/es\/producto\/vitalink-d3-drops\/","title":{"rendered":"VITALINK\u00ae D3 GOTAS (200 IU\/ 400 IU\/ 1000 IU)"},"content":{"rendered":"<p><strong><span class=\"HwtZe\" lang=\"es\"><span class=\"jCAhz ChMk0b\"><span class=\"ryNqvb\">Para optimizar el crecimiento y contribuir al correcto mantenimiento de huesos, m\u00fasculos y dientes.<\/span><\/span> <span class=\"jCAhz ChMk0b\"><span class=\"ryNqvb\">Tambi\u00e9n contribuye al funcionamiento normal del sistema inmunitario.<\/span><\/span><\/span><\/strong><\/p>\n<p>Botella con gotero de 20 ml (aprox. 600 gotas).<\/p>\n<p>Disponible en:<\/p>\n<p style=\"padding-left: 40px;\">200 IU (+3 a\u00f1os).<\/p>\n<p style=\"padding-left: 40px;\">400 IU (+3 a\u00f1os).<\/p>\n<p style=\"padding-left: 40px;\">1000 IU (+12 a\u00f1os).<\/p>\n<p>Duraci\u00f3n: 3 a\u00f1os.<\/p>\n<p><strong>COMPLEMENTO ALIMENTICIO<\/strong><\/p>\n","protected":false},"excerpt":{"rendered":"<p>Para optimizar el crecimiento y contribuir al correcto mantenimiento de huesos, m\u00fasculos y dientes. Tambi\u00e9n contribuye al funcionamiento normal del sistema inmunitario. Botella con gotero de 20 ml (aprox. 600 gotas). Disponible en: 200 IU (+3 a\u00f1os). 400 IU (+3 a\u00f1os). 1000 IU (+12 a\u00f1os). Duraci\u00f3n: 3 a\u00f1os. COMPLEMENTO ALIMENTICIO<\/p>\n","protected":false},"featured_media":5430,"comment_status":"open","ping_status":"closed","template":"","meta":{"_et_pb_use_builder":"","_et_pb_old_content":"","_et_gb_content_width":""},"product_brand":[],"product_cat":[604,605,606,585,607,586,587,602,589,671,592,596,597,590,600,598,591,593,672,670],"product_tag":[603,393,395,400,399,396,397],"class_list":{"0":"post-2487","1":"product","2":"type-product","3":"status-publish","4":"has-post-thumbnail","6":"product_cat-12-years-es","7":"product_cat-14-years-es","8":"product_cat-18-years-es","9":"product_cat-3-years-es","10":"product_cat-6-years-es","11":"product_cat-10-es","12":"product_cat-100-natural-es","13":"product_cat-therapeutic-area-es","14":"product_cat-age-es","15":"product_cat-drops-es","16":"product_cat-ingredients-es","17":"product_cat-preferences-es","18":"product_cat-presentation-es","19":"product_cat-alcohol-free-es","20":"product_cat-sin-azucar","21":"product_cat-preservative-free-es","22":"product_cat-gluten-free-es","23":"product_cat-lactose-free-es","24":"product_cat-vitamin-d3-es","25":"product_cat-vitamins-es","26":"product_tag-10-es","27":"product_tag-100-natural-es","28":"product_tag-sin-alcohol-es-2","29":"product_tag-sin-azucar-es-2","30":"product_tag-sin-conservantes-es-2","31":"product_tag-sin-gluten-es-2","32":"product_tag-sin-lactosa-es-2","34":"first","35":"instock","36":"shipping-taxable","37":"product-type-simple"},"_links":{"self":[{"href":"https:\/\/www.stepharmaceuticals.com\/es\/wp-json\/wp\/v2\/product\/2487","targetHints":{"allow":["GET"]}}],"collection":[{"href":"https:\/\/www.stepharmaceuticals.com\/es\/wp-json\/wp\/v2\/product"}],"about":[{"href":"https:\/\/www.stepharmaceuticals.com\/es\/wp-json\/wp\/v2\/types\/product"}],"replies":[{"embeddable":true,"href":"https:\/\/www.stepharmaceuticals.com\/es\/wp-json\/wp\/v2\/comments?post=2487"}],"wp:featuredmedia":[{"embeddable":true,"href":"https:\/\/www.stepharmaceuticals.com\/es\/wp-json\/wp\/v2\/media\/5430"}],"wp:attachment":[{"href":"https:\/\/www.stepharmaceuticals.com\/es\/wp-json\/wp\/v2\/media?parent=2487"}],"wp:term":[{"taxonomy":"product_brand","embeddable":true,"href":"https:\/\/www.stepharmaceuticals.com\/es\/wp-json\/wp\/v2\/product_brand?post=2487"},{"taxonomy":"product_cat","embeddable":true,"href":"https:\/\/www.stepharmaceuticals.com\/es\/wp-json\/wp\/v2\/product_cat?post=2487"},{"taxonomy":"product_tag","embeddable":true,"href":"https:\/\/www.stepharmaceuticals.com\/es\/wp-json\/wp\/v2\/product_tag?post=2487"}],"curies":[{"name":"wp","href":"https:\/\/api.w.org\/{rel}","templated":true}]}}