{"id":2485,"date":"2023-03-14T11:18:25","date_gmt":"2023-03-14T11:18:25","guid":{"rendered":"https:\/\/www.stepharmaceuticals.com\/producto\/vitamin-b12\/"},"modified":"2025-02-03T10:54:04","modified_gmt":"2025-02-03T10:54:04","slug":"vitalink-b12","status":"publish","type":"product","link":"https:\/\/www.stepharmaceuticals.com\/es\/producto\/vitalink-b12\/","title":{"rendered":"VITALINK\u00ae B12"},"content":{"rendered":"<p><strong>Contribuye al metabolismo energ\u00e9tico normal, a la reducci\u00f3n del cansancio y la fatiga, al funcionamiento normal del sistema nervioso y al funcionamiento normal del sistema inmunitario. Se recomienda especialmente a los veganos.<\/strong><\/p>\n<p>Vitamina B12 (cianocobalamina) con sabor a cereza.<\/p>\n<p>Espray oral de 10 ml (aprox.140 pulverizaciones)<\/p>\n<p>+3 a\u00f1os.<\/p>\n<p>Duraci\u00f3n: 2 a\u00f1os.<\/p>\n<p><strong>COMPLEMENTO ALIMENTICIO<\/strong><\/p>\n","protected":false},"excerpt":{"rendered":"<p>Contribuye al metabolismo energ\u00e9tico normal, a la reducci\u00f3n del cansancio y la fatiga, al funcionamiento normal del sistema nervioso y al funcionamiento normal del sistema inmunitario. Se recomienda especialmente a los veganos. Vitamina B12 (cianocobalamina) con sabor a cereza. Espray oral de 10 ml (aprox.140 pulverizaciones) +3 a\u00f1os. Duraci\u00f3n: 2 a\u00f1os. COMPLEMENTO ALIMENTICIO<\/p>\n","protected":false},"featured_media":5417,"comment_status":"open","ping_status":"closed","template":"","meta":{"_et_pb_use_builder":"","_et_pb_old_content":"","_et_gb_content_width":""},"product_brand":[],"product_cat":[604,605,606,585,607,586,588,602,589,623,592,596,597,590,600,591,593,669,670],"product_tag":[603,394,395,400,396,397],"class_list":{"0":"post-2485","1":"product","2":"type-product","3":"status-publish","4":"has-post-thumbnail","6":"product_cat-12-years-es","7":"product_cat-14-years-es","8":"product_cat-18-years-es","9":"product_cat-3-years-es","10":"product_cat-6-years-es","11":"product_cat-10-es","12":"product_cat-100-vegano","13":"product_cat-therapeutic-area-es","14":"product_cat-age-es","15":"product_cat-oral-spray-es","16":"product_cat-ingredients-es","17":"product_cat-preferences-es","18":"product_cat-presentation-es","19":"product_cat-alcohol-free-es","20":"product_cat-sin-azucar","21":"product_cat-gluten-free-es","22":"product_cat-lactose-free-es","23":"product_cat-vitamin-b12-es","24":"product_cat-vitamins-es","25":"product_tag-10-es","26":"product_tag-100-vegano-es-2","27":"product_tag-sin-alcohol-es-2","28":"product_tag-sin-azucar-es-2","29":"product_tag-sin-gluten-es-2","30":"product_tag-sin-lactosa-es-2","32":"first","33":"instock","34":"shipping-taxable","35":"product-type-simple"},"_links":{"self":[{"href":"https:\/\/www.stepharmaceuticals.com\/es\/wp-json\/wp\/v2\/product\/2485","targetHints":{"allow":["GET"]}}],"collection":[{"href":"https:\/\/www.stepharmaceuticals.com\/es\/wp-json\/wp\/v2\/product"}],"about":[{"href":"https:\/\/www.stepharmaceuticals.com\/es\/wp-json\/wp\/v2\/types\/product"}],"replies":[{"embeddable":true,"href":"https:\/\/www.stepharmaceuticals.com\/es\/wp-json\/wp\/v2\/comments?post=2485"}],"wp:featuredmedia":[{"embeddable":true,"href":"https:\/\/www.stepharmaceuticals.com\/es\/wp-json\/wp\/v2\/media\/5417"}],"wp:attachment":[{"href":"https:\/\/www.stepharmaceuticals.com\/es\/wp-json\/wp\/v2\/media?parent=2485"}],"wp:term":[{"taxonomy":"product_brand","embeddable":true,"href":"https:\/\/www.stepharmaceuticals.com\/es\/wp-json\/wp\/v2\/product_brand?post=2485"},{"taxonomy":"product_cat","embeddable":true,"href":"https:\/\/www.stepharmaceuticals.com\/es\/wp-json\/wp\/v2\/product_cat?post=2485"},{"taxonomy":"product_tag","embeddable":true,"href":"https:\/\/www.stepharmaceuticals.com\/es\/wp-json\/wp\/v2\/product_tag?post=2485"}],"curies":[{"name":"wp","href":"https:\/\/api.w.org\/{rel}","templated":true}]}}