{"id":2484,"date":"2023-03-14T11:18:25","date_gmt":"2023-03-14T11:18:25","guid":{"rendered":"https:\/\/www.stepharmaceuticals.com\/producto\/bemory\/"},"modified":"2025-02-03T11:01:33","modified_gmt":"2025-02-03T11:01:33","slug":"bemory","status":"publish","type":"product","link":"https:\/\/www.stepharmaceuticals.com\/es\/producto\/bemory\/","title":{"rendered":"BEMORY\u00ae"},"content":{"rendered":"<p><strong>Fuente de vitaminas, minerales y un extracto vegetal para reforzar la memoria y las actividades cognitivas, especialmente para la poblaci\u00f3n senior.<\/strong><\/p>\n<p>Con <em>Bacopa Monnieri,<\/em> hierro, Vitaminas B2, B3, B6 y Biotina.<\/p>\n<p>10, 14 o 20 viales monodosis (10 ml).<\/p>\n<p>+12 a\u00f1os.<\/p>\n<p>Duraci\u00f3n: 3 a\u00f1os.<\/p>\n<p><strong>COMPLEMENTO ALIMENTICIO<\/strong><\/p>\n","protected":false},"excerpt":{"rendered":"<p>Fuente de vitaminas, minerales y un extracto vegetal para reforzar la memoria y las actividades cognitivas, especialmente para la poblaci\u00f3n senior. Con Bacopa Monnieri, hierro, Vitaminas B2, B3, B6 y Biotina. 10, 14 o 20 viales monodosis (10 ml). +12 a\u00f1os. Duraci\u00f3n: 3 a\u00f1os. COMPLEMENTO ALIMENTICIO<\/p>\n","protected":false},"featured_media":5419,"comment_status":"open","ping_status":"closed","template":"","meta":{"_et_pb_use_builder":"","_et_pb_old_content":"","_et_gb_content_width":""},"product_brand":[],"product_cat":[604,605,606,586,588,602,664,665,589,592,658,596,597,590,600,591,593,632,666,667,668],"product_tag":[603,394,395,400,396,397],"class_list":{"0":"post-2484","1":"product","2":"type-product","3":"status-publish","4":"has-post-thumbnail","6":"product_cat-12-years-es","7":"product_cat-14-years-es","8":"product_cat-18-years-es","9":"product_cat-10-es","10":"product_cat-100-vegano","11":"product_cat-therapeutic-area-es","12":"product_cat-bacopa-monnieri-es","13":"product_cat-biotin-es","14":"product_cat-age-es","15":"product_cat-ingredients-es","16":"product_cat-active-mind-es","17":"product_cat-preferences-es","18":"product_cat-presentation-es","19":"product_cat-alcohol-free-es","20":"product_cat-sin-azucar","21":"product_cat-gluten-free-es","22":"product_cat-lactose-free-es","23":"product_cat-single-dose-vials-es","24":"product_cat-vitamin-b2-es","25":"product_cat-vitamin-b3-es","26":"product_cat-vitamin-b6-es","27":"product_tag-10-es","28":"product_tag-100-vegano-es-2","29":"product_tag-sin-alcohol-es-2","30":"product_tag-sin-azucar-es-2","31":"product_tag-sin-gluten-es-2","32":"product_tag-sin-lactosa-es-2","34":"first","35":"instock","36":"shipping-taxable","37":"product-type-simple"},"_links":{"self":[{"href":"https:\/\/www.stepharmaceuticals.com\/es\/wp-json\/wp\/v2\/product\/2484","targetHints":{"allow":["GET"]}}],"collection":[{"href":"https:\/\/www.stepharmaceuticals.com\/es\/wp-json\/wp\/v2\/product"}],"about":[{"href":"https:\/\/www.stepharmaceuticals.com\/es\/wp-json\/wp\/v2\/types\/product"}],"replies":[{"embeddable":true,"href":"https:\/\/www.stepharmaceuticals.com\/es\/wp-json\/wp\/v2\/comments?post=2484"}],"wp:featuredmedia":[{"embeddable":true,"href":"https:\/\/www.stepharmaceuticals.com\/es\/wp-json\/wp\/v2\/media\/5419"}],"wp:attachment":[{"href":"https:\/\/www.stepharmaceuticals.com\/es\/wp-json\/wp\/v2\/media?parent=2484"}],"wp:term":[{"taxonomy":"product_brand","embeddable":true,"href":"https:\/\/www.stepharmaceuticals.com\/es\/wp-json\/wp\/v2\/product_brand?post=2484"},{"taxonomy":"product_cat","embeddable":true,"href":"https:\/\/www.stepharmaceuticals.com\/es\/wp-json\/wp\/v2\/product_cat?post=2484"},{"taxonomy":"product_tag","embeddable":true,"href":"https:\/\/www.stepharmaceuticals.com\/es\/wp-json\/wp\/v2\/product_tag?post=2484"}],"curies":[{"name":"wp","href":"https:\/\/api.w.org\/{rel}","templated":true}]}}