{"id":2483,"date":"2023-03-14T11:18:25","date_gmt":"2023-03-14T11:18:25","guid":{"rendered":"https:\/\/www.stepharmaceuticals.com\/producto\/memory-kids\/"},"modified":"2025-02-03T11:04:35","modified_gmt":"2025-02-03T11:04:35","slug":"bemory-kids","status":"publish","type":"product","link":"https:\/\/www.stepharmaceuticals.com\/es\/producto\/bemory-kids\/","title":{"rendered":"BEMORY\u00ae KIDS"},"content":{"rendered":"<p><strong>Est\u00e1 indicado para ayudar a los ni\u00f1os en etapas que requieren una alta concentraci\u00f3n como periodos de estr\u00e9s o etapas de ex\u00e1menes. Contiene diferentes ingredientes, que ayudan a la memoria y al bienestar mental como jalea real, vitamina C y nucle\u00f3tidos (uridina y citidina).<\/strong><\/p>\n<p>Vitamina C, jalea real, uridina y citidina. Sabor cola.<\/p>\n<p>10 o 20 viales extempor\u00e1neos de 10 ml cada uno.<\/p>\n<p>+3 a\u00f1os.<\/p>\n<p>Duraci\u00f3n: 3 a\u00f1os.<\/p>\n<p><strong>COMPLEMENTO ALIMENTICIO<\/strong><\/p>\n","protected":false},"excerpt":{"rendered":"<p>Est\u00e1 indicado para ayudar a los ni\u00f1os en etapas que requieren una alta concentraci\u00f3n como periodos de estr\u00e9s o etapas de ex\u00e1menes. Contiene diferentes ingredientes, que ayudan a la memoria y al bienestar mental como jalea real, vitamina C y nucle\u00f3tidos (uridina y citidina). Vitamina C, jalea real, uridina y citidina. Sabor cola. 10 o [&hellip;]<\/p>\n","protected":false},"featured_media":5421,"comment_status":"open","ping_status":"closed","template":"","meta":{"_et_pb_use_builder":"","_et_pb_old_content":"","_et_gb_content_width":""},"product_brand":[],"product_cat":[604,585,607,586,602,659,660,589,592,662,658,596,597,590,600,591,663,661,645],"product_tag":[603,395,400,396],"class_list":{"0":"post-2483","1":"product","2":"type-product","3":"status-publish","4":"has-post-thumbnail","6":"product_cat-12-years-es","7":"product_cat-3-years-es","8":"product_cat-6-years-es","9":"product_cat-10-es","10":"product_cat-therapeutic-area-es","11":"product_cat-cytidine-es","12":"product_cat-dha-omega-3-es","13":"product_cat-age-es","14":"product_cat-ingredients-es","15":"product_cat-royal-jelly-ingredients-es","16":"product_cat-active-mind-es","17":"product_cat-preferences-es","18":"product_cat-presentation-es","19":"product_cat-alcohol-free-es","20":"product_cat-sin-azucar","21":"product_cat-gluten-free-es","22":"product_cat-uridine-es","23":"product_cat-extemporaneous-vials-es","24":"product_cat-vitamin-c-es","25":"product_tag-10-es","26":"product_tag-sin-alcohol-es-2","27":"product_tag-sin-azucar-es-2","28":"product_tag-sin-gluten-es-2","30":"first","31":"instock","32":"shipping-taxable","33":"product-type-simple"},"_links":{"self":[{"href":"https:\/\/www.stepharmaceuticals.com\/es\/wp-json\/wp\/v2\/product\/2483","targetHints":{"allow":["GET"]}}],"collection":[{"href":"https:\/\/www.stepharmaceuticals.com\/es\/wp-json\/wp\/v2\/product"}],"about":[{"href":"https:\/\/www.stepharmaceuticals.com\/es\/wp-json\/wp\/v2\/types\/product"}],"replies":[{"embeddable":true,"href":"https:\/\/www.stepharmaceuticals.com\/es\/wp-json\/wp\/v2\/comments?post=2483"}],"wp:featuredmedia":[{"embeddable":true,"href":"https:\/\/www.stepharmaceuticals.com\/es\/wp-json\/wp\/v2\/media\/5421"}],"wp:attachment":[{"href":"https:\/\/www.stepharmaceuticals.com\/es\/wp-json\/wp\/v2\/media?parent=2483"}],"wp:term":[{"taxonomy":"product_brand","embeddable":true,"href":"https:\/\/www.stepharmaceuticals.com\/es\/wp-json\/wp\/v2\/product_brand?post=2483"},{"taxonomy":"product_cat","embeddable":true,"href":"https:\/\/www.stepharmaceuticals.com\/es\/wp-json\/wp\/v2\/product_cat?post=2483"},{"taxonomy":"product_tag","embeddable":true,"href":"https:\/\/www.stepharmaceuticals.com\/es\/wp-json\/wp\/v2\/product_tag?post=2483"}],"curies":[{"name":"wp","href":"https:\/\/api.w.org\/{rel}","templated":true}]}}