{"id":2482,"date":"2023-03-14T11:18:25","date_gmt":"2023-03-14T11:18:25","guid":{"rendered":"https:\/\/www.stepharmaceuticals.com\/producto\/anti-allergy-saline-solution-nasal-spray\/"},"modified":"2025-01-27T09:50:55","modified_gmt":"2025-01-27T09:50:55","slug":"free-nose-anti-allergy","status":"publish","type":"product","link":"https:\/\/www.stepharmaceuticals.com\/es\/producto\/free-nose-anti-allergy\/","title":{"rendered":"FREE NOSE\u00ae ANTI ALLERGY"},"content":{"rendered":"<p><strong>Protege la mucosa nasal frente a los al\u00e9rgenos y alivia eficazmente los s\u00edntomas de la rinitis al\u00e9rgica, al tiempo que mantiene la mucosa fresca e hidratada.<\/strong><\/p>\n<p>Soluci\u00f3n salina (cloruro de sodio 2,2%), goma xantana, Aloe Vera y Aceites Esenciales.<\/p>\n<p>Espray nasal de 20 ml. Es un spray mec\u00e1nico con bomba de refuerzo, sin gas propulsor y con un aplicador nasal de dise\u00f1o anat\u00f3mico.<\/p>\n<p>+6 a\u00f1os.<\/p>\n<p>Duraci\u00f3n: 3 a\u00f1os.<\/p>\n<p><strong>PRODUCTO SANITARIO CLASE IIa<\/strong><\/p>\n<p><strong>Producto con certificaci\u00f3n MDR<\/strong>. Si quieres saber m\u00e1s informaci\u00f3n, puedes hacer <strong><a href=\"..\/blog\/2022\/06\/19\/pharmalink-obtains-the-eu-mdr-certificate\/\">click aqu\u00ed<\/a><\/strong><\/p>\n","protected":false},"excerpt":{"rendered":"<p>Protege la mucosa nasal frente a los al\u00e9rgenos y alivia eficazmente los s\u00edntomas de la rinitis al\u00e9rgica, al tiempo que mantiene la mucosa fresca e hidratada. Soluci\u00f3n salina (cloruro de sodio 2,2%), goma xantana, Aloe Vera y Aceites Esenciales. Espray nasal de 20 ml. Es un spray mec\u00e1nico con bomba de refuerzo, sin gas propulsor [&hellip;]<\/p>\n","protected":false},"featured_media":5337,"comment_status":"open","ping_status":"closed","template":"","meta":{"_et_pb_use_builder":"","_et_pb_old_content":"","_et_gb_content_width":""},"product_brand":[],"product_cat":[604,605,606,607,586,588,634,602,589,594,612,620,592,613,622,595,657,596,597,590,600,591,593,645],"product_tag":[603,394,395,400,396,397],"class_list":{"0":"post-2482","1":"product","2":"type-product","3":"status-publish","4":"has-post-thumbnail","6":"product_cat-12-years-es","7":"product_cat-14-years-es","8":"product_cat-18-years-es","9":"product_cat-6-years-es","10":"product_cat-10-es","11":"product_cat-100-vegano","12":"product_cat-aloe-vera-es","13":"product_cat-therapeutic-area-es","14":"product_cat-age-es","15":"product_cat-nasal-spray-es","16":"product_cat-eucalyptus-es","17":"product_cat-xanthan-gum-es","18":"product_cat-ingredients-es","19":"product_cat-lemon-es","20":"product_cat-mint-es","21":"product_cat-nose-es","22":"product_cat-niaouli-es","23":"product_cat-preferences-es","24":"product_cat-presentation-es","25":"product_cat-alcohol-free-es","26":"product_cat-sin-azucar","27":"product_cat-gluten-free-es","28":"product_cat-lactose-free-es","29":"product_cat-vitamin-c-es","30":"product_tag-10-es","31":"product_tag-100-vegano-es-2","32":"product_tag-sin-alcohol-es-2","33":"product_tag-sin-azucar-es-2","34":"product_tag-sin-gluten-es-2","35":"product_tag-sin-lactosa-es-2","37":"first","38":"instock","39":"shipping-taxable","40":"product-type-simple"},"_links":{"self":[{"href":"https:\/\/www.stepharmaceuticals.com\/es\/wp-json\/wp\/v2\/product\/2482","targetHints":{"allow":["GET"]}}],"collection":[{"href":"https:\/\/www.stepharmaceuticals.com\/es\/wp-json\/wp\/v2\/product"}],"about":[{"href":"https:\/\/www.stepharmaceuticals.com\/es\/wp-json\/wp\/v2\/types\/product"}],"replies":[{"embeddable":true,"href":"https:\/\/www.stepharmaceuticals.com\/es\/wp-json\/wp\/v2\/comments?post=2482"}],"wp:featuredmedia":[{"embeddable":true,"href":"https:\/\/www.stepharmaceuticals.com\/es\/wp-json\/wp\/v2\/media\/5337"}],"wp:attachment":[{"href":"https:\/\/www.stepharmaceuticals.com\/es\/wp-json\/wp\/v2\/media?parent=2482"}],"wp:term":[{"taxonomy":"product_brand","embeddable":true,"href":"https:\/\/www.stepharmaceuticals.com\/es\/wp-json\/wp\/v2\/product_brand?post=2482"},{"taxonomy":"product_cat","embeddable":true,"href":"https:\/\/www.stepharmaceuticals.com\/es\/wp-json\/wp\/v2\/product_cat?post=2482"},{"taxonomy":"product_tag","embeddable":true,"href":"https:\/\/www.stepharmaceuticals.com\/es\/wp-json\/wp\/v2\/product_tag?post=2482"}],"curies":[{"name":"wp","href":"https:\/\/api.w.org\/{rel}","templated":true}]}}