{"id":2481,"date":"2023-03-14T11:18:25","date_gmt":"2023-03-14T11:18:25","guid":{"rendered":"https:\/\/www.stepharmaceuticals.com\/producto\/saline-solution-with-propolis-thyme-and-eucalyptus-nasal-spray\/"},"modified":"2025-09-21T10:24:47","modified_gmt":"2025-09-21T10:24:47","slug":"free-nose-propolis-thyme-eucalyptus","status":"publish","type":"product","link":"https:\/\/www.stepharmaceuticals.com\/es\/producto\/free-nose-propolis-thyme-eucalyptus\/","title":{"rendered":"FREE NOSE\u00ae PROP\u00d3LEO, TOMILLO Y EUCALIPTO"},"content":{"rendered":"<p><strong><span class=\"HwtZe\" lang=\"es\"><span class=\"jCAhz ChMk0b\"><span class=\"ryNqvb\">Est\u00e1 indicado para despejar la cavidad nasal cuando se presentan patolog\u00edas como rinitis, exceso de secreciones, catarros y gripes.<\/span><\/span> <span class=\"jCAhz ChMk0b\"><span class=\"ryNqvb\">El eucalipto ayuda a aliviar las molestias asociadas a la congesti\u00f3n nasal actuando como un b\u00e1lsamo y tiene un efecto de frescura.<\/span><\/span><\/span><\/strong><\/p>\n<p>Soluci\u00f3n salina (cloruro de sodio 1%), prop\u00f3leo, extractos de tomillo y eucalipto.<\/p>\n<p><strong>Espray nasal de 20 ml.<\/strong> Es un espray mec\u00e1nico con bomba de refuerzo, sin gas propulsor y con un aplicador nasal dise\u00f1ado anat\u00f3micamente.<\/p>\n<p>+12 a\u00f1os.<\/p>\n<p>Duraci\u00f3n: 3 a\u00f1os.<\/p>\n<p><strong>PRODUCTO SANITARIO CLASE IIa<\/strong><\/p>\n<p><strong>Producto con certificaci\u00f3n MDR. Si quieres saber m\u00e1s informaci\u00f3n, puedes hacer <a href=\"..\/blog\/2022\/06\/19\/pharmalink-obtains-the-eu-mdr-certificate\/\">click aqu\u00ed<\/a><\/strong><\/p>\n","protected":false},"excerpt":{"rendered":"<p>Est\u00e1 indicado para despejar la cavidad nasal cuando se presentan patolog\u00edas como rinitis, exceso de secreciones, catarros y gripes. El eucalipto ayuda a aliviar las molestias asociadas a la congesti\u00f3n nasal actuando como un b\u00e1lsamo y tiene un efecto de frescura. Soluci\u00f3n salina (cloruro de sodio 1%), prop\u00f3leo, extractos de tomillo y eucalipto. Espray nasal [&hellip;]<\/p>\n","protected":false},"featured_media":5347,"comment_status":"open","ping_status":"closed","template":"","meta":{"_et_pb_use_builder":"","_et_pb_old_content":"","_et_gb_content_width":""},"product_brand":[],"product_cat":[604,605,606,586,602,589,594,612,592,595,596,597,643,590,600,591,593,644],"product_tag":[603,395,400,396,397],"class_list":{"0":"post-2481","1":"product","2":"type-product","3":"status-publish","4":"has-post-thumbnail","6":"product_cat-12-years-es","7":"product_cat-14-years-es","8":"product_cat-18-years-es","9":"product_cat-10-es","10":"product_cat-therapeutic-area-es","11":"product_cat-age-es","12":"product_cat-nasal-spray-es","13":"product_cat-eucalyptus-es","14":"product_cat-ingredients-es","15":"product_cat-nose-es","16":"product_cat-preferences-es","17":"product_cat-presentation-es","18":"product_cat-propolis-es","19":"product_cat-alcohol-free-es","20":"product_cat-sin-azucar","21":"product_cat-gluten-free-es","22":"product_cat-lactose-free-es","23":"product_cat-thyme-es","24":"product_tag-10-es","25":"product_tag-sin-alcohol-es-2","26":"product_tag-sin-azucar-es-2","27":"product_tag-sin-gluten-es-2","28":"product_tag-sin-lactosa-es-2","30":"first","31":"instock","32":"shipping-taxable","33":"product-type-simple"},"_links":{"self":[{"href":"https:\/\/www.stepharmaceuticals.com\/es\/wp-json\/wp\/v2\/product\/2481","targetHints":{"allow":["GET"]}}],"collection":[{"href":"https:\/\/www.stepharmaceuticals.com\/es\/wp-json\/wp\/v2\/product"}],"about":[{"href":"https:\/\/www.stepharmaceuticals.com\/es\/wp-json\/wp\/v2\/types\/product"}],"replies":[{"embeddable":true,"href":"https:\/\/www.stepharmaceuticals.com\/es\/wp-json\/wp\/v2\/comments?post=2481"}],"wp:featuredmedia":[{"embeddable":true,"href":"https:\/\/www.stepharmaceuticals.com\/es\/wp-json\/wp\/v2\/media\/5347"}],"wp:attachment":[{"href":"https:\/\/www.stepharmaceuticals.com\/es\/wp-json\/wp\/v2\/media?parent=2481"}],"wp:term":[{"taxonomy":"product_brand","embeddable":true,"href":"https:\/\/www.stepharmaceuticals.com\/es\/wp-json\/wp\/v2\/product_brand?post=2481"},{"taxonomy":"product_cat","embeddable":true,"href":"https:\/\/www.stepharmaceuticals.com\/es\/wp-json\/wp\/v2\/product_cat?post=2481"},{"taxonomy":"product_tag","embeddable":true,"href":"https:\/\/www.stepharmaceuticals.com\/es\/wp-json\/wp\/v2\/product_tag?post=2481"}],"curies":[{"name":"wp","href":"https:\/\/api.w.org\/{rel}","templated":true}]}}