{"id":2479,"date":"2023-03-14T11:18:25","date_gmt":"2023-03-14T11:18:25","guid":{"rendered":"https:\/\/www.stepharmaceuticals.com\/producto\/deep-breath-nasal-spray\/"},"modified":"2025-01-27T09:39:44","modified_gmt":"2025-01-27T09:39:44","slug":"deep-breath-nasal-spray","status":"publish","type":"product","link":"https:\/\/www.stepharmaceuticals.com\/es\/producto\/deep-breath-nasal-spray\/","title":{"rendered":"FREE NOSE\u00ae DEEP BREATH"},"content":{"rendered":"<p><strong><span class=\"HwtZe\" lang=\"es\"><span class=\"jCAhz ChMk0b\"><span class=\"ryNqvb\">Descongestivo nasal.<\/span><\/span> <span class=\"jCAhz ChMk0b\"><span class=\"ryNqvb\">Dise\u00f1ado para ayudar a aliviar el proceso patol\u00f3gico que ocurre con la secreci\u00f3n nasal, con una mejor hidrataci\u00f3n y alivio de las molestias de la nariz tapada.<\/span><\/span> <span class=\"jCAhz ChMk0b\"><span class=\"ryNqvb\">Sin efecto rebote ni f\u00e1rmacos.<\/span><\/span><\/span><\/strong><\/p>\n<p>Soluci\u00f3n salina (cloruro de sodio 2,5%), Aloe Vera y esencias naturales de <em>Eucalyptus radiata<\/em> y abeto bals\u00e1mico.<\/p>\n<p><strong>Espray nasal de 20 ml.<\/strong> Es un espray mec\u00e1nico con bomba de refuerzo, sin gas propulsor y con un aplicador nasal de dise\u00f1o anat\u00f3mico.<\/p>\n<p>+6 a\u00f1os.<\/p>\n<p>Duraci\u00f3n: 3 a\u00f1os.<\/p>\n<p><strong>PRODUCTO SANITARIO CLASE IIa<\/strong><\/p>\n<p><strong>Producto con certificaci\u00f3n MDR<\/strong>. Si quieres saber m\u00e1s informaci\u00f3n, puedes hacer <strong><a href=\"..\/blog\/2022\/06\/19\/pharmalink-obtains-the-eu-mdr-certificate\/\">click aqu\u00ed<\/a><\/strong><\/p>\n","protected":false},"excerpt":{"rendered":"<p>Descongestivo nasal. Dise\u00f1ado para ayudar a aliviar el proceso patol\u00f3gico que ocurre con la secreci\u00f3n nasal, con una mejor hidrataci\u00f3n y alivio de las molestias de la nariz tapada. Sin efecto rebote ni f\u00e1rmacos. Soluci\u00f3n salina (cloruro de sodio 2,5%), Aloe Vera y esencias naturales de Eucalyptus radiata y abeto bals\u00e1mico. Espray nasal de 20 [&hellip;]<\/p>\n","protected":false},"featured_media":5339,"comment_status":"open","ping_status":"closed","template":"","meta":{"_et_pb_use_builder":"","_et_pb_old_content":"","_et_gb_content_width":""},"product_brand":[],"product_cat":[604,605,606,607,586,588,654,634,602,589,594,612,592,595,596,597,590,600,591,593,655],"product_tag":[603,394,395,400,396,397],"class_list":{"0":"post-2479","1":"product","2":"type-product","3":"status-publish","4":"has-post-thumbnail","6":"product_cat-12-years-es","7":"product_cat-14-years-es","8":"product_cat-18-years-es","9":"product_cat-6-years-es","10":"product_cat-10-es","11":"product_cat-100-vegano","12":"product_cat-balsam-fir-es","13":"product_cat-aloe-vera-es","14":"product_cat-therapeutic-area-es","15":"product_cat-age-es","16":"product_cat-nasal-spray-es","17":"product_cat-eucalyptus-es","18":"product_cat-ingredients-es","19":"product_cat-nose-es","20":"product_cat-preferences-es","21":"product_cat-presentation-es","22":"product_cat-alcohol-free-es","23":"product_cat-sin-azucar","24":"product_cat-gluten-free-es","25":"product_cat-lactose-free-es","26":"product_cat-tocopherols-es","27":"product_tag-10-es","28":"product_tag-100-vegano-es-2","29":"product_tag-sin-alcohol-es-2","30":"product_tag-sin-azucar-es-2","31":"product_tag-sin-gluten-es-2","32":"product_tag-sin-lactosa-es-2","34":"first","35":"instock","36":"shipping-taxable","37":"product-type-simple"},"_links":{"self":[{"href":"https:\/\/www.stepharmaceuticals.com\/es\/wp-json\/wp\/v2\/product\/2479","targetHints":{"allow":["GET"]}}],"collection":[{"href":"https:\/\/www.stepharmaceuticals.com\/es\/wp-json\/wp\/v2\/product"}],"about":[{"href":"https:\/\/www.stepharmaceuticals.com\/es\/wp-json\/wp\/v2\/types\/product"}],"replies":[{"embeddable":true,"href":"https:\/\/www.stepharmaceuticals.com\/es\/wp-json\/wp\/v2\/comments?post=2479"}],"wp:featuredmedia":[{"embeddable":true,"href":"https:\/\/www.stepharmaceuticals.com\/es\/wp-json\/wp\/v2\/media\/5339"}],"wp:attachment":[{"href":"https:\/\/www.stepharmaceuticals.com\/es\/wp-json\/wp\/v2\/media?parent=2479"}],"wp:term":[{"taxonomy":"product_brand","embeddable":true,"href":"https:\/\/www.stepharmaceuticals.com\/es\/wp-json\/wp\/v2\/product_brand?post=2479"},{"taxonomy":"product_cat","embeddable":true,"href":"https:\/\/www.stepharmaceuticals.com\/es\/wp-json\/wp\/v2\/product_cat?post=2479"},{"taxonomy":"product_tag","embeddable":true,"href":"https:\/\/www.stepharmaceuticals.com\/es\/wp-json\/wp\/v2\/product_tag?post=2479"}],"curies":[{"name":"wp","href":"https:\/\/api.w.org\/{rel}","templated":true}]}}