{"id":2478,"date":"2023-03-14T11:18:26","date_gmt":"2023-03-14T11:18:26","guid":{"rendered":"https:\/\/www.stepharmaceuticals.com\/producto\/daily-cleaning-audio-spray\/"},"modified":"2025-02-28T08:30:17","modified_gmt":"2025-02-28T08:30:17","slug":"free-audio-daily-clean","status":"publish","type":"product","link":"https:\/\/www.stepharmaceuticals.com\/es\/producto\/free-audio-daily-clean\/","title":{"rendered":"FREE AUDIO\u00ae DAILY CLEAN"},"content":{"rendered":"<p><strong><span class=\"HwtZe\" lang=\"es\"><span class=\"jCAhz ChMk0b\"><span class=\"ryNqvb\">Para la higiene diaria de los o\u00eddos.<\/span><\/span> <span class=\"jCAhz ChMk0b\"><span class=\"ryNqvb\">Limpia eficazmente el canal auditivo, asegurando su correcto estado y evitando la acumulaci\u00f3n de cerumen.<\/span><\/span><\/span><\/strong><\/p>\n<p>Agua de mar isot\u00f3nica (cloruro s\u00f3dico al 0,9%) y agua purificada.<\/p>\n<p>Espray de audio de 30 ml<\/p>\n<p>+1 a\u00f1o.<\/p>\n<p><span class=\"HwtZe\" lang=\"es\"><span class=\"jCAhz ChMk0b\"><span class=\"ryNqvb\">Duraci\u00f3n: 3 a\u00f1os.<\/span><\/span><\/span><\/p>\n<p><strong>PRODUCTO SANITARIO CLASE IIa<\/strong><\/p>\n<p>&nbsp;<\/p>\n<p>&nbsp;<\/p>\n","protected":false},"excerpt":{"rendered":"<p>Para la higiene diaria de los o\u00eddos. Limpia eficazmente el canal auditivo, asegurando su correcto estado y evitando la acumulaci\u00f3n de cerumen. Agua de mar isot\u00f3nica (cloruro s\u00f3dico al 0,9%) y agua purificada. Espray de audio de 30 ml +1 a\u00f1o. Duraci\u00f3n: 3 a\u00f1os. PRODUCTO SANITARIO CLASE IIa &nbsp; &nbsp;<\/p>\n","protected":false},"featured_media":5484,"comment_status":"open","ping_status":"closed","template":"","meta":{"_et_pb_use_builder":"","_et_pb_old_content":"","_et_gb_content_width":""},"product_brand":[],"product_cat":[582,604,605,606,583,585,607,586,587,588,599,602,589,601,646,592,647,596,597,590,600,598,591,593],"product_tag":[603,393,394,401,395,400,399,396,397],"class_list":{"0":"post-2478","1":"product","2":"type-product","3":"status-publish","4":"has-post-thumbnail","6":"product_cat-1-year-es","7":"product_cat-12-years-es","8":"product_cat-14-years-es","9":"product_cat-18-years-es","10":"product_cat-2-years-es","11":"product_cat-3-years-es","12":"product_cat-6-years-es","13":"product_cat-10-es","14":"product_cat-100-natural-es","15":"product_cat-100-vegano","16":"product_cat-sea-water-es","17":"product_cat-therapeutic-area-es","18":"product_cat-age-es","19":"product_cat-sutiable-for-pregnants-es","20":"product_cat-ear-spray-es","21":"product_cat-ingredients-es","22":"product_cat-ears-es","23":"product_cat-preferences-es","24":"product_cat-presentation-es","25":"product_cat-alcohol-free-es","26":"product_cat-sin-azucar","27":"product_cat-preservative-free-es","28":"product_cat-gluten-free-es","29":"product_cat-lactose-free-es","30":"product_tag-10-es","31":"product_tag-100-natural-es","32":"product_tag-100-vegano-es-2","33":"product_tag-embarazo-es-2","34":"product_tag-sin-alcohol-es-2","35":"product_tag-sin-azucar-es-2","36":"product_tag-sin-conservantes-es-2","37":"product_tag-sin-gluten-es-2","38":"product_tag-sin-lactosa-es-2","40":"first","41":"instock","42":"shipping-taxable","43":"product-type-simple"},"_links":{"self":[{"href":"https:\/\/www.stepharmaceuticals.com\/es\/wp-json\/wp\/v2\/product\/2478","targetHints":{"allow":["GET"]}}],"collection":[{"href":"https:\/\/www.stepharmaceuticals.com\/es\/wp-json\/wp\/v2\/product"}],"about":[{"href":"https:\/\/www.stepharmaceuticals.com\/es\/wp-json\/wp\/v2\/types\/product"}],"replies":[{"embeddable":true,"href":"https:\/\/www.stepharmaceuticals.com\/es\/wp-json\/wp\/v2\/comments?post=2478"}],"wp:featuredmedia":[{"embeddable":true,"href":"https:\/\/www.stepharmaceuticals.com\/es\/wp-json\/wp\/v2\/media\/5484"}],"wp:attachment":[{"href":"https:\/\/www.stepharmaceuticals.com\/es\/wp-json\/wp\/v2\/media?parent=2478"}],"wp:term":[{"taxonomy":"product_brand","embeddable":true,"href":"https:\/\/www.stepharmaceuticals.com\/es\/wp-json\/wp\/v2\/product_brand?post=2478"},{"taxonomy":"product_cat","embeddable":true,"href":"https:\/\/www.stepharmaceuticals.com\/es\/wp-json\/wp\/v2\/product_cat?post=2478"},{"taxonomy":"product_tag","embeddable":true,"href":"https:\/\/www.stepharmaceuticals.com\/es\/wp-json\/wp\/v2\/product_tag?post=2478"}],"curies":[{"name":"wp","href":"https:\/\/api.w.org\/{rel}","templated":true}]}}