{"id":2477,"date":"2023-03-14T11:18:26","date_gmt":"2023-03-14T11:18:26","guid":{"rendered":"https:\/\/www.stepharmaceuticals.com\/producto\/earwax-audio-spray\/"},"modified":"2025-09-22T13:40:54","modified_gmt":"2025-09-22T13:40:54","slug":"free-audio-earwax","status":"publish","type":"product","link":"https:\/\/www.stepharmaceuticals.com\/es\/producto\/free-audio-earwax\/","title":{"rendered":"FREE AUDIO\u00ae EARWAX"},"content":{"rendered":"<p><strong>Especialmente indicado para ablandar y disolver las acumulaciones de cerumen y limpiar el conducto auditivo externo. Disuelve los tapones de cerumen, facilita su eliminaci\u00f3n y limpia y lubrica el conducto auditivo externo.<\/strong><\/p>\n<p>Contiene docusato s\u00f3dico (0,5%), propilenglicol, glicerina y aroma de lim\u00f3n.<\/p>\n<p>Espray de audio de 15 ml<\/p>\n<p>+2 a\u00f1os.<\/p>\n<p><span class=\"HwtZe\" lang=\"es\"><span class=\"jCAhz ChMk0b\"><span class=\"ryNqvb\">Duraci\u00f3n: 30 meses.<\/span><\/span><\/span><\/p>\n<p><strong>PRODUCTO SANITARIO CLASE IIa<\/strong><\/p>\n","protected":false},"excerpt":{"rendered":"<p>Especialmente indicado para ablandar y disolver las acumulaciones de cerumen y limpiar el conducto auditivo externo. Disuelve los tapones de cerumen, facilita su eliminaci\u00f3n y limpia y lubrica el conducto auditivo externo. Contiene docusato s\u00f3dico (0,5%), propilenglicol, glicerina y aroma de lim\u00f3n. Espray de audio de 15 ml +2 a\u00f1os. Duraci\u00f3n: 30 meses. PRODUCTO SANITARIO [&hellip;]<\/p>\n","protected":false},"featured_media":5486,"comment_status":"open","ping_status":"closed","template":"","meta":{"_et_pb_use_builder":"","_et_pb_old_content":"","_et_gb_content_width":""},"product_brand":[],"product_cat":[604,605,606,583,585,607,586,588,602,651,589,646,652,592,613,647,596,597,653,590,600,591,593],"product_tag":[603,394,395,400,396,397],"class_list":{"0":"post-2477","1":"product","2":"type-product","3":"status-publish","4":"has-post-thumbnail","6":"product_cat-12-years-es","7":"product_cat-14-years-es","8":"product_cat-18-years-es","9":"product_cat-2-years-es","10":"product_cat-3-years-es","11":"product_cat-6-years-es","12":"product_cat-10-es","13":"product_cat-100-vegano","14":"product_cat-therapeutic-area-es","15":"product_cat-docusate-sodium-es","16":"product_cat-age-es","17":"product_cat-ear-spray-es","18":"product_cat-glycerin-es","19":"product_cat-ingredients-es","20":"product_cat-lemon-es","21":"product_cat-ears-es","22":"product_cat-preferences-es","23":"product_cat-presentation-es","24":"product_cat-propylene-glycol-es","25":"product_cat-alcohol-free-es","26":"product_cat-sin-azucar","27":"product_cat-gluten-free-es","28":"product_cat-lactose-free-es","29":"product_tag-10-es","30":"product_tag-100-vegano-es-2","31":"product_tag-sin-alcohol-es-2","32":"product_tag-sin-azucar-es-2","33":"product_tag-sin-gluten-es-2","34":"product_tag-sin-lactosa-es-2","36":"first","37":"instock","38":"shipping-taxable","39":"product-type-simple"},"_links":{"self":[{"href":"https:\/\/www.stepharmaceuticals.com\/es\/wp-json\/wp\/v2\/product\/2477","targetHints":{"allow":["GET"]}}],"collection":[{"href":"https:\/\/www.stepharmaceuticals.com\/es\/wp-json\/wp\/v2\/product"}],"about":[{"href":"https:\/\/www.stepharmaceuticals.com\/es\/wp-json\/wp\/v2\/types\/product"}],"replies":[{"embeddable":true,"href":"https:\/\/www.stepharmaceuticals.com\/es\/wp-json\/wp\/v2\/comments?post=2477"}],"wp:featuredmedia":[{"embeddable":true,"href":"https:\/\/www.stepharmaceuticals.com\/es\/wp-json\/wp\/v2\/media\/5486"}],"wp:attachment":[{"href":"https:\/\/www.stepharmaceuticals.com\/es\/wp-json\/wp\/v2\/media?parent=2477"}],"wp:term":[{"taxonomy":"product_brand","embeddable":true,"href":"https:\/\/www.stepharmaceuticals.com\/es\/wp-json\/wp\/v2\/product_brand?post=2477"},{"taxonomy":"product_cat","embeddable":true,"href":"https:\/\/www.stepharmaceuticals.com\/es\/wp-json\/wp\/v2\/product_cat?post=2477"},{"taxonomy":"product_tag","embeddable":true,"href":"https:\/\/www.stepharmaceuticals.com\/es\/wp-json\/wp\/v2\/product_tag?post=2477"}],"curies":[{"name":"wp","href":"https:\/\/api.w.org\/{rel}","templated":true}]}}