{"id":2476,"date":"2023-03-14T11:18:26","date_gmt":"2023-03-14T11:18:26","guid":{"rendered":"https:\/\/www.stepharmaceuticals.com\/producto\/itch-relief-audio-spray\/"},"modified":"2025-02-28T08:32:51","modified_gmt":"2025-02-28T08:32:51","slug":"free-audio-itch-relief","status":"publish","type":"product","link":"https:\/\/www.stepharmaceuticals.com\/es\/producto\/free-audio-itch-relief\/","title":{"rendered":"FREE AUDIO\u00ae ITCH RELIEF"},"content":{"rendered":"<p><strong>El producto est\u00e1 dise\u00f1ado para ayudar en el proceso patol\u00f3gico que se produce con el eczema de o\u00eddo. Alivia las molestias en el conducto auditivo externo, lubric\u00e1ndolo y protegi\u00e9ndolo. Es ideal para el uso continuado de auriculares y cascos y como coadyuvante en afecciones de la piel del o\u00eddo, como eczemas o dermatitis.<\/strong><\/p>\n<p>Contiene \u00e1cido hialur\u00f3nico (0,2%), aceite del \u00e1rbol del t\u00e9 y extractos de cal\u00e9ndula y verbena.<\/p>\n<p>Espray de audio de 20 ml<\/p>\n<p>+6 a\u00f1os.<\/p>\n<p><span class=\"HwtZe\" lang=\"es\"><span class=\"jCAhz ChMk0b\"><span class=\"ryNqvb\">Duraci\u00f3n: 3 a\u00f1os.<\/span><\/span><\/span><\/p>\n<p><strong>PRODUCTO SANITARIO CLASE IIa<\/strong><\/p>\n","protected":false},"excerpt":{"rendered":"<p>El producto est\u00e1 dise\u00f1ado para ayudar en el proceso patol\u00f3gico que se produce con el eczema de o\u00eddo. Alivia las molestias en el conducto auditivo externo, lubric\u00e1ndolo y protegi\u00e9ndolo. Es ideal para el uso continuado de auriculares y cascos y como coadyuvante en afecciones de la piel del o\u00eddo, como eczemas o dermatitis. Contiene \u00e1cido [&hellip;]<\/p>\n","protected":false},"featured_media":5488,"comment_status":"open","ping_status":"closed","template":"","meta":{"_et_pb_use_builder":"","_et_pb_old_content":"","_et_gb_content_width":""},"product_brand":[],"product_cat":[604,605,606,607,586,588,648,649,602,621,589,646,592,647,596,597,600,591,593,650],"product_tag":[603,394,400,396,397],"class_list":{"0":"post-2476","1":"product","2":"type-product","3":"status-publish","4":"has-post-thumbnail","6":"product_cat-12-years-es","7":"product_cat-14-years-es","8":"product_cat-18-years-es","9":"product_cat-6-years-es","10":"product_cat-10-es","11":"product_cat-100-vegano","12":"product_cat-hyaluronic-acid-es","13":"product_cat-tea-tree-es","14":"product_cat-therapeutic-area-es","15":"product_cat-calendula-es","16":"product_cat-age-es","17":"product_cat-ear-spray-es","18":"product_cat-ingredients-es","19":"product_cat-ears-es","20":"product_cat-preferences-es","21":"product_cat-presentation-es","22":"product_cat-sin-azucar","23":"product_cat-gluten-free-es","24":"product_cat-lactose-free-es","25":"product_cat-verbena-es","26":"product_tag-10-es","27":"product_tag-100-vegano-es-2","28":"product_tag-sin-azucar-es-2","29":"product_tag-sin-gluten-es-2","30":"product_tag-sin-lactosa-es-2","32":"first","33":"instock","34":"shipping-taxable","35":"product-type-simple"},"_links":{"self":[{"href":"https:\/\/www.stepharmaceuticals.com\/es\/wp-json\/wp\/v2\/product\/2476","targetHints":{"allow":["GET"]}}],"collection":[{"href":"https:\/\/www.stepharmaceuticals.com\/es\/wp-json\/wp\/v2\/product"}],"about":[{"href":"https:\/\/www.stepharmaceuticals.com\/es\/wp-json\/wp\/v2\/types\/product"}],"replies":[{"embeddable":true,"href":"https:\/\/www.stepharmaceuticals.com\/es\/wp-json\/wp\/v2\/comments?post=2476"}],"wp:featuredmedia":[{"embeddable":true,"href":"https:\/\/www.stepharmaceuticals.com\/es\/wp-json\/wp\/v2\/media\/5488"}],"wp:attachment":[{"href":"https:\/\/www.stepharmaceuticals.com\/es\/wp-json\/wp\/v2\/media?parent=2476"}],"wp:term":[{"taxonomy":"product_brand","embeddable":true,"href":"https:\/\/www.stepharmaceuticals.com\/es\/wp-json\/wp\/v2\/product_brand?post=2476"},{"taxonomy":"product_cat","embeddable":true,"href":"https:\/\/www.stepharmaceuticals.com\/es\/wp-json\/wp\/v2\/product_cat?post=2476"},{"taxonomy":"product_tag","embeddable":true,"href":"https:\/\/www.stepharmaceuticals.com\/es\/wp-json\/wp\/v2\/product_tag?post=2476"}],"curies":[{"name":"wp","href":"https:\/\/api.w.org\/{rel}","templated":true}]}}