{"id":2475,"date":"2023-03-14T11:18:26","date_gmt":"2023-03-14T11:18:26","guid":{"rendered":"https:\/\/www.stepharmaceuticals.com\/producto\/propolis-oral-spray\/"},"modified":"2025-02-03T11:08:28","modified_gmt":"2025-02-03T11:08:28","slug":"propolink","status":"publish","type":"product","link":"https:\/\/www.stepharmaceuticals.com\/es\/producto\/propolink\/","title":{"rendered":"PROPOLINK\u00ae"},"content":{"rendered":"<p><strong>Para calmar la garganta. La sinergia entre los componentes naturales de esta f\u00f3rmula ayuda a calmar y aliviar las gargantas sensibles. El prop\u00f3leo protege la colmena gracias a sus propiedades antis\u00e9pticas y antibacterianas.<\/strong><\/p>\n<p>Contiene prop\u00f3leo, miel, vitamina C y extracto de tomillo. Sabor a miel.<\/p>\n<p>Espray oral de 30 ml<\/p>\n<p>+3 a\u00f1os.<\/p>\n<p><span class=\"HwtZe\" lang=\"es\"><span class=\"jCAhz ChMk0b\"><span class=\"ryNqvb\">Duraci\u00f3n: 3 a\u00f1os.<br \/>\n<\/span><\/span><\/span><\/p>\n<p><strong>COMPLEMENTO ALIMENTICIO<\/strong><\/p>\n","protected":false},"excerpt":{"rendered":"<p>Para calmar la garganta. La sinergia entre los componentes naturales de esta f\u00f3rmula ayuda a calmar y aliviar las gargantas sensibles. El prop\u00f3leo protege la colmena gracias a sus propiedades antis\u00e9pticas y antibacterianas. Contiene prop\u00f3leo, miel, vitamina C y extracto de tomillo. Sabor a miel. Espray oral de 30 ml +3 a\u00f1os. Duraci\u00f3n: 3 a\u00f1os. [&hellip;]<\/p>\n","protected":false},"featured_media":5423,"comment_status":"open","ping_status":"closed","template":"","meta":{"_et_pb_use_builder":"","_et_pb_old_content":"","_et_gb_content_width":""},"product_brand":[],"product_cat":[604,605,606,585,607,602,589,623,626,592,609,596,597,643,590,591,593,644,645],"product_tag":[395,396,397],"class_list":{"0":"post-2475","1":"product","2":"type-product","3":"status-publish","4":"has-post-thumbnail","6":"product_cat-12-years-es","7":"product_cat-14-years-es","8":"product_cat-18-years-es","9":"product_cat-3-years-es","10":"product_cat-6-years-es","11":"product_cat-therapeutic-area-es","12":"product_cat-age-es","13":"product_cat-oral-spray-es","14":"product_cat-throat-es","15":"product_cat-ingredients-es","16":"product_cat-honey-es","17":"product_cat-preferences-es","18":"product_cat-presentation-es","19":"product_cat-propolis-es","20":"product_cat-alcohol-free-es","21":"product_cat-gluten-free-es","22":"product_cat-lactose-free-es","23":"product_cat-thyme-es","24":"product_cat-vitamin-c-es","25":"product_tag-sin-alcohol-es-2","26":"product_tag-sin-gluten-es-2","27":"product_tag-sin-lactosa-es-2","29":"first","30":"instock","31":"shipping-taxable","32":"product-type-simple"},"_links":{"self":[{"href":"https:\/\/www.stepharmaceuticals.com\/es\/wp-json\/wp\/v2\/product\/2475","targetHints":{"allow":["GET"]}}],"collection":[{"href":"https:\/\/www.stepharmaceuticals.com\/es\/wp-json\/wp\/v2\/product"}],"about":[{"href":"https:\/\/www.stepharmaceuticals.com\/es\/wp-json\/wp\/v2\/types\/product"}],"replies":[{"embeddable":true,"href":"https:\/\/www.stepharmaceuticals.com\/es\/wp-json\/wp\/v2\/comments?post=2475"}],"wp:featuredmedia":[{"embeddable":true,"href":"https:\/\/www.stepharmaceuticals.com\/es\/wp-json\/wp\/v2\/media\/5423"}],"wp:attachment":[{"href":"https:\/\/www.stepharmaceuticals.com\/es\/wp-json\/wp\/v2\/media?parent=2475"}],"wp:term":[{"taxonomy":"product_brand","embeddable":true,"href":"https:\/\/www.stepharmaceuticals.com\/es\/wp-json\/wp\/v2\/product_brand?post=2475"},{"taxonomy":"product_cat","embeddable":true,"href":"https:\/\/www.stepharmaceuticals.com\/es\/wp-json\/wp\/v2\/product_cat?post=2475"},{"taxonomy":"product_tag","embeddable":true,"href":"https:\/\/www.stepharmaceuticals.com\/es\/wp-json\/wp\/v2\/product_tag?post=2475"}],"curies":[{"name":"wp","href":"https:\/\/api.w.org\/{rel}","templated":true}]}}