{"id":2470,"date":"2023-03-14T14:20:54","date_gmt":"2023-03-14T14:20:54","guid":{"rendered":"https:\/\/www.stepharmaceuticals.com\/producto\/hypertonicseawaterwithaloeveraandeucalyptus\/"},"modified":"2025-09-22T13:54:32","modified_gmt":"2025-09-22T13:54:32","slug":"freenose-hypertonic-aloevera-eucalyptus","status":"publish","type":"product","link":"https:\/\/www.stepharmaceuticals.com\/es\/producto\/freenose-hypertonic-aloevera-eucalyptus\/","title":{"rendered":"FREE NOSE\u00ae AGUA DE MAR HIPERT\u00d3NICA CON ALOE VERA Y EUCALIPTO"},"content":{"rendered":"<p><strong><span class=\"HwtZe\" lang=\"es\"><span class=\"jCAhz ChMk0b\"><span class=\"ryNqvb\">Agua de mar hipert\u00f3nica con Aloe Vera y Eucalipto para la higiene y descongesti\u00f3n nasal diaria.<\/span><\/span> <span class=\"jCAhz ChMk0b\"><span class=\"ryNqvb\">Es un descongestionante natural fuerte y eficaz que mejora la hidrataci\u00f3n y el alivio de las molestias de la congesti\u00f3n nasal gracias al Aloe Vera y al Eucalipto.<\/span><\/span> <span class=\"jCAhz ChMk0b\"><span class=\"ryNqvb\">Indicado como coadyuvante terap\u00e9utico en algunas indicaciones como nasofaringitis, rinitis al\u00e9rgica, sinusitis, ronquera y en trastornos ORL (infecciones de o\u00eddo, nariz y garganta) y tratamientos pedi\u00e1tricos.<\/span><\/span><\/span><\/strong><\/p>\n<p><span class=\"HwtZe\" lang=\"es\"><span class=\"jCAhz ChMk0b\"><span class=\"ryNqvb\">Agua de mar, agua purificada, aloe vera y aceite esencial de <em>Eucalyptus radiata<\/em>.<\/span><\/span><\/span><\/p>\n<p><strong>Spray nasal de 120 ml.<\/strong> <span class=\"HwtZe\" lang=\"es\"><span class=\"jCAhz ChMk0b\"><span class=\"ryNqvb\">Tecnolog\u00eda Bag on Valve con chorro continuo y sin gas propulsor, que evita el contacto con agentes externos, garantizando las especificaciones microbiol\u00f3gicas.<\/span><\/span> <span class=\"jCAhz ChMk0b\"><span class=\"ryNqvb\">Se puede utilizar en 360\u00ba.<\/span><\/span> <span class=\"jCAhz ChMk0b\"><span class=\"ryNqvb\">Tiene una punta ergon\u00f3mica adaptable a narices de diferentes edades.<\/span><\/span><\/span> Disponible en:<\/p>\n<p style=\"padding-left: 40px;\"><span class=\"HwtZe\" lang=\"es\"><span class=\"jCAhz ChMk0b\"><span class=\"ryNqvb\">Espray fuerza suave (+6 a\u00f1os).<\/span><\/span> <\/span><\/p>\n<p style=\"padding-left: 40px;\"><span class=\"HwtZe\" lang=\"es\"><span class=\"jCAhz ChMk0b\"><span class=\"ryNqvb\">Espray fuerza media (+3 a\u00f1os).<\/span><\/span><\/span><\/p>\n<p>Duraci\u00f3n: 3 a\u00f1os.<\/p>\n<p><strong>PRODUCTO SANITARIO CLASE IIa<\/strong><\/p>\n<p><strong>Producto con certificaci\u00f3n MDR<\/strong>. Si quieres saber m\u00e1s informaci\u00f3n, puedes hacer <strong><a href=\"..\/blog\/2022\/06\/19\/pharmalink-obtains-the-eu-mdr-certificate\/\">click aqu\u00ed<\/a><\/strong><\/p>\n","protected":false},"excerpt":{"rendered":"<p>Agua de mar hipert\u00f3nica con Aloe Vera y Eucalipto para la higiene y descongesti\u00f3n nasal diaria. Es un descongestionante natural fuerte y eficaz que mejora la hidrataci\u00f3n y el alivio de las molestias de la congesti\u00f3n nasal gracias al Aloe Vera y al Eucalipto. Indicado como coadyuvante terap\u00e9utico en algunas indicaciones como nasofaringitis, rinitis al\u00e9rgica, [&hellip;]<\/p>\n","protected":false},"featured_media":3416,"comment_status":"open","ping_status":"closed","template":"","meta":{"_et_pb_use_builder":"","_et_pb_old_content":"","_et_gb_content_width":""},"product_brand":[],"product_cat":[604,605,606,607,586,588,599,634,602,589,601,594,612,592,595,596,597,590,600,598,591,593],"product_tag":[603,394,401,395,400,399,396,397],"class_list":{"0":"post-2470","1":"product","2":"type-product","3":"status-publish","4":"has-post-thumbnail","6":"product_cat-12-years-es","7":"product_cat-14-years-es","8":"product_cat-18-years-es","9":"product_cat-6-years-es","10":"product_cat-10-es","11":"product_cat-100-vegano","12":"product_cat-sea-water-es","13":"product_cat-aloe-vera-es","14":"product_cat-therapeutic-area-es","15":"product_cat-age-es","16":"product_cat-sutiable-for-pregnants-es","17":"product_cat-nasal-spray-es","18":"product_cat-eucalyptus-es","19":"product_cat-ingredients-es","20":"product_cat-nose-es","21":"product_cat-preferences-es","22":"product_cat-presentation-es","23":"product_cat-alcohol-free-es","24":"product_cat-sin-azucar","25":"product_cat-preservative-free-es","26":"product_cat-gluten-free-es","27":"product_cat-lactose-free-es","28":"product_tag-10-es","29":"product_tag-100-vegano-es-2","30":"product_tag-embarazo-es-2","31":"product_tag-sin-alcohol-es-2","32":"product_tag-sin-azucar-es-2","33":"product_tag-sin-conservantes-es-2","34":"product_tag-sin-gluten-es-2","35":"product_tag-sin-lactosa-es-2","37":"first","38":"instock","39":"shipping-taxable","40":"product-type-simple"},"_links":{"self":[{"href":"https:\/\/www.stepharmaceuticals.com\/es\/wp-json\/wp\/v2\/product\/2470","targetHints":{"allow":["GET"]}}],"collection":[{"href":"https:\/\/www.stepharmaceuticals.com\/es\/wp-json\/wp\/v2\/product"}],"about":[{"href":"https:\/\/www.stepharmaceuticals.com\/es\/wp-json\/wp\/v2\/types\/product"}],"replies":[{"embeddable":true,"href":"https:\/\/www.stepharmaceuticals.com\/es\/wp-json\/wp\/v2\/comments?post=2470"}],"wp:featuredmedia":[{"embeddable":true,"href":"https:\/\/www.stepharmaceuticals.com\/es\/wp-json\/wp\/v2\/media\/3416"}],"wp:attachment":[{"href":"https:\/\/www.stepharmaceuticals.com\/es\/wp-json\/wp\/v2\/media?parent=2470"}],"wp:term":[{"taxonomy":"product_brand","embeddable":true,"href":"https:\/\/www.stepharmaceuticals.com\/es\/wp-json\/wp\/v2\/product_brand?post=2470"},{"taxonomy":"product_cat","embeddable":true,"href":"https:\/\/www.stepharmaceuticals.com\/es\/wp-json\/wp\/v2\/product_cat?post=2470"},{"taxonomy":"product_tag","embeddable":true,"href":"https:\/\/www.stepharmaceuticals.com\/es\/wp-json\/wp\/v2\/product_tag?post=2470"}],"curies":[{"name":"wp","href":"https:\/\/api.w.org\/{rel}","templated":true}]}}