{"id":2460,"date":"2023-03-14T14:20:55","date_gmt":"2023-03-14T14:20:55","guid":{"rendered":"https:\/\/www.stepharmaceuticals.com\/producto\/cough-syrup-sin-conservantes-de-bajo-ig\/"},"modified":"2025-09-21T10:15:16","modified_gmt":"2025-09-21T10:15:16","slug":"cough-syrup-low-glycemic-index-preservatives-free","status":"publish","type":"product","link":"https:\/\/www.stepharmaceuticals.com\/es\/producto\/cough-syrup-low-glycemic-index-preservatives-free\/","title":{"rendered":"COUGH SYRUP BAJO IG SIN CONSERVANTES"},"content":{"rendered":"<p><strong>Calma la tos seca y productiva.Suaviza y protege la mucosa irritada, formando una barrera protectora en la garganta. Adem\u00e1s, hidrata y reduce la viscosidad del moco para favorecer su expulsi\u00f3n gracias a su contenido en miel y az\u00facar.<\/strong><\/p>\n<p><span class=\"HwtZe\" lang=\"es\"><span class=\"jCAhz ChMk0b\"><span class=\"ryNqvb\">Contiene malvavisco, eucalipto, llant\u00e9n, lim\u00f3n y miel.<\/span><\/span><\/span><\/p>\n<p style=\"padding-left: 40px;\">Botella: Jarabe de 182 g (aproximadamente 140 ml) en botella de vidrio o 156 g (aproximadamente 120 ml) en botella de vidrio; sin conservantes.<\/p>\n<p>+12 a\u00f1os.<\/p>\n<p>Duraci\u00f3n: 30 meses.<\/p>\n<p><strong>PRODUCTO SANITARIO CLASE IIa<\/strong><\/p>\n<p><strong>Producto con certificaci\u00f3n MDR<\/strong>. Si quieres saber m\u00e1s informaci\u00f3n, puedes hacer <strong><a href=\"..\/blog\/2022\/06\/19\/pharmalink-obtains-the-eu-mdr-certificate\/\">click aqu\u00ed.<\/a><\/strong><\/p>\n","protected":false},"excerpt":{"rendered":"<p>Calma la tos seca y productiva.Suaviza y protege la mucosa irritada, formando una barrera protectora en la garganta. Adem\u00e1s, hidrata y reduce la viscosidad del moco para favorecer su expulsi\u00f3n gracias a su contenido en miel y az\u00facar. Contiene malvavisco, eucalipto, llant\u00e9n, lim\u00f3n y miel. Botella: Jarabe de 182 g (aproximadamente 140 ml) en botella [&hellip;]<\/p>\n","protected":false},"featured_media":5475,"comment_status":"open","ping_status":"closed","template":"","meta":{"_et_pb_use_builder":"","_et_pb_old_content":"","_et_gb_content_width":""},"product_brand":[],"product_cat":[604,605,606,587,602,614,589,612,630,592,611,613,616,610,609,596,597,590,598,591,593],"product_tag":[393,398,395,399,396,397],"class_list":{"0":"post-2460","1":"product","2":"type-product","3":"status-publish","4":"has-post-thumbnail","6":"product_cat-12-years-es","7":"product_cat-14-years-es","8":"product_cat-18-years-es","9":"product_cat-100-natural-es","10":"product_cat-therapeutic-area-es","11":"product_cat-bajo-ig","12":"product_cat-age-es","13":"product_cat-eucalyptus-es","14":"product_cat-gastrointestinal-es","15":"product_cat-ingredients-es","16":"product_cat-syrup-es","17":"product_cat-lemon-es","18":"product_cat-plantain-es","19":"product_cat-marshmallow-es","20":"product_cat-honey-es","21":"product_cat-preferences-es","22":"product_cat-presentation-es","23":"product_cat-alcohol-free-es","24":"product_cat-preservative-free-es","25":"product_cat-gluten-free-es","26":"product_cat-lactose-free-es","27":"product_tag-100-natural-es","28":"product_tag-low-gi-es-2","29":"product_tag-sin-alcohol-es-2","30":"product_tag-sin-conservantes-es-2","31":"product_tag-sin-gluten-es-2","32":"product_tag-sin-lactosa-es-2","34":"first","35":"instock","36":"shipping-taxable","37":"product-type-simple"},"_links":{"self":[{"href":"https:\/\/www.stepharmaceuticals.com\/es\/wp-json\/wp\/v2\/product\/2460","targetHints":{"allow":["GET"]}}],"collection":[{"href":"https:\/\/www.stepharmaceuticals.com\/es\/wp-json\/wp\/v2\/product"}],"about":[{"href":"https:\/\/www.stepharmaceuticals.com\/es\/wp-json\/wp\/v2\/types\/product"}],"replies":[{"embeddable":true,"href":"https:\/\/www.stepharmaceuticals.com\/es\/wp-json\/wp\/v2\/comments?post=2460"}],"wp:featuredmedia":[{"embeddable":true,"href":"https:\/\/www.stepharmaceuticals.com\/es\/wp-json\/wp\/v2\/media\/5475"}],"wp:attachment":[{"href":"https:\/\/www.stepharmaceuticals.com\/es\/wp-json\/wp\/v2\/media?parent=2460"}],"wp:term":[{"taxonomy":"product_brand","embeddable":true,"href":"https:\/\/www.stepharmaceuticals.com\/es\/wp-json\/wp\/v2\/product_brand?post=2460"},{"taxonomy":"product_cat","embeddable":true,"href":"https:\/\/www.stepharmaceuticals.com\/es\/wp-json\/wp\/v2\/product_cat?post=2460"},{"taxonomy":"product_tag","embeddable":true,"href":"https:\/\/www.stepharmaceuticals.com\/es\/wp-json\/wp\/v2\/product_tag?post=2460"}],"curies":[{"name":"wp","href":"https:\/\/api.w.org\/{rel}","templated":true}]}}