{"id":2459,"date":"2023-03-14T14:20:55","date_gmt":"2023-03-14T14:20:55","guid":{"rendered":"https:\/\/www.stepharmaceuticals.com\/producto\/cough-syrup-sin-conservantes-peditrico\/"},"modified":"2025-09-21T10:08:28","modified_gmt":"2025-09-21T10:08:28","slug":"cough-syrup-kids-preservatives-free","status":"publish","type":"product","link":"https:\/\/www.stepharmaceuticals.com\/es\/producto\/cough-syrup-kids-preservatives-free\/","title":{"rendered":"COUGH SYRUP KIDS SIN CONSERVANTES"},"content":{"rendered":"<p><strong>Calma la tos seca y productiva. Suaviza y protege la mucosa irritada, formando una barrera protectora en la garganta gracias a la acci\u00f3n de los polisac\u00e1ridos de la goma xantana y la goma ar\u00e1biga. Esta barrera se ve reforzada por la acci\u00f3n de los muc\u00edlagos de <em>Althaea officinalis<\/em>. Hidrata y reduce la viscosidad del moco para favorecer su expulsi\u00f3n gracias a su contenido en miel y az\u00facar.<\/strong><\/p>\n<p>Con malvavisco, az\u00facar de ca\u00f1a y miel. Aroma de fresa.<\/p>\n<p style=\"padding-left: 40px;\"><span class=\"HwtZe\" lang=\"es\"><span class=\"jCAhz ChMk0b\"><span class=\"ryNqvb\">Jarabe de 182 g (aproximadamente 140 ml) en <strong>botella de vidrio o de 156 g (aproximadamente 120 ml) en botella de vidrio; sin conservantes.<\/strong><\/span><\/span><\/span><\/p>\n<p>+1 a\u00f1os.<\/p>\n<p>Duraci\u00f3n: 3 a\u00f1os.<\/p>\n<p><strong>PRODUCTO SANITARIO CLASE IIa<\/strong><\/p>\n<p><strong>Producto con certificaci\u00f3n MDR<\/strong>. Si quieres saber m\u00e1s informaci\u00f3n, puedes hacer <strong><a href=\"..\/blog\/2022\/06\/19\/pharmalink-obtains-the-eu-mdr-certificate\/\">click aqu\u00ed.<\/a><\/strong><\/p>\n<p>&nbsp;<\/p>\n","protected":false},"excerpt":{"rendered":"<p>Calma la tos seca y productiva. Suaviza y protege la mucosa irritada, formando una barrera protectora en la garganta gracias a la acci\u00f3n de los polisac\u00e1ridos de la goma xantana y la goma ar\u00e1biga. Esta barrera se ve reforzada por la acci\u00f3n de los muc\u00edlagos de Althaea officinalis. Hidrata y reduce la viscosidad del moco [&hellip;]<\/p>\n","protected":false},"featured_media":3474,"comment_status":"open","ping_status":"closed","template":"","meta":{"_et_pb_use_builder":"off","_et_pb_old_content":"","_et_gb_content_width":""},"product_brand":[],"product_cat":[582,604,585,607,587,602,618,589,626,617,620,592,611,610,609,596,597,590,598,591,593],"product_tag":[393,395,399,396,397],"class_list":{"0":"post-2459","1":"product","2":"type-product","3":"status-publish","4":"has-post-thumbnail","6":"product_cat-1-year-es","7":"product_cat-12-years-es","8":"product_cat-3-years-es","9":"product_cat-6-years-es","10":"product_cat-100-natural-es","11":"product_cat-therapeutic-area-es","12":"product_cat-cane-sugar-es","13":"product_cat-age-es","14":"product_cat-throat-es","15":"product_cat-arabic-gum-es","16":"product_cat-xanthan-gum-es","17":"product_cat-ingredients-es","18":"product_cat-syrup-es","19":"product_cat-marshmallow-es","20":"product_cat-honey-es","21":"product_cat-preferences-es","22":"product_cat-presentation-es","23":"product_cat-alcohol-free-es","24":"product_cat-preservative-free-es","25":"product_cat-gluten-free-es","26":"product_cat-lactose-free-es","27":"product_tag-100-natural-es","28":"product_tag-sin-alcohol-es-2","29":"product_tag-sin-conservantes-es-2","30":"product_tag-sin-gluten-es-2","31":"product_tag-sin-lactosa-es-2","33":"first","34":"instock","35":"shipping-taxable","36":"product-type-simple"},"_links":{"self":[{"href":"https:\/\/www.stepharmaceuticals.com\/es\/wp-json\/wp\/v2\/product\/2459","targetHints":{"allow":["GET"]}}],"collection":[{"href":"https:\/\/www.stepharmaceuticals.com\/es\/wp-json\/wp\/v2\/product"}],"about":[{"href":"https:\/\/www.stepharmaceuticals.com\/es\/wp-json\/wp\/v2\/types\/product"}],"replies":[{"embeddable":true,"href":"https:\/\/www.stepharmaceuticals.com\/es\/wp-json\/wp\/v2\/comments?post=2459"}],"wp:featuredmedia":[{"embeddable":true,"href":"https:\/\/www.stepharmaceuticals.com\/es\/wp-json\/wp\/v2\/media\/3474"}],"wp:attachment":[{"href":"https:\/\/www.stepharmaceuticals.com\/es\/wp-json\/wp\/v2\/media?parent=2459"}],"wp:term":[{"taxonomy":"product_brand","embeddable":true,"href":"https:\/\/www.stepharmaceuticals.com\/es\/wp-json\/wp\/v2\/product_brand?post=2459"},{"taxonomy":"product_cat","embeddable":true,"href":"https:\/\/www.stepharmaceuticals.com\/es\/wp-json\/wp\/v2\/product_cat?post=2459"},{"taxonomy":"product_tag","embeddable":true,"href":"https:\/\/www.stepharmaceuticals.com\/es\/wp-json\/wp\/v2\/product_tag?post=2459"}],"curies":[{"name":"wp","href":"https:\/\/api.w.org\/{rel}","templated":true}]}}