{"id":2458,"date":"2023-03-14T14:20:55","date_gmt":"2023-03-14T14:20:55","guid":{"rendered":"https:\/\/www.stepharmaceuticals.com\/producto\/easy-digest\/"},"modified":"2025-02-03T11:17:25","modified_gmt":"2025-02-03T11:17:25","slug":"easy-digest","status":"publish","type":"product","link":"https:\/\/www.stepharmaceuticals.com\/es\/producto\/easy-digest\/","title":{"rendered":"EASY DIGEST"},"content":{"rendered":"<p><strong>Contribuye al confort digestivo y facilita la digesti\u00f3n de las comidas pesadas gracias a su contenido en jengibre. Indicado para aquellas personas que sufren molestias como hinchaz\u00f3n, acidez o dolor epig\u00e1strico experimentados despu\u00e9s de ingerir ciertos alimentos o comer en exceso.<\/strong><\/p>\n<p>Extracto seco de an\u00eds estrellado, extracto de glicerina de jengibre, aceite esencial de hinojo, extracto seco de alcaravea y extracto seco de comino. Sabor a menta y an\u00eds.<\/p>\n<p>10 viales monodosis (10 ml).<\/p>\n<p>+12 a\u00f1os.<\/p>\n<p>Duraci\u00f3n: 3 a\u00f1os.<\/p>\n<p><strong>COMPLEMENTO ALIMENTICIO<\/strong><\/p>\n","protected":false},"excerpt":{"rendered":"<p>Contribuye al confort digestivo y facilita la digesti\u00f3n de las comidas pesadas gracias a su contenido en jengibre. Indicado para aquellas personas que sufren molestias como hinchaz\u00f3n, acidez o dolor epig\u00e1strico experimentados despu\u00e9s de ingerir ciertos alimentos o comer en exceso. Extracto seco de an\u00eds estrellado, extracto de glicerina de jengibre, aceite esencial de hinojo, [&hellip;]<\/p>\n","protected":false},"featured_media":5425,"comment_status":"open","ping_status":"closed","template":"","meta":{"_et_pb_use_builder":"","_et_pb_old_content":"","_et_gb_content_width":""},"product_brand":[],"product_cat":[604,605,606,585,607,586,588,627,633,602,628,589,630,629,592,631,596,597,590,600,591,593,632],"product_tag":[603,394,395,400,396,397],"class_list":{"0":"post-2458","1":"product","2":"type-product","3":"status-publish","4":"has-post-thumbnail","6":"product_cat-12-years-es","7":"product_cat-14-years-es","8":"product_cat-18-years-es","9":"product_cat-3-years-es","10":"product_cat-6-years-es","11":"product_cat-10-es","12":"product_cat-100-vegano","13":"product_cat-caraway-es","14":"product_cat-star-anise-es","15":"product_cat-therapeutic-area-es","16":"product_cat-cumin-es","17":"product_cat-age-es","18":"product_cat-gastrointestinal-es","19":"product_cat-fennel-es","20":"product_cat-ingredients-es","21":"product_cat-ginger-es","22":"product_cat-preferences-es","23":"product_cat-presentation-es","24":"product_cat-alcohol-free-es","25":"product_cat-sin-azucar","26":"product_cat-gluten-free-es","27":"product_cat-lactose-free-es","28":"product_cat-single-dose-vials-es","29":"product_tag-10-es","30":"product_tag-100-vegano-es-2","31":"product_tag-sin-alcohol-es-2","32":"product_tag-sin-azucar-es-2","33":"product_tag-sin-gluten-es-2","34":"product_tag-sin-lactosa-es-2","36":"first","37":"instock","38":"shipping-taxable","39":"product-type-simple"},"_links":{"self":[{"href":"https:\/\/www.stepharmaceuticals.com\/es\/wp-json\/wp\/v2\/product\/2458","targetHints":{"allow":["GET"]}}],"collection":[{"href":"https:\/\/www.stepharmaceuticals.com\/es\/wp-json\/wp\/v2\/product"}],"about":[{"href":"https:\/\/www.stepharmaceuticals.com\/es\/wp-json\/wp\/v2\/types\/product"}],"replies":[{"embeddable":true,"href":"https:\/\/www.stepharmaceuticals.com\/es\/wp-json\/wp\/v2\/comments?post=2458"}],"wp:featuredmedia":[{"embeddable":true,"href":"https:\/\/www.stepharmaceuticals.com\/es\/wp-json\/wp\/v2\/media\/5425"}],"wp:attachment":[{"href":"https:\/\/www.stepharmaceuticals.com\/es\/wp-json\/wp\/v2\/media?parent=2458"}],"wp:term":[{"taxonomy":"product_brand","embeddable":true,"href":"https:\/\/www.stepharmaceuticals.com\/es\/wp-json\/wp\/v2\/product_brand?post=2458"},{"taxonomy":"product_cat","embeddable":true,"href":"https:\/\/www.stepharmaceuticals.com\/es\/wp-json\/wp\/v2\/product_cat?post=2458"},{"taxonomy":"product_tag","embeddable":true,"href":"https:\/\/www.stepharmaceuticals.com\/es\/wp-json\/wp\/v2\/product_tag?post=2458"}],"curies":[{"name":"wp","href":"https:\/\/api.w.org\/{rel}","templated":true}]}}