{"id":2457,"date":"2023-03-14T14:20:56","date_gmt":"2023-03-14T14:20:56","guid":{"rendered":"https:\/\/www.stepharmaceuticals.com\/producto\/throat-protect\/"},"modified":"2026-03-07T20:26:11","modified_gmt":"2026-03-07T20:26:11","slug":"throat-protect","status":"publish","type":"product","link":"https:\/\/www.stepharmaceuticals.com\/es\/producto\/throat-protect\/","title":{"rendered":"THROAT PROTECT"},"content":{"rendered":"<p><strong><span class=\"HwtZe\" lang=\"es\"><span class=\"jCAhz ChMk0b\"><span class=\"ryNqvb\">Ayuda a aliviar las molestias provocadas por la irritaci\u00f3n de garganta gracias a las propiedades protectoras de Orarez\u00ae y del resto de componentes, que tienen un efecto calmante e hidratante.<\/span><\/span> <span class=\"jCAhz ChMk0b\"><span class=\"ryNqvb\">Orarez\u00ae forma una pel\u00edcula protectora sobre la mucosa de la garganta para blindarla de agentes externos, manteniendo la zona hidratada gracias al \u00e1cido hialur\u00f3nico.<\/span><\/span><\/span><\/strong><\/p>\n<p>Complejo Orarez\u00ae, \u00e1cido hialur\u00f3nico, extractos naturales de Erysimum y cal\u00e9ndula y aroma de menta.<\/p>\n<p>Espray oral de 30 ml.<\/p>\n<p>+6 a\u00f1os.<\/p>\n<p>Duraci\u00f3n: 30 meses.<\/p>\n<p><strong>PRODUCTO SANITARIO CLASE IIa<\/strong><\/p>\n<p><strong>Producto con certificaci\u00f3n MDR<\/strong>. Si quieres saber m\u00e1s informaci\u00f3n, puedes hacer <strong><a href=\"..\/blog\/2022\/06\/19\/pharmalink-obtains-the-eu-mdr-certificate\/\">click aqu\u00ed.<\/a><\/strong><\/p>\n","protected":false},"excerpt":{"rendered":"<p>Ayuda a aliviar las molestias provocadas por la irritaci\u00f3n de garganta gracias a las propiedades protectoras de Orarez\u00ae y del resto de componentes, que tienen un efecto calmante e hidratante. Orarez\u00ae forma una pel\u00edcula protectora sobre la mucosa de la garganta para blindarla de agentes externos, manteniendo la zona hidratada gracias al \u00e1cido hialur\u00f3nico. Complejo [&hellip;]<\/p>\n","protected":false},"featured_media":5427,"comment_status":"open","ping_status":"closed","template":"","meta":{"_et_pb_use_builder":"","_et_pb_old_content":"","_et_gb_content_width":""},"product_brand":[],"product_cat":[604,605,606,607,586,602,621,589,625,623,626,592,622,624,596,597,590,600,591,593],"product_tag":[603,394,395,400,396,397],"class_list":{"0":"post-2457","1":"product","2":"type-product","3":"status-publish","4":"has-post-thumbnail","6":"product_cat-12-years-es","7":"product_cat-14-years-es","8":"product_cat-18-years-es","9":"product_cat-6-years-es","10":"product_cat-10-es","11":"product_cat-therapeutic-area-es","12":"product_cat-calendula-es","13":"product_cat-age-es","14":"product_cat-sisymbrium-officinale-es","15":"product_cat-oral-spray-es","16":"product_cat-throat-es","17":"product_cat-ingredients-es","18":"product_cat-mint-es","19":"product_cat-orarez-w-es","20":"product_cat-preferences-es","21":"product_cat-presentation-es","22":"product_cat-alcohol-free-es","23":"product_cat-sin-azucar","24":"product_cat-gluten-free-es","25":"product_cat-lactose-free-es","26":"product_tag-10-es","27":"product_tag-100-vegano-es-2","28":"product_tag-sin-alcohol-es-2","29":"product_tag-sin-azucar-es-2","30":"product_tag-sin-gluten-es-2","31":"product_tag-sin-lactosa-es-2","33":"first","34":"instock","35":"shipping-taxable","36":"product-type-simple"},"_links":{"self":[{"href":"https:\/\/www.stepharmaceuticals.com\/es\/wp-json\/wp\/v2\/product\/2457","targetHints":{"allow":["GET"]}}],"collection":[{"href":"https:\/\/www.stepharmaceuticals.com\/es\/wp-json\/wp\/v2\/product"}],"about":[{"href":"https:\/\/www.stepharmaceuticals.com\/es\/wp-json\/wp\/v2\/types\/product"}],"replies":[{"embeddable":true,"href":"https:\/\/www.stepharmaceuticals.com\/es\/wp-json\/wp\/v2\/comments?post=2457"}],"wp:featuredmedia":[{"embeddable":true,"href":"https:\/\/www.stepharmaceuticals.com\/es\/wp-json\/wp\/v2\/media\/5427"}],"wp:attachment":[{"href":"https:\/\/www.stepharmaceuticals.com\/es\/wp-json\/wp\/v2\/media?parent=2457"}],"wp:term":[{"taxonomy":"product_brand","embeddable":true,"href":"https:\/\/www.stepharmaceuticals.com\/es\/wp-json\/wp\/v2\/product_brand?post=2457"},{"taxonomy":"product_cat","embeddable":true,"href":"https:\/\/www.stepharmaceuticals.com\/es\/wp-json\/wp\/v2\/product_cat?post=2457"},{"taxonomy":"product_tag","embeddable":true,"href":"https:\/\/www.stepharmaceuticals.com\/es\/wp-json\/wp\/v2\/product_tag?post=2457"}],"curies":[{"name":"wp","href":"https:\/\/api.w.org\/{rel}","templated":true}]}}