{"id":2454,"date":"2023-03-14T14:20:56","date_gmt":"2023-03-14T14:20:56","guid":{"rendered":"https:\/\/www.stepharmaceuticals.com\/producto\/jarabe-para-la-tos-pediatric\/"},"modified":"2025-09-21T10:11:53","modified_gmt":"2025-09-21T10:11:53","slug":"cough-syrup-kids-preservatives","status":"publish","type":"product","link":"https:\/\/www.stepharmaceuticals.com\/es\/producto\/cough-syrup-kids-preservatives\/","title":{"rendered":"COUGH SYRUP KIDS"},"content":{"rendered":"<p><strong>Calma la tos seca y productiva. Suaviza y protege la mucosa irritada, formando una barrera protectora en la garganta gracias a la acci\u00f3n de los polisac\u00e1ridos de la goma xantana y la goma ar\u00e1biga. Esta barrera se ve reforzada por la acci\u00f3n de los muc\u00edlagos de <em>Althaea officinalis<\/em>. Hidrata y reduce la viscosidad del moco para favorecer su expulsi\u00f3n gracias a su contenido en miel y az\u00facar.<\/strong><\/p>\n<p><span class=\"HwtZe\" lang=\"es\"><span class=\"jCAhz ChMk0b\"><span class=\"ryNqvb\">Con malvavisco, az\u00facar de ca\u00f1a y miel.<\/span><\/span> <span class=\"jCAhz ChMk0b\"><span class=\"ryNqvb\">Aroma a fresa.<\/span><\/span><\/span><\/p>\n<p style=\"padding-left: 40px;\">Jarabe de 182 g (aproximadamente 140 ml) en botella de PET o de vidrio o de 156 g (aproximadamente 120 ml) en botella de vidrio.<\/p>\n<p>+1 a\u00f1os.<\/p>\n<p>Duraci\u00f3n: 3 a\u00f1os.<\/p>\n<p><strong>PRODUCTO SANITARIO CLASE IIa<\/strong><\/p>\n<p><strong>Producto con certificaci\u00f3n MDR<\/strong>. Si quieres saber m\u00e1s informaci\u00f3n, puedes hacer <strong><a href=\"..\/blog\/2022\/06\/19\/pharmalink-obtains-the-eu-mdr-certificate\/\">click aqu\u00ed<\/a><\/strong><\/p>\n","protected":false},"excerpt":{"rendered":"<p>Calma la tos seca y productiva. Suaviza y protege la mucosa irritada, formando una barrera protectora en la garganta gracias a la acci\u00f3n de los polisac\u00e1ridos de la goma xantana y la goma ar\u00e1biga. Esta barrera se ve reforzada por la acci\u00f3n de los muc\u00edlagos de Althaea officinalis. Hidrata y reduce la viscosidad del moco [&hellip;]<\/p>\n","protected":false},"featured_media":3466,"comment_status":"open","ping_status":"closed","template":"","meta":{"_et_pb_use_builder":"","_et_pb_old_content":"","_et_gb_content_width":""},"product_brand":[],"product_cat":[582,604,583,585,607,602,618,589,592,611,610,609,596,597,590,591,593,608],"product_tag":[395,396,397],"class_list":{"0":"post-2454","1":"product","2":"type-product","3":"status-publish","4":"has-post-thumbnail","6":"product_cat-1-year-es","7":"product_cat-12-years-es","8":"product_cat-2-years-es","9":"product_cat-3-years-es","10":"product_cat-6-years-es","11":"product_cat-therapeutic-area-es","12":"product_cat-cane-sugar-es","13":"product_cat-age-es","14":"product_cat-ingredients-es","15":"product_cat-syrup-es","16":"product_cat-marshmallow-es","17":"product_cat-honey-es","18":"product_cat-preferences-es","19":"product_cat-presentation-es","20":"product_cat-alcohol-free-es","21":"product_cat-gluten-free-es","22":"product_cat-lactose-free-es","23":"product_cat-cough-es","24":"product_tag-sin-alcohol-es-2","25":"product_tag-sin-gluten-es-2","26":"product_tag-sin-lactosa-es-2","28":"first","29":"instock","30":"shipping-taxable","31":"product-type-simple"},"_links":{"self":[{"href":"https:\/\/www.stepharmaceuticals.com\/es\/wp-json\/wp\/v2\/product\/2454","targetHints":{"allow":["GET"]}}],"collection":[{"href":"https:\/\/www.stepharmaceuticals.com\/es\/wp-json\/wp\/v2\/product"}],"about":[{"href":"https:\/\/www.stepharmaceuticals.com\/es\/wp-json\/wp\/v2\/types\/product"}],"replies":[{"embeddable":true,"href":"https:\/\/www.stepharmaceuticals.com\/es\/wp-json\/wp\/v2\/comments?post=2454"}],"wp:featuredmedia":[{"embeddable":true,"href":"https:\/\/www.stepharmaceuticals.com\/es\/wp-json\/wp\/v2\/media\/3466"}],"wp:attachment":[{"href":"https:\/\/www.stepharmaceuticals.com\/es\/wp-json\/wp\/v2\/media?parent=2454"}],"wp:term":[{"taxonomy":"product_brand","embeddable":true,"href":"https:\/\/www.stepharmaceuticals.com\/es\/wp-json\/wp\/v2\/product_brand?post=2454"},{"taxonomy":"product_cat","embeddable":true,"href":"https:\/\/www.stepharmaceuticals.com\/es\/wp-json\/wp\/v2\/product_cat?post=2454"},{"taxonomy":"product_tag","embeddable":true,"href":"https:\/\/www.stepharmaceuticals.com\/es\/wp-json\/wp\/v2\/product_tag?post=2454"}],"curies":[{"name":"wp","href":"https:\/\/api.w.org\/{rel}","templated":true}]}}