{"id":1482,"date":"2023-01-23T16:28:40","date_gmt":"2023-01-23T16:28:40","guid":{"rendered":"https:\/\/www.stepharmaceuticals.com\/about-our-international-presence\/"},"modified":"2023-08-02T09:22:08","modified_gmt":"2023-08-02T09:22:08","slug":"about-our-international-presence","status":"publish","type":"page","link":"https:\/\/www.stepharmaceuticals.com\/es\/about-our-international-presence\/","title":{"rendered":"NUESTRA PRESENCIA INTERNACIONAL"},"content":{"rendered":"<p>[et_pb_section fb_built=\u00bb1&#8243; _builder_version=\u00bb4.19.4&#8243; _module_preset=\u00bbdefault\u00bb custom_padding=\u00bb0px||0px||false|false\u00bb locked=\u00bboff\u00bb global_colors_info=\u00bb{}\u00bb][et_pb_row _builder_version=\u00bb4.19.4&#8243; _module_preset=\u00bbdefault\u00bb width_tablet=\u00bb100%\u00bb width_phone=\u00bb100%\u00bb width_last_edited=\u00bbon|tablet\u00bb max_width=\u00bb100%\u00bb custom_padding=\u00bb0px||0px||false|false\u00bb global_colors_info=\u00bb{}\u00bb][et_pb_column type=\u00bb4_4&#8243; _builder_version=\u00bb4.19.4&#8243; _module_preset=\u00bbdefault\u00bb global_colors_info=\u00bb{}\u00bb][et_pb_text admin_label=\u00bbIMAGEN\u00bb _builder_version=\u00bb4.19.4&#8243; _module_preset=\u00bbdefault\u00bb global_colors_info=\u00bb{}\u00bb]<\/p>\n<p><img loading=\"lazy\" decoding=\"async\" class=\"aligncenter wp-image-296 size-full\" src=\"https:\/\/www.stepharmaceuticals.com\/wp-content\/uploads\/2023\/01\/about-international-presence-cabecera.jpg\" alt=\"\" width=\"1439\" height=\"464\" srcset=\"https:\/\/www.stepharmaceuticals.com\/wp-content\/uploads\/2023\/01\/about-international-presence-cabecera.jpg 1439w, https:\/\/www.stepharmaceuticals.com\/wp-content\/uploads\/2023\/01\/about-international-presence-cabecera-1280x413.jpg 1280w, https:\/\/www.stepharmaceuticals.com\/wp-content\/uploads\/2023\/01\/about-international-presence-cabecera-980x316.jpg 980w, https:\/\/www.stepharmaceuticals.com\/wp-content\/uploads\/2023\/01\/about-international-presence-cabecera-480x155.jpg 480w\" sizes=\"(min-width: 0px) and (max-width: 480px) 480px, (min-width: 481px) and (max-width: 980px) 980px, (min-width: 981px) and (max-width: 1280px) 1280px, (min-width: 1281px) 1439px, 100vw\" \/><\/p>\n<p>[\/et_pb_text][et_pb_text admin_label=\u00bbSobre Nosotros\u00bb _builder_version=\u00bb4.19.4&#8243; _module_preset=\u00bbdefault\u00bb header_2_font_size=\u00bb45px\u00bb header_2_font_size_tablet=\u00bb7vw\u00bb header_2_font_size_phone=\u00bb7vw\u00bb header_2_font_size_last_edited=\u00bbon|tablet\u00bb custom_css_main_element=\u00bbposition: absolute;||top: 60%;||left: 50%;||transform: translate(-50%, -50%);||font-family: %22Work Sans%22,arial,sans-serif;||\/*font-family: %22Open Sans%22,arial,sans-serif;*\/||font-weight: bold;||font-stretch: normal;||font-style: normal;||line-height: 1.11;||letter-spacing: normal;||text-align: center;||color: #ffffff;||margin: 0 auto;\u00bb global_colors_info=\u00bb{}\u00bb]<\/p>\n<h2 style=\"text-align: center; color: #fff;\"><strong>Sobre Nosotros<\/strong><\/h2>\n<p>[\/et_pb_text][\/et_pb_column][\/et_pb_row][et_pb_row module_class=\u00bbcaja_botones_verde\u00bb _builder_version=\u00bb4.19.4&#8243; _module_preset=\u00bbdefault\u00bb width=\u00bb100%\u00bb max_width=\u00bb100%\u00bb locked=\u00bboff\u00bb global_colors_info=\u00bb{}\u00bb][et_pb_column type=\u00bb4_4&#8243; _builder_version=\u00bb4.19.4&#8243; _module_preset=\u00bbdefault\u00bb global_colors_info=\u00bb{}\u00bb][et_pb_text admin_label=\u00bbBotones link\u00bb module_class=\u00bbcaja_botones\u00bb _builder_version=\u00bb4.19.4&#8243; _module_preset=\u00bbdefault\u00bb global_colors_info=\u00bb{}\u00bb]<a style=\"opacity: 0.5;\" href=\"https:\/\/www.stepharmaceuticals.com\/es\/about-our-philosophy\/\">NUESTRA FILOSOF\u00cdA<\/a><br \/>\n<a style=\"opacity: 0.5;\" href=\"https:\/\/www.stepharmaceuticals.com\/es\/about-our-history\/\">NUESTRA HISTORIA<\/a><br \/>\n<a href=\"https:\/\/www.stepharmaceuticals.com\/es\/about-our-international-presence\/\">NUESTRA PRESENCIA INTERNACIONAL<\/a><br \/>\n<a style=\"opacity: 0.5;\" href=\"https:\/\/www.stepharmaceuticals.com\/es\/about-our-pilot-plant\/\">NUESTRA PLANTA PILOTO<\/a><br \/>\n<a style=\"opacity: 0.5;\" href=\"https:\/\/www.stepharmaceuticals.com\/es\/about-our-production-plant\/\">NUESTRA PLANTA DE PRODUCCI\u00d3N<\/a>[\/et_pb_text][\/et_pb_column][\/et_pb_row][et_pb_row _builder_version=\u00bb4.19.4&#8243; _module_preset=\u00bbdefault\u00bb locked=\u00bboff\u00bb global_colors_info=\u00bb{}\u00bb][et_pb_column type=\u00bb4_4&#8243; _builder_version=\u00bb4.19.4&#8243; _module_preset=\u00bbdefault\u00bb global_colors_info=\u00bb{}\u00bb][et_pb_text admin_label=\u00bbNUESTROS PRODUCTOS EN TODO EL MUNDO \u00bb _builder_version=\u00bb4.19.4&#8243; _module_preset=\u00bbdefault\u00bb header_3_font_size=\u00bb20px\u00bb header_3_line_height=\u00bb24px\u00bb custom_margin=\u00bb||10px||false|false\u00bb hover_enabled=\u00bb0&#8243; header_3_font_size_tablet=\u00bb14px\u00bb header_3_font_size_phone=\u00bb14px\u00bb header_3_font_size_last_edited=\u00bbon|tablet\u00bb custom_css_main_element=\u00bbfont-family: %22Roboto%22,arial,sans-serif;||font-weight: 500;||font-stretch: normal;||font-style: normal;||line-height: 24px;||letter-spacing: 1.2px;||text-align: center;||text-transform: uppercase;\u00bb global_colors_info=\u00bb{}\u00bb sticky_enabled=\u00bb0&#8243;]<\/p>\n<h3 style=\"text-align: center; color: #00a6ce;\">NUESTROS PRODUCTOS EN TODO EL MUNDO <\/h3>\n<p>[\/et_pb_text][et_pb_text admin_label=\u00bbPresencia internacional \u00bb _builder_version=\u00bb4.19.4&#8243; _module_preset=\u00bbdefault\u00bb header_3_font_size=\u00bb20px\u00bb header_3_line_height=\u00bb24px\u00bb header_4_font_size=\u00bb55px\u00bb header_4_line_height=\u00bb1.09em\u00bb hover_enabled=\u00bb0&#8243; header_4_font_size_tablet=\u00bb33px\u00bb header_4_font_size_phone=\u00bb33px\u00bb header_4_font_size_last_edited=\u00bbon|tablet\u00bb custom_css_main_element=\u00bbfont-family: %22Work Sans%22,arial,sans-serif;||font-weight: 500;||font-stretch: normal;||font-style: normal;||line-height: 1.09;||letter-spacing: normal;||text-align: center;\u00bb global_colors_info=\u00bb{}\u00bb sticky_enabled=\u00bb0&#8243;]<\/p>\n<h4 style=\"text-align: center; color: #006072;\">Presencia internacional <\/h4>\n<p>[\/et_pb_text][\/et_pb_column][\/et_pb_row][et_pb_row _builder_version=\u00bb4.19.4&#8243; _module_preset=\u00bbdefault\u00bb width=\u00bb40%\u00bb width_tablet=\u00bb80%\u00bb width_phone=\u00bb80%\u00bb width_last_edited=\u00bbon|tablet\u00bb max_width=\u00bb100%\u00bb max_width_tablet=\u00bb1080px\u00bb max_width_phone=\u00bb1080px\u00bb max_width_last_edited=\u00bbon|tablet\u00bb global_colors_info=\u00bb{}\u00bb][et_pb_column type=\u00bb4_4&#8243; _builder_version=\u00bb4.19.4&#8243; _module_preset=\u00bbdefault\u00bb global_colors_info=\u00bb{}\u00bb][et_pb_text _builder_version=\u00bb4.19.4&#8243; _module_preset=\u00bbdefault\u00bb custom_css_main_element=\u00bbfont-family: %22Work Sans%22,arial,sans-serif;||font-weight: 300;||font-stretch: normal;||font-style: normal;||line-height: 1.57;||letter-spacing: normal;||text-align: center;\u00bb global_colors_info=\u00bb{}\u00bb]<\/p>\n<p style=\"text-align: center; color: #000;\">STE Pharmaceuticals es una empresa internacional que opera intensamente en Europa Central y del Este, el norte de \u00c1frica y Oriente Medio, Asia y Am\u00e9rica Latina. La cartera de productos de STE Pharmaceuticals est\u00e1 disponible a trav\u00e9s de sus socios, que distribuyen los productos en m\u00e1s de 60 pa\u00edses de todo el mundo.<\/p>\n<p>[\/et_pb_text][\/et_pb_column][\/et_pb_row][\/et_pb_section][et_pb_section fb_built=\u00bb1&#8243; _builder_version=\u00bb4.19.4&#8243; _module_preset=\u00bbdefault\u00bb global_colors_info=\u00bb{}\u00bb][et_pb_row _builder_version=\u00bb4.19.4&#8243; _module_preset=\u00bbdefault\u00bb global_colors_info=\u00bb{}\u00bb][et_pb_column type=\u00bb4_4&#8243; _builder_version=\u00bb4.19.4&#8243; _module_preset=\u00bbdefault\u00bb global_colors_info=\u00bb{}\u00bb][et_pb_text admin_label=\u00bbIMG MUNDO\u00bb _builder_version=\u00bb4.19.4&#8243; _module_preset=\u00bbdefault\u00bb global_colors_info=\u00bb{}\u00bb]<\/p>\n<p><img loading=\"lazy\" decoding=\"async\" class=\"aligncenter wp-image-295 size-full\" src=\"https:\/\/www.stepharmaceuticals.com\/wp-content\/uploads\/2023\/01\/mapa.png\" alt=\"\" width=\"1500\" height=\"661\" srcset=\"https:\/\/www.stepharmaceuticals.com\/wp-content\/uploads\/2023\/01\/mapa.png 1500w, https:\/\/www.stepharmaceuticals.com\/wp-content\/uploads\/2023\/01\/mapa-1280x564.png 1280w, https:\/\/www.stepharmaceuticals.com\/wp-content\/uploads\/2023\/01\/mapa-980x432.png 980w, https:\/\/www.stepharmaceuticals.com\/wp-content\/uploads\/2023\/01\/mapa-480x212.png 480w\" sizes=\"(min-width: 0px) and (max-width: 480px) 480px, (min-width: 481px) and (max-width: 980px) 980px, (min-width: 981px) and (max-width: 1280px) 1280px, (min-width: 1281px) 1500px, 100vw\" \/><\/p>\n<p>[\/et_pb_text][\/et_pb_column][\/et_pb_row][\/et_pb_section]<\/p>\n","protected":false},"excerpt":{"rendered":"<p>Sobre NosotrosNUESTRA FILOSOF\u00cdA NUESTRA HISTORIA NUESTRA PRESENCIA INTERNACIONAL NUESTRA PLANTA PILOTO NUESTRA PLANTA DE PRODUCCI\u00d3NNUESTROS PRODUCTOS EN TODO EL MUNDO Presencia internacional STE Pharmaceuticals es una empresa internacional que opera intensamente en Europa Central y del Este, el norte de \u00c1frica y Oriente Medio, Asia y Am\u00e9rica Latina. La cartera de productos de STE Pharmaceuticals [&hellip;]<\/p>\n","protected":false},"author":1,"featured_media":0,"parent":0,"menu_order":0,"comment_status":"closed","ping_status":"closed","template":"","meta":{"_et_pb_use_builder":"on","_et_pb_old_content":"","_et_gb_content_width":"","footnotes":""},"class_list":["post-1482","page","type-page","status-publish","hentry"],"_links":{"self":[{"href":"https:\/\/www.stepharmaceuticals.com\/es\/wp-json\/wp\/v2\/pages\/1482","targetHints":{"allow":["GET"]}}],"collection":[{"href":"https:\/\/www.stepharmaceuticals.com\/es\/wp-json\/wp\/v2\/pages"}],"about":[{"href":"https:\/\/www.stepharmaceuticals.com\/es\/wp-json\/wp\/v2\/types\/page"}],"author":[{"embeddable":true,"href":"https:\/\/www.stepharmaceuticals.com\/es\/wp-json\/wp\/v2\/users\/1"}],"replies":[{"embeddable":true,"href":"https:\/\/www.stepharmaceuticals.com\/es\/wp-json\/wp\/v2\/comments?post=1482"}],"version-history":[{"count":5,"href":"https:\/\/www.stepharmaceuticals.com\/es\/wp-json\/wp\/v2\/pages\/1482\/revisions"}],"predecessor-version":[{"id":3145,"href":"https:\/\/www.stepharmaceuticals.com\/es\/wp-json\/wp\/v2\/pages\/1482\/revisions\/3145"}],"wp:attachment":[{"href":"https:\/\/www.stepharmaceuticals.com\/es\/wp-json\/wp\/v2\/media?parent=1482"}],"curies":[{"name":"wp","href":"https:\/\/api.w.org\/{rel}","templated":true}]}}