{"id":1467,"date":"2023-01-23T16:27:41","date_gmt":"2023-01-23T16:27:41","guid":{"rendered":"https:\/\/www.stepharmaceuticals.com\/about-our-history\/"},"modified":"2023-08-02T09:19:34","modified_gmt":"2023-08-02T09:19:34","slug":"about-our-history","status":"publish","type":"page","link":"https:\/\/www.stepharmaceuticals.com\/es\/about-our-history\/","title":{"rendered":"NUESTRA HISTORIA"},"content":{"rendered":"<p>[et_pb_section fb_built=\u00bb1&#8243; _builder_version=\u00bb4.19.4&#8243; _module_preset=\u00bbdefault\u00bb custom_padding=\u00bb0px||0px||false|false\u00bb locked=\u00bboff\u00bb global_colors_info=\u00bb{}\u00bb][et_pb_row _builder_version=\u00bb4.19.4&#8243; _module_preset=\u00bbdefault\u00bb width_tablet=\u00bb100%\u00bb width_phone=\u00bb100%\u00bb width_last_edited=\u00bbon|tablet\u00bb max_width=\u00bb100%\u00bb custom_padding=\u00bb0px||0px||false|false\u00bb global_colors_info=\u00bb{}\u00bb][et_pb_column type=\u00bb4_4&#8243; _builder_version=\u00bb4.19.4&#8243; _module_preset=\u00bbdefault\u00bb global_colors_info=\u00bb{}\u00bb][et_pb_text admin_label=\u00bbIMAGEN\u00bb _builder_version=\u00bb4.19.4&#8243; _module_preset=\u00bbdefault\u00bb global_colors_info=\u00bb{}\u00bb]<\/p>\n<p><img loading=\"lazy\" decoding=\"async\" class=\"aligncenter wp-image-267 size-full\" src=\"https:\/\/www.stepharmaceuticals.com\/wp-content\/uploads\/2023\/01\/about-history-cabecera.jpg\" alt=\"\" width=\"1440\" height=\"464\" srcset=\"https:\/\/www.stepharmaceuticals.com\/wp-content\/uploads\/2023\/01\/about-history-cabecera.jpg 1440w, https:\/\/www.stepharmaceuticals.com\/wp-content\/uploads\/2023\/01\/about-history-cabecera-1280x412.jpg 1280w, https:\/\/www.stepharmaceuticals.com\/wp-content\/uploads\/2023\/01\/about-history-cabecera-980x316.jpg 980w, https:\/\/www.stepharmaceuticals.com\/wp-content\/uploads\/2023\/01\/about-history-cabecera-480x155.jpg 480w\" sizes=\"(min-width: 0px) and (max-width: 480px) 480px, (min-width: 481px) and (max-width: 980px) 980px, (min-width: 981px) and (max-width: 1280px) 1280px, (min-width: 1281px) 1440px, 100vw\" \/><\/p>\n<p>[\/et_pb_text][et_pb_text admin_label=\u00bbSobre Nosotros\u00bb _builder_version=\u00bb4.19.4&#8243; _module_preset=\u00bbdefault\u00bb header_2_font_size=\u00bb45px\u00bb header_2_font_size_tablet=\u00bb7vw\u00bb header_2_font_size_phone=\u00bb7vw\u00bb header_2_font_size_last_edited=\u00bbon|tablet\u00bb custom_css_main_element=\u00bbposition: absolute;||top: 60%;||left: 50%;||transform: translate(-50%, -50%);||font-family: %22Work Sans%22,arial,sans-serif;||\/*font-family: %22Open Sans%22,arial,sans-serif;*\/||font-weight: bold;||font-stretch: normal;||font-style: normal;||line-height: 1.11;||letter-spacing: normal;||text-align: center;||color: #ffffff;||margin: 0 auto;\u00bb global_colors_info=\u00bb{}\u00bb]<\/p>\n<h2 style=\"text-align: center; color: #fff;\"><strong>Sobre Nosotros<\/strong><\/h2>\n<p>[\/et_pb_text][\/et_pb_column][\/et_pb_row][et_pb_row module_class=\u00bbcaja_botones_verde\u00bb _builder_version=\u00bb4.19.4&#8243; _module_preset=\u00bbdefault\u00bb width=\u00bb100%\u00bb max_width=\u00bb100%\u00bb locked=\u00bboff\u00bb global_colors_info=\u00bb{}\u00bb][et_pb_column type=\u00bb4_4&#8243; _builder_version=\u00bb4.19.4&#8243; _module_preset=\u00bbdefault\u00bb global_colors_info=\u00bb{}\u00bb][et_pb_text admin_label=\u00bbBotones link\u00bb module_class=\u00bbcaja_botones\u00bb _builder_version=\u00bb4.19.4&#8243; _module_preset=\u00bbdefault\u00bb global_colors_info=\u00bb{}\u00bb]<a style=\"opacity: 0.5;\" href=\"https:\/\/www.stepharmaceuticals.com\/es\/about-our-philosophy\/\">NUESTRA FILOSOF\u00cdA<\/a><br \/>\n<a href=\"https:\/\/www.stepharmaceuticals.com\/es\/about-our-history\/\">NUESTRA HISTORIA<\/a><br \/>\n<a style=\"opacity: 0.5;\" href=\"https:\/\/www.stepharmaceuticals.com\/es\/about-our-international-presence\/\">NUESTRA PRESENCIA INTERNACIONAL<\/a><br \/>\n<a style=\"opacity: 0.5;\" href=\"https:\/\/www.stepharmaceuticals.com\/es\/about-our-pilot-plant\/\">NUESTRA PLANTA PILOTO<\/a><br \/>\n<a style=\"opacity: 0.5;\" href=\"https:\/\/www.stepharmaceuticals.com\/es\/about-our-production-plant\/\">NUESTRA PLANTA DE PRODUCCI\u00d3N<\/a>[\/et_pb_text][\/et_pb_column][\/et_pb_row][et_pb_row _builder_version=\u00bb4.19.4&#8243; _module_preset=\u00bbdefault\u00bb locked=\u00bboff\u00bb global_colors_info=\u00bb{}\u00bb][et_pb_column type=\u00bb4_4&#8243; _builder_version=\u00bb4.19.4&#8243; _module_preset=\u00bbdefault\u00bb global_colors_info=\u00bb{}\u00bb][et_pb_text admin_label=\u00bbNUESTRA HISTORIA \u00bb _builder_version=\u00bb4.19.4&#8243; _module_preset=\u00bbdefault\u00bb header_3_font_size=\u00bb20px\u00bb header_3_line_height=\u00bb24px\u00bb custom_margin=\u00bb||10px||false|false\u00bb hover_enabled=\u00bb0&#8243; header_3_font_size_tablet=\u00bb14px\u00bb header_3_font_size_phone=\u00bb14px\u00bb header_3_font_size_last_edited=\u00bbon|tablet\u00bb custom_css_main_element=\u00bbfont-family: %22Roboto%22,arial,sans-serif;||font-weight: 500;||font-stretch: normal;||font-style: normal;||line-height: 24px;||letter-spacing: 1.2px;||text-align: center;||text-transform: uppercase;\u00bb global_colors_info=\u00bb{}\u00bb sticky_enabled=\u00bb0&#8243;]<\/p>\n<h3 style=\"text-align: center; color: #00a6ce;\">NUESTRA HISTORIA <\/h3>\n<p>[\/et_pb_text][et_pb_text admin_label=\u00bbUn largo viaje\u00bb _builder_version=\u00bb4.19.4&#8243; _module_preset=\u00bbdefault\u00bb header_3_font_size=\u00bb20px\u00bb header_3_line_height=\u00bb24px\u00bb header_4_font_size=\u00bb55px\u00bb header_4_line_height=\u00bb1.09em\u00bb hover_enabled=\u00bb0&#8243; header_4_font_size_tablet=\u00bb33px\u00bb header_4_font_size_phone=\u00bb33px\u00bb header_4_font_size_last_edited=\u00bbon|tablet\u00bb custom_css_main_element=\u00bbfont-family: %22Work Sans%22,arial,sans-serif;||font-weight: 500;||font-stretch: normal;||font-style: normal;||line-height: 1.09;||letter-spacing: normal;||text-align: center;||color: #083c71;\u00bb global_colors_info=\u00bb{}\u00bb sticky_enabled=\u00bb0&#8243;]<\/p>\n<h4 style=\"text-align: center; color: #006072;\">Un largo viaje<\/h4>\n<p>[\/et_pb_text][\/et_pb_column][\/et_pb_row][\/et_pb_section][et_pb_section fb_built=\u00bb1&#8243; _builder_version=\u00bb4.19.4&#8243; _module_preset=\u00bbdefault\u00bb custom_padding=\u00bb0px||0px||false|false\u00bb global_colors_info=\u00bb{}\u00bb][et_pb_row column_structure=\u00bb1_2,1_2&#8243; _builder_version=\u00bb4.19.4&#8243; _module_preset=\u00bbdefault\u00bb custom_css_main_element=\u00bbdisplay: flex;||align-items: center;\u00bb global_colors_info=\u00bb{}\u00bb custom_css_main_element_last_edited=\u00bbon|tablet\u00bb custom_css_main_element_tablet=\u00bbdisplay: block;\u00bb custom_css_main_element_phone=\u00bbdisplay: block;\u00bb][et_pb_column type=\u00bb1_2&#8243; _builder_version=\u00bb4.19.4&#8243; _module_preset=\u00bbdefault\u00bb global_colors_info=\u00bb{}\u00bb][et_pb_text _builder_version=\u00bb4.19.4&#8243; _module_preset=\u00bbdefault\u00bb text_line_height=\u00bb1.57em\u00bb custom_css_main_element=\u00bbfont-family: %22Work Sans%22,arial,sans-serif;||font-weight: 300;||font-stretch: normal;||font-style: normal;||line-height: 1.57;||letter-spacing: normal;||text-align: center;\u00bb global_colors_info=\u00bb{}\u00bb]<\/p>\n<p style=\"text-align: center; color: #000;\">STE Pharmaceuticals fue fundada en 2011, gracias a 25 a\u00f1os de experiencia en la Industria Farmac\u00e9utica, un profundo know-how de desarrollo tecnol\u00f3gico y la sinergia entre las empresas que comprometen al GRUPO STE.<\/p>\n<p style=\"text-align: center; color: #000;\">Antes de su fundaci\u00f3n oficial, en 2006 se inicia un periodo de desarrollo, registro y licencia de mol\u00e9culas farmac\u00e9uticas. La construcci\u00f3n de una planta piloto equipada con la \u00faltima tecnolog\u00eda para el desarrollo de productos seg\u00fan los est\u00e1ndares farmac\u00e9uticos nos permiti\u00f3 crear soluciones sanitarias con tecnolog\u00edas diferenciadas.<\/p>\n<p style=\"text-align: center; color: #000;\">Tras estos a\u00f1os de investigaci\u00f3n y desarrollo, en 2011, la empresa inici\u00f3 su actividad comercial, lanzando una nueva v\u00eda para seguir desarrollando, fabricando y comercializando Productos Sanitarios y Complementos Alimenticios. Las instalaciones de fabricaci\u00f3n de STE Pharmaceuticals ocupan 12.500 m\u00b2 y est\u00e1n equipadas con la \u00faltima tecnolog\u00eda altamente automatizada. Esto ha permitido a la empresa crecer r\u00e1pidamente con un enfoque B2B, estableciendo una fuerte presencia en 60 pa\u00edses y asociaciones clave con empresas farmac\u00e9uticas.<\/p>\n<p>[\/et_pb_text][\/et_pb_column][et_pb_column type=\u00bb1_2&#8243; _builder_version=\u00bb4.19.4&#8243; _module_preset=\u00bbdefault\u00bb global_colors_info=\u00bb{}\u00bb][et_pb_text admin_label=\u00bbIMG + Texto\u00bb _builder_version=\u00bb4.19.4&#8243; _module_preset=\u00bbdefault\u00bb text_font_size=\u00bb12px\u00bb custom_css_main_element=\u00bbfont-family: %22Work Sans%22,arial,sans-serif;\u00bb global_colors_info=\u00bb{}\u00bb]<\/p>\n<p style=\"text-align: center;  color: #000;\"><img loading=\"lazy\" decoding=\"async\" class=\"aligncenter wp-image-266 size-full\" src=\"https:\/\/www.stepharmaceuticals.com\/wp-content\/uploads\/2023\/01\/about-any-1980.png\" alt=\"\" width=\"590\" height=\"590\" srcset=\"https:\/\/www.stepharmaceuticals.com\/wp-content\/uploads\/2023\/01\/about-any-1980.png 590w, https:\/\/www.stepharmaceuticals.com\/wp-content\/uploads\/2023\/01\/about-any-1980-480x480.png 480w\" sizes=\"(min-width: 0px) and (max-width: 480px) 480px, (min-width: 481px) 590px, 100vw\" \/>Museo STE Pharmaceuticals en nuestra sede<br \/>de Cerdanyola del Vall\u00e8s (Barcelona)<\/p>\n<p>[\/et_pb_text][et_pb_text admin_label=\u00bbIMG\u00bb module_class=\u00bbimg_flores\u00bb _builder_version=\u00bb4.19.4&#8243; _module_preset=\u00bbdefault\u00bb global_colors_info=\u00bb{}\u00bb]<\/p>\n<p><img loading=\"lazy\" decoding=\"async\" class=\"aligncenter wp-image-265 size-full\" src=\"https:\/\/www.stepharmaceuticals.com\/wp-content\/uploads\/2023\/01\/bg-flors.png\" alt=\"\" width=\"470\" height=\"630\" srcset=\"https:\/\/www.stepharmaceuticals.com\/wp-content\/uploads\/2023\/01\/bg-flors.png 470w, https:\/\/www.stepharmaceuticals.com\/wp-content\/uploads\/2023\/01\/bg-flors-224x300.png 224w\" sizes=\"(max-width: 470px) 100vw, 470px\" \/><\/p>\n<p>[\/et_pb_text][\/et_pb_column][\/et_pb_row][\/et_pb_section][et_pb_section fb_built=\u00bb1&#8243; module_class=\u00bbbox_slider_botones\u00bb _builder_version=\u00bb4.19.4&#8243; _module_preset=\u00bbdefault\u00bb custom_padding=\u00bb0px||0px||false|false\u00bb global_colors_info=\u00bb{}\u00bb][et_pb_row module_class=\u00bbslider_botones\u00bb _builder_version=\u00bb4.19.4&#8243; _module_preset=\u00bbdefault\u00bb width=\u00bb100%\u00bb max_width=\u00bb90%\u00bb custom_padding=\u00bb0px||0px||false|false\u00bb global_colors_info=\u00bb{}\u00bb][et_pb_column type=\u00bb4_4&#8243; _builder_version=\u00bb4.19.4&#8243; _module_preset=\u00bbdefault\u00bb global_colors_info=\u00bb{}\u00bb][et_pb_text admin_label=\u00bbCarusel bolitas\u00bb module_class=\u00bbslider_tiempo\u00bb _builder_version=\u00bb4.19.4&#8243; _module_preset=\u00bbdefault\u00bb hover_enabled=\u00bb0&#8243; global_colors_info=\u00bb{}\u00bb sticky_enabled=\u00bb0&#8243;]<div class='white' style='background:rgba(0,0,0,0); border:solid 0px rgba(0,0,0,0); border-radius:0px; padding:0px 0px 0px 0px;'>\n<div id='slider_1477' class='owl-carousel sa_owl_theme owl-pagination-true' data-slider-id='slider_1477' style='visibility:hidden;'>\n<div id='slider_1477_slide01' class='sa_hover_container' style='padding:5% 5%; margin:0px 0%; '><h2 style=\"text-align: center;color: #006072\">1980<\/h2>\r\n<p style=\"text-align: center\">Se funda la primera empresa del grupo STE<\/p>\r\n<p>Pharma Systems.<\/p><\/div>\n<div id='slider_1477_slide02' class='sa_hover_container' style='padding:5% 5%; margin:0px 0%; '><h2 style=\"text-align: center;color: #006072\">1985<\/h2>\r\n<p style=\"text-align: center\">La compa\u00f1\u00eda STE Engipharm se fund\u00f3 para<\/p>\r\n<p>ayudar a la industria farmac\u00e9utica a cumplir<\/p>\r\n<p>las nuevas normas de calidad y fabricaci\u00f3n.<\/p><\/div>\n<div id='slider_1477_slide03' class='sa_hover_container' style='padding:5% 5%; margin:0px 0%; '><h2 style=\"text-align: center;color: #006072\">1992<\/h2>\r\n<p style=\"text-align: center\">Se construye la planta de<\/p>\r\n<p>desarrollo de envases STE (futuro STE Pharmaceuticals).<\/p><\/div>\n<div id='slider_1477_slide04' class='sa_hover_container' style='padding:5% 5%; margin:0px 0%; '><h2 style=\"text-align: center;color: #006072\">1996<\/h2>\r\n<p style=\"text-align: center\">STE entra en el campo de<\/p>\r\n<p>la tecnolog\u00eda de procesamiento de s\u00f3lidos.<\/p><\/div>\n<div id='slider_1477_slide05' class='sa_hover_container' style='padding:5% 5%; margin:0px 0%; '><h2 style=\"text-align: center;color: #006072\">2000<\/h2>\r\n<p style=\"text-align: center\">El Grupo construye su sede en el Parc<\/p>\r\n<p>Tecnol\u00f2gic del Vall\u00e8s (Barcelona).<\/p><\/div>\n<div id='slider_1477_slide06' class='sa_hover_container' style='padding:5% 5%; margin:0px 0%; '><h2 style=\"text-align: center;color: #00a6ce\">2011<\/h2>\r\n<p style=\"text-align: center\">Se funda STE Pharmaceuticals.<\/p><\/div>\n<div id='slider_1477_slide07' class='sa_hover_container' style='padding:5% 5%; margin:0px 0%; '><h2 style=\"text-align: center;color: #00a6ce\">2012<\/h2>\r\n<p style=\"text-align: center\">La planta de STE Pharmaceuticals en Vilabella<\/p>\r\n<p>(Tarragona) se somete a una renovaci\u00f3n y<\/p>\r\n<p>ampliaci\u00f3n.<\/p><\/div>\n<div id='slider_1477_slide08' class='sa_hover_container' style='padding:5% 5%; margin:0px 0%; '><h2 style=\"text-align: center;color: #00a6ce\">2013<\/h2>\r\n<p style=\"text-align: center\">La expansi\u00f3n en Europa (oriental y<\/p>\r\n<p>occidental), MENA, Asia y Am\u00e9rica impulsan<\/p>\r\n<p>la internacionalizaci\u00f3n.<\/p><\/div>\n<div id='slider_1477_slide09' class='sa_hover_container' style='padding:5% 5%; margin:0px 0%; '><h2 style=\"text-align: center;color: #00a6ce\">2021<\/h2>\r\n<p style=\"text-align: center\">La planta de producci\u00f3n pasa de 10.000 m\u00b2<\/p>\r\n<p>a 12.500 m\u00b2.<\/p><\/div>\n<\/div>\n<\/div>\n<script type='text\/javascript'>\n\tjQuery(document).ready(function() {\n\t\tjQuery('#slider_1477').owlCarousel({\n\t\t\titems : 1,\n\t\t\tsmartSpeed : 200,\n\t\t\tautoplay : true,\n\t\t\tautoplayTimeout : 5000,\n\t\t\tautoplayHoverPause : true,\n\t\t\tsmartSpeed : 200,\n\t\t\tfluidSpeed : 200,\n\t\t\tautoplaySpeed : 200,\n\t\t\tnavSpeed : 200,\n\t\t\tdotsSpeed : 200,\n\t\t\tloop : true,\n\t\t\tnav : false,\n\t\t\tnavText : ['Previous','Next'],\n\t\t\tdots : true,\n\t\t\tresponsiveRefreshRate : 200,\n\t\t\tslideBy : 1,\n\t\t\tmergeFit : true,\n\t\t\tautoHeight : false,\n\t\t\tmouseDrag : false,\n\t\t\ttouchDrag : true\n\t\t});\n\t\tjQuery('#slider_1477').css('visibility', 'visible');\n\t\tsa_resize_slider_1477();\n\t\twindow.addEventListener('resize', sa_resize_slider_1477);\n\t\tfunction sa_resize_slider_1477() {\n\t\t\tvar min_height = '50';\n\t\t\tvar win_width = jQuery(window).width();\n\t\t\tvar slider_width = jQuery('#slider_1477').width();\n\t\t\tif (win_width < 480) {\n\t\t\t\tvar slide_width = slider_width \/ 1;\n\t\t\t} else if (win_width < 768) {\n\t\t\t\tvar slide_width = slider_width \/ 1;\n\t\t\t} else if (win_width < 980) {\n\t\t\t\tvar slide_width = slider_width \/ 1;\n\t\t\t} else if (win_width < 1200) {\n\t\t\t\tvar slide_width = slider_width \/ 1;\n\t\t\t} else if (win_width < 1500) {\n\t\t\t\tvar slide_width = slider_width \/ 1;\n\t\t\t} else {\n\t\t\t\tvar slide_width = slider_width \/ 1;\n\t\t\t}\n\t\t\tslide_width = Math.round(slide_width);\n\t\t\tvar slide_height = '0';\n\t\t\tif (min_height == 'aspect43') {\n\t\t\t\tslide_height = (slide_width \/ 4) * 3;\t\t\t\tslide_height = Math.round(slide_height);\n\t\t\t} else if (min_height == 'aspect169') {\n\t\t\t\tslide_height = (slide_width \/ 16) * 9;\t\t\t\tslide_height = Math.round(slide_height);\n\t\t\t} else {\n\t\t\t\tslide_height = (slide_width \/ 100) * min_height;\t\t\t\tslide_height = Math.round(slide_height);\n\t\t\t}\n\t\t\tjQuery('#slider_1477 .owl-item .sa_hover_container').css('min-height', slide_height+'px');\n\t\t}\n\t\tvar owl_goto = jQuery('#slider_1477');\n\t\tjQuery('.slider_1477_goto1').click(function(event){\n\t\t\towl_goto.trigger('to.owl.carousel', 0);\n\t\t});\n\t\tjQuery('.slider_1477_goto2').click(function(event){\n\t\t\towl_goto.trigger('to.owl.carousel', 1);\n\t\t});\n\t\tjQuery('.slider_1477_goto3').click(function(event){\n\t\t\towl_goto.trigger('to.owl.carousel', 2);\n\t\t});\n\t\tjQuery('.slider_1477_goto4').click(function(event){\n\t\t\towl_goto.trigger('to.owl.carousel', 3);\n\t\t});\n\t\tjQuery('.slider_1477_goto5').click(function(event){\n\t\t\towl_goto.trigger('to.owl.carousel', 4);\n\t\t});\n\t\tjQuery('.slider_1477_goto6').click(function(event){\n\t\t\towl_goto.trigger('to.owl.carousel', 5);\n\t\t});\n\t\tjQuery('.slider_1477_goto7').click(function(event){\n\t\t\towl_goto.trigger('to.owl.carousel', 6);\n\t\t});\n\t\tjQuery('.slider_1477_goto8').click(function(event){\n\t\t\towl_goto.trigger('to.owl.carousel', 7);\n\t\t});\n\t\tjQuery('.slider_1477_goto9').click(function(event){\n\t\t\towl_goto.trigger('to.owl.carousel', 8);\n\t\t});\n\t\tvar resize_1477 = jQuery('.owl-carousel');\n\t\tresize_1477.on('initialized.owl.carousel', function(e) {\n\t\t\tif (typeof(Event) === 'function') {\n\t\t\t\twindow.dispatchEvent(new Event('resize'));\n\t\t\t} else {\n\t\t\t\tvar evt = window.document.createEvent('UIEvents');\n\t\t\t\tevt.initUIEvent('resize', true, false, window, 0);\n\t\t\t\twindow.dispatchEvent(evt);\n\t\t\t}\n\t\t});\n\t});\n<\/script>\n[\/et_pb_text][\/et_pb_column][\/et_pb_row][\/et_pb_section][et_pb_section fb_built=\u00bb1&#8243; disabled_on=\u00bbon|on|on\u00bb _builder_version=\u00bb4.19.4&#8243; _module_preset=\u00bbdefault\u00bb disabled=\u00bbon\u00bb global_colors_info=\u00bb{}\u00bb][et_pb_row _builder_version=\u00bb4.19.4&#8243; _module_preset=\u00bbdefault\u00bb global_colors_info=\u00bb{}\u00bb][et_pb_column type=\u00bb4_4&#8243; _builder_version=\u00bb4.19.4&#8243; _module_preset=\u00bbdefault\u00bb global_colors_info=\u00bb{}\u00bb][et_pb_code _builder_version=\u00bb4.19.4&#8243; _module_preset=\u00bbdefault\u00bb global_colors_info=\u00bb{}\u00bb]<div class='white' style='background:rgba(0,0,0,0); border:solid 0px rgba(0,0,0,0); border-radius:0px; padding:0px 0px 0px 0px;'>\n<div id='slider_564' class='owl-carousel sa_owl_theme owl-pagination-true' data-slider-id='slider_564' style='visibility:hidden;'>\n<div id='slider_564_slide01' class='sa_hover_container' style='padding:5% 5%; margin:0px 0%; '><h2 style=\"text-align: center;color: #006072\">1980<\/h2>\r\n<p style=\"text-align: center\">The first company of the STE Pharma<\/p>\r\n<p>Systems Group is founded.<\/p><\/div>\n<div id='slider_564_slide02' class='sa_hover_container' style='padding:5% 5%; margin:0px 0%; '><h2 style=\"text-align: center;color: #006072\">1985<\/h2>\r\n<p style=\"text-align: center\">The company STE Engipharm is founded to<\/p>\r\n<p>help the pharmaceutical industry comply<\/p>\r\n<p>with new quality and manufacturing<\/p>\r\n<p>regulations.<\/p><\/div>\n<div id='slider_564_slide03' class='sa_hover_container' style='padding:5% 5%; margin:0px 0%; '><h2 style=\"text-align: center;color: #006072\">1992<\/h2>\r\n<p style=\"text-align: center\">The STE Packaging Development (future<\/p>\r\n<p>STE Pharmaceuticals) plant is built.<\/p><\/div>\n<div id='slider_564_slide04' class='sa_hover_container' style='padding:5% 5%; margin:0px 0%; '><h2 style=\"text-align: center;color: #006072\">1996<\/h2>\r\n<p style=\"text-align: center\">STE enters the solids processing technology<\/p>\r\n<p>field.<\/p><\/div>\n<div id='slider_564_slide05' class='sa_hover_container' style='padding:5% 5%; margin:0px 0%; '><h2 style=\"text-align: center;color: #006072\">2000<\/h2>\r\n<p style=\"text-align: center\">The Group builds its headquarters in Parc<\/p>\r\n<p>Tecnol\u00f2gic del Vall\u00e8s (Barcelona).<\/p><\/div>\n<div id='slider_564_slide06' class='sa_hover_container' style='padding:5% 5%; margin:0px 0%; '><h2 style=\"text-align: center;color: #00a6ce\">2011<\/h2>\r\n<p style=\"text-align: center\">STE Pharmaceuticals is founded.<\/p><\/div>\n<div id='slider_564_slide07' class='sa_hover_container' style='padding:5% 5%; margin:0px 0%; '><h2 style=\"text-align: center;color: #00a6ce\">2012<\/h2>\r\n<p style=\"text-align: center\">STE Pharmaceuticals\u2019s Vilabella (Tarragona) plant<\/p>\r\n<p>undergoes a renovation and expansion.<\/p><\/div>\n<div id='slider_564_slide08' class='sa_hover_container' style='padding:5% 5%; margin:0px 0%; '><h2 style=\"text-align: center;color: #00a6ce\">2013<\/h2>\r\n<p style=\"text-align: center\">Expansion into Europe (Eastern and Western),<\/p>\r\n<p>MENA, Asia and America boost the<\/p>\r\n<p> internationalization.<\/p><\/div>\n<div id='slider_564_slide09' class='sa_hover_container' style='padding:5% 5%; margin:0px 0%; '><h2 style=\"text-align: center;color: #00a6ce\">2021<\/h2>\r\n<p style=\"text-align: center\">From 10,000 m2 to 12,500 m2 Production<\/p>\r\n<p>Plant ampliation.<\/p><\/div>\n<\/div>\n<\/div>\n<script type='text\/javascript'>\n\tjQuery(document).ready(function() {\n\t\tjQuery('#slider_564').owlCarousel({\n\t\t\titems : 1,\n\t\t\tsmartSpeed : 200,\n\t\t\tautoplay : true,\n\t\t\tautoplayTimeout : 5000,\n\t\t\tautoplayHoverPause : true,\n\t\t\tsmartSpeed : 200,\n\t\t\tfluidSpeed : 200,\n\t\t\tautoplaySpeed : 200,\n\t\t\tnavSpeed : 200,\n\t\t\tdotsSpeed : 200,\n\t\t\tloop : true,\n\t\t\tnav : false,\n\t\t\tnavText : ['Previous','Next'],\n\t\t\tdots : true,\n\t\t\tresponsiveRefreshRate : 200,\n\t\t\tslideBy : 1,\n\t\t\tmergeFit : true,\n\t\t\tautoHeight : false,\n\t\t\tmouseDrag : false,\n\t\t\ttouchDrag : true\n\t\t});\n\t\tjQuery('#slider_564').css('visibility', 'visible');\n\t\tsa_resize_slider_564();\n\t\twindow.addEventListener('resize', sa_resize_slider_564);\n\t\tfunction sa_resize_slider_564() {\n\t\t\tvar min_height = '50';\n\t\t\tvar win_width = jQuery(window).width();\n\t\t\tvar slider_width = jQuery('#slider_564').width();\n\t\t\tif (win_width < 480) {\n\t\t\t\tvar slide_width = slider_width \/ 1;\n\t\t\t} else if (win_width < 768) {\n\t\t\t\tvar slide_width = slider_width \/ 1;\n\t\t\t} else if (win_width < 980) {\n\t\t\t\tvar slide_width = slider_width \/ 1;\n\t\t\t} else if (win_width < 1200) {\n\t\t\t\tvar slide_width = slider_width \/ 1;\n\t\t\t} else if (win_width < 1500) {\n\t\t\t\tvar slide_width = slider_width \/ 1;\n\t\t\t} else {\n\t\t\t\tvar slide_width = slider_width \/ 1;\n\t\t\t}\n\t\t\tslide_width = Math.round(slide_width);\n\t\t\tvar slide_height = '0';\n\t\t\tif (min_height == 'aspect43') {\n\t\t\t\tslide_height = (slide_width \/ 4) * 3;\t\t\t\tslide_height = Math.round(slide_height);\n\t\t\t} else if (min_height == 'aspect169') {\n\t\t\t\tslide_height = (slide_width \/ 16) * 9;\t\t\t\tslide_height = Math.round(slide_height);\n\t\t\t} else {\n\t\t\t\tslide_height = (slide_width \/ 100) * min_height;\t\t\t\tslide_height = Math.round(slide_height);\n\t\t\t}\n\t\t\tjQuery('#slider_564 .owl-item .sa_hover_container').css('min-height', slide_height+'px');\n\t\t}\n\t\tvar owl_goto = jQuery('#slider_564');\n\t\tjQuery('.slider_564_goto1').click(function(event){\n\t\t\towl_goto.trigger('to.owl.carousel', 0);\n\t\t});\n\t\tjQuery('.slider_564_goto2').click(function(event){\n\t\t\towl_goto.trigger('to.owl.carousel', 1);\n\t\t});\n\t\tjQuery('.slider_564_goto3').click(function(event){\n\t\t\towl_goto.trigger('to.owl.carousel', 2);\n\t\t});\n\t\tjQuery('.slider_564_goto4').click(function(event){\n\t\t\towl_goto.trigger('to.owl.carousel', 3);\n\t\t});\n\t\tjQuery('.slider_564_goto5').click(function(event){\n\t\t\towl_goto.trigger('to.owl.carousel', 4);\n\t\t});\n\t\tjQuery('.slider_564_goto6').click(function(event){\n\t\t\towl_goto.trigger('to.owl.carousel', 5);\n\t\t});\n\t\tjQuery('.slider_564_goto7').click(function(event){\n\t\t\towl_goto.trigger('to.owl.carousel', 6);\n\t\t});\n\t\tjQuery('.slider_564_goto8').click(function(event){\n\t\t\towl_goto.trigger('to.owl.carousel', 7);\n\t\t});\n\t\tjQuery('.slider_564_goto9').click(function(event){\n\t\t\towl_goto.trigger('to.owl.carousel', 8);\n\t\t});\n\t\tvar resize_564 = jQuery('.owl-carousel');\n\t\tresize_564.on('initialized.owl.carousel', function(e) {\n\t\t\tif (typeof(Event) === 'function') {\n\t\t\t\twindow.dispatchEvent(new Event('resize'));\n\t\t\t} else {\n\t\t\t\tvar evt = window.document.createEvent('UIEvents');\n\t\t\t\tevt.initUIEvent('resize', true, false, window, 0);\n\t\t\t\twindow.dispatchEvent(evt);\n\t\t\t}\n\t\t});\n\t});\n<\/script>\n[\/et_pb_code][\/et_pb_column][\/et_pb_row][\/et_pb_section]<\/p>\n","protected":false},"excerpt":{"rendered":"<p>Sobre NosotrosNUESTRA FILOSOF\u00cdA NUESTRA HISTORIA NUESTRA PRESENCIA INTERNACIONAL NUESTRA PLANTA PILOTO NUESTRA PLANTA DE PRODUCCI\u00d3NNUESTRA HISTORIA Un largo viajeSTE Pharmaceuticals fue fundada en 2011, gracias a 25 a\u00f1os de experiencia en la Industria Farmac\u00e9utica, un profundo know-how de desarrollo tecnol\u00f3gico y la sinergia entre las empresas que comprometen al GRUPO STE. Antes de su fundaci\u00f3n [&hellip;]<\/p>\n","protected":false},"author":1,"featured_media":0,"parent":0,"menu_order":0,"comment_status":"closed","ping_status":"closed","template":"","meta":{"_et_pb_use_builder":"on","_et_pb_old_content":"","_et_gb_content_width":"","footnotes":""},"class_list":["post-1467","page","type-page","status-publish","hentry"],"_links":{"self":[{"href":"https:\/\/www.stepharmaceuticals.com\/es\/wp-json\/wp\/v2\/pages\/1467","targetHints":{"allow":["GET"]}}],"collection":[{"href":"https:\/\/www.stepharmaceuticals.com\/es\/wp-json\/wp\/v2\/pages"}],"about":[{"href":"https:\/\/www.stepharmaceuticals.com\/es\/wp-json\/wp\/v2\/types\/page"}],"author":[{"embeddable":true,"href":"https:\/\/www.stepharmaceuticals.com\/es\/wp-json\/wp\/v2\/users\/1"}],"replies":[{"embeddable":true,"href":"https:\/\/www.stepharmaceuticals.com\/es\/wp-json\/wp\/v2\/comments?post=1467"}],"version-history":[{"count":8,"href":"https:\/\/www.stepharmaceuticals.com\/es\/wp-json\/wp\/v2\/pages\/1467\/revisions"}],"predecessor-version":[{"id":3143,"href":"https:\/\/www.stepharmaceuticals.com\/es\/wp-json\/wp\/v2\/pages\/1467\/revisions\/3143"}],"wp:attachment":[{"href":"https:\/\/www.stepharmaceuticals.com\/es\/wp-json\/wp\/v2\/media?parent=1467"}],"curies":[{"name":"wp","href":"https:\/\/api.w.org\/{rel}","templated":true}]}}