{"id":1366,"date":"2023-01-25T16:11:34","date_gmt":"2023-01-25T16:11:34","guid":{"rendered":"https:\/\/www.stepharmaceuticals.com\/about-our-philosophy\/"},"modified":"2023-08-02T09:17:46","modified_gmt":"2023-08-02T09:17:46","slug":"about-our-philosophy","status":"publish","type":"page","link":"https:\/\/www.stepharmaceuticals.com\/es\/about-our-philosophy\/","title":{"rendered":"NUESTRA FILOSOF\u00cdA"},"content":{"rendered":"<p>[et_pb_section fb_built=\u00bb1&#8243; _builder_version=\u00bb4.19.4&#8243; _module_preset=\u00bbdefault\u00bb custom_padding=\u00bb0px||0px||false|false\u00bb global_colors_info=\u00bb{}\u00bb][et_pb_row _builder_version=\u00bb4.19.4&#8243; _module_preset=\u00bbdefault\u00bb width_tablet=\u00bb100%\u00bb width_phone=\u00bb100%\u00bb width_last_edited=\u00bbon|tablet\u00bb max_width=\u00bb100%\u00bb custom_padding=\u00bb0px||0px||false|false\u00bb global_colors_info=\u00bb{}\u00bb][et_pb_column type=\u00bb4_4&#8243; _builder_version=\u00bb4.19.4&#8243; _module_preset=\u00bbdefault\u00bb global_colors_info=\u00bb{}\u00bb][et_pb_text admin_label=\u00bbIMAGEN\u00bb _builder_version=\u00bb4.19.4&#8243; _module_preset=\u00bbdefault\u00bb global_colors_info=\u00bb{}\u00bb]<\/p>\n<p><img loading=\"lazy\" decoding=\"async\" class=\"aligncenter wp-image-211 size-full\" src=\"https:\/\/www.stepharmaceuticals.com\/wp-content\/uploads\/2023\/01\/about-philosophy-cabecera.jpg\" alt=\"\" width=\"1440\" height=\"464\" srcset=\"https:\/\/www.stepharmaceuticals.com\/wp-content\/uploads\/2023\/01\/about-philosophy-cabecera.jpg 1440w, https:\/\/www.stepharmaceuticals.com\/wp-content\/uploads\/2023\/01\/about-philosophy-cabecera-1280x412.jpg 1280w, https:\/\/www.stepharmaceuticals.com\/wp-content\/uploads\/2023\/01\/about-philosophy-cabecera-980x316.jpg 980w, https:\/\/www.stepharmaceuticals.com\/wp-content\/uploads\/2023\/01\/about-philosophy-cabecera-480x155.jpg 480w\" sizes=\"(min-width: 0px) and (max-width: 480px) 480px, (min-width: 481px) and (max-width: 980px) 980px, (min-width: 981px) and (max-width: 1280px) 1280px, (min-width: 1281px) 1440px, 100vw\" \/><\/p>\n<p>[\/et_pb_text][et_pb_text admin_label=\u00bbSobre Nosotros\u00bb _builder_version=\u00bb4.19.4&#8243; _module_preset=\u00bbdefault\u00bb header_2_font_size=\u00bb45px\u00bb header_2_font_size_tablet=\u00bb7vw\u00bb header_2_font_size_phone=\u00bb7vw\u00bb header_2_font_size_last_edited=\u00bbon|tablet\u00bb custom_css_main_element=\u00bbposition: absolute;||top: 60%;||left: 50%;||transform: translate(-50%, -50%);||font-family: %22Work Sans%22,arial,sans-serif;||\/*font-family: %22Open Sans%22,arial,sans-serif;*\/||font-weight: bold;||font-stretch: normal;||font-style: normal;||line-height: 1.11;||letter-spacing: normal;||text-align: center;||color: #ffffff;||margin: 0 auto;\u00bb global_colors_info=\u00bb{}\u00bb]<\/p>\n<h2 style=\"text-align: center; color: #fff;\"><strong>Sobre Nosotros<\/strong><\/h2>\n<p>[\/et_pb_text][\/et_pb_column][\/et_pb_row][et_pb_row module_class=\u00bbcaja_botones_verde\u00bb _builder_version=\u00bb4.19.4&#8243; _module_preset=\u00bbdefault\u00bb width=\u00bb100%\u00bb max_width=\u00bb100%\u00bb locked=\u00bboff\u00bb global_colors_info=\u00bb{}\u00bb][et_pb_column type=\u00bb4_4&#8243; _builder_version=\u00bb4.19.4&#8243; _module_preset=\u00bbdefault\u00bb global_colors_info=\u00bb{}\u00bb][et_pb_text admin_label=\u00bbBotones link\u00bb module_class=\u00bbcaja_botones\u00bb _builder_version=\u00bb4.19.4&#8243; _module_preset=\u00bbdefault\u00bb global_colors_info=\u00bb{}\u00bb]<a href=\"https:\/\/www.stepharmaceuticals.com\/es\/about-our-philosophy\/\">NUESTRA FILOSOF\u00cdA<\/a><br \/>\n<a style=\"opacity: 0.5;\" href=\"https:\/\/www.stepharmaceuticals.com\/es\/about-our-history\/\">NUESTRA HISTORIA<\/a><br \/>\n<a style=\"opacity: 0.5;\" href=\"https:\/\/www.stepharmaceuticals.com\/es\/about-our-international-presence\/\">NUESTRA PRESENCIA INTERNACIONAL<\/a><br \/>\n<a style=\"opacity: 0.5;\" href=\"https:\/\/www.stepharmaceuticals.com\/es\/about-our-pilot-plant\/\">NUESTRA PLANTA PILOTO<\/a><br \/>\n<a style=\"opacity: 0.5;\" href=\"https:\/\/www.stepharmaceuticals.com\/es\/about-our-production-plant\/\">NUESTRA PLANTA DE PRODUCCI\u00d3N<\/a>[\/et_pb_text][\/et_pb_column][\/et_pb_row][et_pb_row _builder_version=\u00bb4.19.4&#8243; _module_preset=\u00bbdefault\u00bb locked=\u00bboff\u00bb global_colors_info=\u00bb{}\u00bb][et_pb_column type=\u00bb4_4&#8243; _builder_version=\u00bb4.19.4&#8243; _module_preset=\u00bbdefault\u00bb global_colors_info=\u00bb{}\u00bb][et_pb_text admin_label=\u00bbNUESTRA FILOSOF\u00cdA\u00bb _builder_version=\u00bb4.19.4&#8243; _module_preset=\u00bbdefault\u00bb header_3_font_size=\u00bb20px\u00bb header_3_line_height=\u00bb24px\u00bb custom_margin=\u00bb||10px||false|false\u00bb hover_enabled=\u00bb0&#8243; header_3_font_size_tablet=\u00bb14px\u00bb header_3_font_size_phone=\u00bb14px\u00bb header_3_font_size_last_edited=\u00bbon|tablet\u00bb custom_css_main_element=\u00bbfont-family: %22Roboto%22,arial,sans-serif;\u00bb global_colors_info=\u00bb{}\u00bb sticky_enabled=\u00bb0&#8243;]<\/p>\n<h3 style=\"text-align: center; color: #00a6ce;\">NUESTRA FILOSOF\u00cdA<\/h3>\n<p>[\/et_pb_text][et_pb_text admin_label=\u00bbEstamos preparados..\u00bb _builder_version=\u00bb4.19.4&#8243; _module_preset=\u00bbdefault\u00bb header_3_font_size=\u00bb20px\u00bb header_3_line_height=\u00bb24px\u00bb header_4_font_size=\u00bb55px\u00bb header_4_line_height=\u00bb1.09em\u00bb hover_enabled=\u00bb0&#8243; header_4_font_size_tablet=\u00bb33px\u00bb header_4_font_size_phone=\u00bb33px\u00bb header_4_font_size_last_edited=\u00bbon|tablet\u00bb custom_css_main_element=\u00bbfont-family: %22Work Sans%22,arial,sans-serif;\u00bb global_colors_info=\u00bb{}\u00bb sticky_enabled=\u00bb0&#8243;]<\/p>\n<h4 style=\"text-align: center; color: #006072;\">Estamos preparados<br \/>para el futuro<\/h4>\n<p>[\/et_pb_text][\/et_pb_column][\/et_pb_row][\/et_pb_section][et_pb_section fb_built=\u00bb1&#8243; _builder_version=\u00bb4.19.4&#8243; _module_preset=\u00bbdefault\u00bb background_color=\u00bb#ecf0f5&#8243; custom_padding=\u00bb0px||0px||false|false\u00bb global_colors_info=\u00bb{}\u00bb][et_pb_row column_structure=\u00bb1_2,1_2&#8243; module_class=\u00bbcaja_imagen_about\u00bb _builder_version=\u00bb4.19.4&#8243; _module_preset=\u00bbdefault\u00bb global_colors_info=\u00bb{}\u00bb][et_pb_column type=\u00bb1_2&#8243; _builder_version=\u00bb4.19.4&#8243; _module_preset=\u00bbdefault\u00bb global_colors_info=\u00bb{}\u00bb][et_pb_text admin_label=\u00bbImagen 1&#8243; module_class=\u00bbcaja_imagen_uno\u00bb _builder_version=\u00bb4.19.4&#8243; _module_preset=\u00bbdefault\u00bb global_colors_info=\u00bb{}\u00bb]<\/p>\n<p><img loading=\"lazy\" decoding=\"async\" class=\"aligncenter wp-image-235 size-full\" src=\"https:\/\/www.stepharmaceuticals.com\/wp-content\/uploads\/2023\/01\/about1.png\" alt=\"\" width=\"565\" height=\"875\" srcset=\"https:\/\/www.stepharmaceuticals.com\/wp-content\/uploads\/2023\/01\/about1.png 565w, https:\/\/www.stepharmaceuticals.com\/wp-content\/uploads\/2023\/01\/about1-480x743.png 480w\" sizes=\"(min-width: 0px) and (max-width: 480px) 480px, (min-width: 481px) 565px, 100vw\" \/><\/p>\n<p>[\/et_pb_text][\/et_pb_column][et_pb_column type=\u00bb1_2&#8243; _builder_version=\u00bb4.19.4&#8243; _module_preset=\u00bbdefault\u00bb global_colors_info=\u00bb{}\u00bb][et_pb_text admin_label=\u00bbMisi\u00f3n\u00bb _builder_version=\u00bb4.19.4&#8243; _module_preset=\u00bbdefault\u00bb header_2_font_size=\u00bb24px\u00bb custom_margin=\u00bb||20px||false|false\u00bb hover_enabled=\u00bb0&#8243; custom_css_main_element=\u00bbfont-family: %22Work Sans%22,arial,sans-serif;||font-weight: 600;||font-stretch: normal;||font-style: normal;||line-height: 2.29;||letter-spacing: normal;\u00bb global_colors_info=\u00bb{}\u00bb sticky_enabled=\u00bb0&#8243;]<\/p>\n<h2 style=\"color: #006072;\"><strong>\u2022 MISI\u00d3N<\/strong><\/h2>\n<p>[\/et_pb_text][et_pb_text admin_label=\u00bbSTE Pharmaceuticals tiene como objetivo&#8230;.\u00bb _builder_version=\u00bb4.19.4&#8243; _module_preset=\u00bbdefault\u00bb header_2_font_size=\u00bb24px\u00bb custom_css_main_element=\u00bbfont-family: %22Work Sans%22,arial,sans-serif;||font-weight: 300;||font-stretch: normal;||font-style: normal;||line-height: 1.57;||letter-spacing: normal;||text-align: center;\u00bb global_colors_info=\u00bb{}\u00bb]<\/p>\n<p style=\"color: #000;\">STE Pharmaceuticals tiene como objetivo investigar y desarrollar constantemente productos innovadores para su marca con el fin de mejorar la salud y la calidad de vida de las personas, mediante una colaboraci\u00f3n profesional, fiable y duradera con su empresa.<\/p>\n<p>[\/et_pb_text][et_pb_text disabled_on=\u00bbon|on|on\u00bb admin_label=\u00bbMisi\u00f3n + TXT\u00bb _builder_version=\u00bb4.19.4&#8243; _module_preset=\u00bbdefault\u00bb header_2_font_size=\u00bb24px\u00bb custom_css_main_element=\u00bbfont-family: %22Work Sans%22,arial,sans-serif;\u00bb disabled=\u00bbon\u00bb global_colors_info=\u00bb{}\u00bb]<\/p>\n<h2 style=\"color: #083c71;\">\u2022 MISI\u00d3N<\/h2>\n<p style=\"color: #000;\">STE Pharmaceuticals tiene como objetivo investigar y desarrollar constantemente productos innovadores para su marca con el fin de mejorar la salud y la calidad de vida de las personas, mediante una colaboraci\u00f3n profesional, fiable y duradera con su empresa.<\/p>\n<p>[\/et_pb_text][et_pb_text admin_label=\u00bbVisi\u00f3n\u00bb _builder_version=\u00bb4.19.4&#8243; _module_preset=\u00bbdefault\u00bb header_2_font_size=\u00bb24px\u00bb custom_margin=\u00bb||20px||false|false\u00bb hover_enabled=\u00bb0&#8243; custom_css_main_element=\u00bbfont-family: %22Work Sans%22,arial,sans-serif;||font-weight: 600;||font-stretch: normal;||font-style: normal;||line-height: 2.29;||letter-spacing: normal;\u00bb global_colors_info=\u00bb{}\u00bb sticky_enabled=\u00bb0&#8243;]<\/p>\n<h2 style=\"color: #006072;\"><strong>\u2022 VISI\u00d3N<\/strong><\/h2>\n<p>[\/et_pb_text][et_pb_text admin_label=\u00bbNuestro objetivo es ser un socio&#8230;.\u00bb _builder_version=\u00bb4.19.4&#8243; _module_preset=\u00bbdefault\u00bb header_2_font_size=\u00bb24px\u00bb custom_css_main_element=\u00bbfont-family: %22Work Sans%22,arial,sans-serif;||font-weight: 300;||font-stretch: normal;||font-style: normal;||line-height: 1.57;||letter-spacing: normal;||text-align: center;\u00bb global_colors_info=\u00bb{}\u00bb]<\/p>\n<p style=\"color: #000;\">Nuestro objetivo es ser un socio de referencia en la industria farmac\u00e9utica proporcionando complementos alimenticios y productos sanitarios listos para su comercializaci\u00f3n, innovadores, eficaces y seguros que, por sus caracter\u00edsticas (forma gal\u00e9nica y formulaciones), sean capaces de enriquecer, ampliar y diferenciar la cartera de productos de nuestros clientes.<\/p>\n<p>[\/et_pb_text][et_pb_text disabled_on=\u00bbon|on|on\u00bb admin_label=\u00bbVisi\u00f3n + TXT\u00bb _builder_version=\u00bb4.19.4&#8243; _module_preset=\u00bbdefault\u00bb header_2_font_size=\u00bb24px\u00bb custom_css_main_element=\u00bbfont-family: %22Work Sans%22,arial,sans-serif;\u00bb disabled=\u00bbon\u00bb global_colors_info=\u00bb{}\u00bb]<\/p>\n<h2 style=\"color: #083c71;\">\u2022 VISI\u00d3N<\/h2>\n<p style=\"color: #000;\">Nuestro objetivo es ser un socio de referencia en la industria farmac\u00e9utica proporcionando complementos alimenticios y productos sanitarios listos para su comercializaci\u00f3n, innovadores, eficaces y seguros que, por sus caracter\u00edsticas (forma gal\u00e9nica y formulaciones), sean capaces de enriquecer, ampliar y diferenciar la cartera de productos de nuestros clientes.<\/p>\n<p>[\/et_pb_text][et_pb_text admin_label=\u00bbVALORES\u00bb _builder_version=\u00bb4.19.4&#8243; _module_preset=\u00bbdefault\u00bb header_2_font_size=\u00bb24px\u00bb custom_margin=\u00bb||20px||false|false\u00bb hover_enabled=\u00bb0&#8243; custom_css_main_element=\u00bbfont-family: %22Work Sans%22,arial,sans-serif;||font-weight: 600;||font-stretch: normal;||font-style: normal;||line-height: 2.29;||letter-spacing: normal;||margin-bottom: 35px !important;\u00bb global_colors_info=\u00bb{}\u00bb sticky_enabled=\u00bb0&#8243;]<\/p>\n<h2 style=\"color: #006072;\"><strong>\u2022 VALORES<\/strong><\/h2>\n<p>[\/et_pb_text][et_pb_text admin_label=\u00bbEficiencia\u00bb _builder_version=\u00bb4.19.4&#8243; _module_preset=\u00bbdefault\u00bb header_2_font_size=\u00bb24px\u00bb custom_margin=\u00bb||5px||false|false\u00bb hover_enabled=\u00bb0&#8243; custom_css_main_element=\u00bbfont-family: %22Work Sans%22,arial,sans-serif;||font-weight: 500;||font-stretch: normal;||font-style: normal;||line-height: 2.5;||letter-spacing: normal;\u00bb global_colors_info=\u00bb{}\u00bb sticky_enabled=\u00bb0&#8243;]<\/p>\n<h3 style=\"color: #006072;\"> Eficiencia<\/h3>\n<p>[\/et_pb_text][et_pb_text admin_label=\u00bbNuestra planta de producci\u00f3n&#8230;\u00bb _builder_version=\u00bb4.19.4&#8243; _module_preset=\u00bbdefault\u00bb header_2_font_size=\u00bb24px\u00bb custom_css_main_element=\u00bbfont-family: %22Work Sans%22,arial,sans-serif;||font-weight: 300;||font-stretch: normal;||font-style: normal;||line-height: 1.57;||letter-spacing: normal;||text-align: center;\u00bb global_colors_info=\u00bb{}\u00bb]<\/p>\n<p style=\"color: #000;\">Nuestra planta de producci\u00f3n, caracterizada por estar altamente automatizada y con un nivel m\u00ednimo de manipulaci\u00f3n, conlleva un riesgo extremadamente bajo de incidencias y problemas de calidad, y una capacidad de producci\u00f3n de millones de unidades. Junto con la profesionalidad de nuestro equipo, altamente orientado al servicio, nos permite ofrecer a nuestros clientes flexibilidad y una r\u00e1pida capacidad de reacci\u00f3n, sin comprometer la calidad de nuestros productos.<\/p>\n<p>[\/et_pb_text][et_pb_text admin_label=\u00bbExcelencia\u00bb _builder_version=\u00bb4.19.4&#8243; _module_preset=\u00bbdefault\u00bb header_2_font_size=\u00bb24px\u00bb custom_margin=\u00bb||5px||false|false\u00bb hover_enabled=\u00bb0&#8243; custom_css_main_element=\u00bbfont-family: %22Work Sans%22,arial,sans-serif;||font-weight: 500;||font-stretch: normal;||font-style: normal;||line-height: 2.5;||letter-spacing: normal;\u00bb global_colors_info=\u00bb{}\u00bb sticky_enabled=\u00bb0&#8243;]<\/p>\n<h3 style=\"color: #006072;\">Excelencia<\/h3>\n<p>[\/et_pb_text][et_pb_text admin_label=\u00bbSomos profesionales y precisos&#8230;.\u00bb _builder_version=\u00bb4.19.4&#8243; _module_preset=\u00bbdefault\u00bb header_2_font_size=\u00bb24px\u00bb custom_css_main_element=\u00bbfont-family: %22Work Sans%22,arial,sans-serif;||font-weight: 300;||font-stretch: normal;||font-style: normal;||line-height: 1.57;||letter-spacing: normal;||text-align: center;\u00bb global_colors_info=\u00bb{}\u00bb]<\/p>\n<p style=\"color: #000;\">Somos profesionales y precisos, buscando constantemente la mejora continua. Seguimos las normas farmac\u00e9uticas GMP y cumplimos las principales ISO europeas. Todos nuestros productos cuentan con certificaciones t\u00e9cnicas de las autoridades correspondientes.<\/p>\n<p>[\/et_pb_text][et_pb_text admin_label=\u00bbFiabilidad\u00bb _builder_version=\u00bb4.19.4&#8243; _module_preset=\u00bbdefault\u00bb header_2_font_size=\u00bb24px\u00bb custom_margin=\u00bb||5px||false|false\u00bb hover_enabled=\u00bb0&#8243; custom_css_main_element=\u00bbfont-family: %22Work Sans%22,arial,sans-serif;||font-weight: 500;||font-stretch: normal;||font-style: normal;||line-height: 2.5;||letter-spacing: normal;\u00bb global_colors_info=\u00bb{}\u00bb sticky_enabled=\u00bb0&#8243;]<\/p>\n<h3 style=\"color: #006072;\">Fiabilidad<\/h3>\n<p>[\/et_pb_text][et_pb_text admin_label=\u00bbCon una amplia experiencia en&#8230;\u00bb _builder_version=\u00bb4.19.4&#8243; _module_preset=\u00bbdefault\u00bb header_2_font_size=\u00bb24px\u00bb custom_css_main_element=\u00bbfont-family: %22Work Sans%22,arial,sans-serif;||font-weight: 300;||font-stretch: normal;||font-style: normal;||line-height: 1.57;||letter-spacing: normal;||text-align: center;\u00bb global_colors_info=\u00bb{}\u00bb]<\/p>\n<p style=\"color: #000;\">Con una amplia experiencia en el sector farmac\u00e9utico y un modelo de negocio completamente vertical, podemos ofrecer a nuestros socios seguridad y confianza. Adem\u00e1s, ayudamos a nuestros clientes proporcionando apoyo completo desde actividades reguladoras hasta actividades de pre y post-marketing.<\/p>\n<p>[\/et_pb_text][et_pb_text disabled_on=\u00bbon|on|on\u00bb admin_label=\u00bbVALORES + TXT COPIA DE SEGURIDAD\u00bb _builder_version=\u00bb4.19.4&#8243; _module_preset=\u00bbdefault\u00bb header_2_font_size=\u00bb24px\u00bb custom_css_main_element=\u00bbfont-family: %22Work Sans%22,arial,sans-serif;\u00bb disabled=\u00bbon\u00bb global_colors_info=\u00bb{}\u00bb]<\/p>\n<h3 style=\"color: #083c71;\"> Eficiencia<\/h3>\n<p style=\"color: #000;\">Nuestra planta de producci\u00f3n, caracterizada por estar altamente automatizada y con un nivel m\u00ednimo de manipulaci\u00f3n, conlleva un riesgo extremadamente bajo de incidencias y problemas de calidad, y una capacidad de producci\u00f3n de millones de unidades. Junto con la profesionalidad de nuestro equipo, altamente orientado al servicio, nos permite ofrecer a nuestros clientes flexibilidad y una r\u00e1pida capacidad de reacci\u00f3n, sin comprometer la calidad de nuestros productos.<\/p>\n<h3 style=\"color: #083c71;\">Excelencia<\/h3>\n<p style=\"color: #000;\">Somos profesionales y precisos, buscando constantemente la mejora continua. Seguimos las normas farmac\u00e9uticas GMP y cumplimos las principales ISO europeas. Todos nuestros productos cuentan con certificaciones t\u00e9cnicas de las autoridades correspondientes.<\/p>\n<h3 style=\"color: #083c71;\">Fiabilidad<\/h3>\n<p style=\"color: #000;\">Con una amplia experiencia en el sector farmac\u00e9utico y un modelo de negocio completamente vertical, podemos ofrecer a nuestros socios seguridad y confianza. Adem\u00e1s, ayudamos a nuestros clientes proporcionando apoyo completo desde actividades reguladoras hasta actividades de pre y post-marketing.<\/p>\n<p>[\/et_pb_text][et_pb_text disabled_on=\u00bbon|on|on\u00bb admin_label=\u00bbVALORES + TXT\u00bb _builder_version=\u00bb4.19.4&#8243; _module_preset=\u00bbdefault\u00bb header_2_font_size=\u00bb24px\u00bb custom_css_main_element=\u00bbfont-family: %22Work Sans%22,arial,sans-serif;\u00bb disabled=\u00bbon\u00bb global_colors_info=\u00bb{}\u00bb]<\/p>\n<h2 style=\"color: #083c71;\">\u2022 VALORES<\/h2>\n<h3 style=\"color: #083c71;\"> Eficiencia<\/h3>\n<p style=\"color: #000;\">Nuestra planta de producci\u00f3n, caracterizada por estar altamente automatizada y con un nivel m\u00ednimo de manipulaci\u00f3n, conlleva un riesgo extremadamente bajo de incidencias y problemas de calidad, y una capacidad de producci\u00f3n de millones de unidades. Junto con la profesionalidad de nuestro equipo, altamente orientado al servicio, nos permite ofrecer a nuestros clientes flexibilidad y una r\u00e1pida capacidad de reacci\u00f3n, sin comprometer la calidad de nuestros productos.<\/p>\n<h3 style=\"color: #083c71;\">Excelencia<\/h3>\n<p style=\"color: #000;\">Somos profesionales y precisos, buscando constantemente la mejora continua. Seguimos las normas farmac\u00e9uticas GMP y cumplimos las principales ISO europeas. Todos nuestros productos cuentan con certificaciones t\u00e9cnicas de las autoridades correspondientes.<\/p>\n<h3 style=\"color: #083c71;\">Fiabilidad<\/h3>\n<p style=\"color: #000;\">Con una amplia experiencia en el sector farmac\u00e9utico y un modelo de negocio completamente vertical, podemos ofrecer a nuestros socios seguridad y confianza. Adem\u00e1s, ayudamos a nuestros clientes proporcionando apoyo completo desde actividades reguladoras hasta actividades de pre y post-marketing.<\/p>\n<p>[\/et_pb_text][\/et_pb_column][\/et_pb_row][et_pb_row column_structure=\u00bb1_2,1_2&#8243; module_class=\u00bbcaja_imagen_about\u00bb _builder_version=\u00bb4.19.4&#8243; _module_preset=\u00bbdefault\u00bb custom_padding=\u00bb||0px||false|false\u00bb global_colors_info=\u00bb{}\u00bb][et_pb_column type=\u00bb1_2&#8243; _builder_version=\u00bb4.19.4&#8243; _module_preset=\u00bbdefault\u00bb global_colors_info=\u00bb{}\u00bb][et_pb_text admin_label=\u00bbImagen 2&#8243; module_class=\u00bbcaja_imagen_dos\u00bb _builder_version=\u00bb4.19.4&#8243; _module_preset=\u00bbdefault\u00bb global_colors_info=\u00bb{}\u00bb]<img loading=\"lazy\" decoding=\"async\" src=\"https:\/\/www.stepharmaceuticals.com\/wp-content\/uploads\/2023\/01\/about2.png\" width=\"234\" height=\"234\" alt=\"\" class=\"wp-image-244 alignnone size-full\" srcset=\"https:\/\/www.stepharmaceuticals.com\/wp-content\/uploads\/2023\/01\/about2.png 234w, https:\/\/www.stepharmaceuticals.com\/wp-content\/uploads\/2023\/01\/about2-150x150.png 150w\" sizes=\"(max-width: 234px) 100vw, 234px\" \/>[\/et_pb_text][\/et_pb_column][et_pb_column type=\u00bb1_2&#8243; _builder_version=\u00bb4.19.4&#8243; _module_preset=\u00bbdefault\u00bb global_colors_info=\u00bb{}\u00bb][\/et_pb_column][\/et_pb_row][\/et_pb_section]<\/p>\n","protected":false},"excerpt":{"rendered":"<p>Sobre NosotrosNUESTRA FILOSOF\u00cdA NUESTRA HISTORIA NUESTRA PRESENCIA INTERNACIONAL NUESTRA PLANTA PILOTO NUESTRA PLANTA DE PRODUCCI\u00d3NNUESTRA FILOSOF\u00cdAEstamos preparadospara el futuro\u2022 MISI\u00d3NSTE Pharmaceuticals tiene como objetivo investigar y desarrollar constantemente productos innovadores para su marca con el fin de mejorar la salud y la calidad de vida de las personas, mediante una colaboraci\u00f3n profesional, fiable y duradera [&hellip;]<\/p>\n","protected":false},"author":1,"featured_media":0,"parent":0,"menu_order":0,"comment_status":"closed","ping_status":"closed","template":"","meta":{"_et_pb_use_builder":"on","_et_pb_old_content":"","_et_gb_content_width":"","footnotes":""},"class_list":["post-1366","page","type-page","status-publish","hentry"],"_links":{"self":[{"href":"https:\/\/www.stepharmaceuticals.com\/es\/wp-json\/wp\/v2\/pages\/1366","targetHints":{"allow":["GET"]}}],"collection":[{"href":"https:\/\/www.stepharmaceuticals.com\/es\/wp-json\/wp\/v2\/pages"}],"about":[{"href":"https:\/\/www.stepharmaceuticals.com\/es\/wp-json\/wp\/v2\/types\/page"}],"author":[{"embeddable":true,"href":"https:\/\/www.stepharmaceuticals.com\/es\/wp-json\/wp\/v2\/users\/1"}],"replies":[{"embeddable":true,"href":"https:\/\/www.stepharmaceuticals.com\/es\/wp-json\/wp\/v2\/comments?post=1366"}],"version-history":[{"count":13,"href":"https:\/\/www.stepharmaceuticals.com\/es\/wp-json\/wp\/v2\/pages\/1366\/revisions"}],"predecessor-version":[{"id":3140,"href":"https:\/\/www.stepharmaceuticals.com\/es\/wp-json\/wp\/v2\/pages\/1366\/revisions\/3140"}],"wp:attachment":[{"href":"https:\/\/www.stepharmaceuticals.com\/es\/wp-json\/wp\/v2\/media?parent=1366"}],"curies":[{"name":"wp","href":"https:\/\/api.w.org\/{rel}","templated":true}]}}